{"id":5841,"date":"2025-09-24T19:44:32","date_gmt":"2025-09-24T19:44:32","guid":{"rendered":"https:\/\/modest-napier.216-250-124-103.plesk.page\/index.php\/producto\/pasta-dental-sin-fluor-sabor-hierbabuena-c-70-gr-family-natur-all-eliminado\/"},"modified":"2025-09-24T19:44:33","modified_gmt":"2025-09-24T19:44:33","slug":"pasta-dental-sin-fluor-sabor-hierbabuena-c-70-gr-family-natur-all-eliminado","status":"publish","type":"product","link":"https:\/\/modest-napier.216-250-124-103.plesk.page\/index.php\/producto\/pasta-dental-sin-fluor-sabor-hierbabuena-c-70-gr-family-natur-all-eliminado\/","title":{"rendered":"PASTA DENTAL SIN FLUOR SABOR HIERBABUENA C\/70 GR FAMILY NATUR-ALL (ELIMINADO)"},"content":{"rendered":"<p data-mce-fragment=\"1\"><strong data-mce-fragment=\"1\">Descripci\u00f3n:<\/strong><\/p>\n<div dir=\"auto\" data-mce-fragment=\"1\">\n<p>Pasta dental 100% natural SIN FL\u00daOR y SIN AZ\u00daCAR, apta para toda la familia, con una formulaci\u00f3n cuidada al m\u00ednimo detalle que incluye:<\/p>\n<p>Sabor Menta: Extracto l\u00edquido de Neem, extracto l\u00edquido de Salvia, extracto l\u00edquido de Menta, aceite esencial de Menta y hojas de Stevia.<\/p>\n<\/div>\n<p data-mce-fragment=\"1\"><strong data-mce-fragment=\"1\">Modo de uso:<\/strong><\/p>\n<p data-mce-fragment=\"1\"><span>Usar al cepillar los dientes 3 veces al\u00a0<\/span>d\u00eda<\/p>\n<p data-mce-fragment=\"1\"><strong data-mce-fragment=\"1\">Contenido:<\/strong><\/p>\n<p data-mce-fragment=\"1\">70 GRS<\/p>\n","protected":false},"excerpt":{"rendered":"<p>Descripci\u00f3n: Pasta dental 100% natural SIN FL\u00daOR y SIN AZ\u00daCAR, apta para toda la familia, con una formulaci\u00f3n cuidada al m\u00ednimo detalle que incluye: Sabor Menta: Extracto l\u00edquido de Neem, [&hellip;]<\/p>\n","protected":false},"featured_media":2381,"comment_status":"open","ping_status":"closed","template":"","meta":[],"product_brand":[],"product_cat":[337],"product_tag":[],"class_list":{"0":"post-5841","1":"product","2":"type-product","3":"status-publish","4":"has-post-thumbnail","6":"product_cat-productos","8":"first","9":"outofstock","10":"shipping-taxable","11":"purchasable","12":"product-type-simple"},"_links":{"self":[{"href":"https:\/\/modest-napier.216-250-124-103.plesk.page\/index.php\/wp-json\/wp\/v2\/product\/5841","targetHints":{"allow":["GET"]}}],"collection":[{"href":"https:\/\/modest-napier.216-250-124-103.plesk.page\/index.php\/wp-json\/wp\/v2\/product"}],"about":[{"href":"https:\/\/modest-napier.216-250-124-103.plesk.page\/index.php\/wp-json\/wp\/v2\/types\/product"}],"replies":[{"embeddable":true,"href":"https:\/\/modest-napier.216-250-124-103.plesk.page\/index.php\/wp-json\/wp\/v2\/comments?post=5841"}],"wp:featuredmedia":[{"embeddable":true,"href":"https:\/\/modest-napier.216-250-124-103.plesk.page\/index.php\/wp-json\/wp\/v2\/media\/2381"}],"wp:attachment":[{"href":"https:\/\/modest-napier.216-250-124-103.plesk.page\/index.php\/wp-json\/wp\/v2\/media?parent=5841"}],"wp:term":[{"taxonomy":"product_brand","embeddable":true,"href":"https:\/\/modest-napier.216-250-124-103.plesk.page\/index.php\/wp-json\/wp\/v2\/product_brand?post=5841"},{"taxonomy":"product_cat","embeddable":true,"href":"https:\/\/modest-napier.216-250-124-103.plesk.page\/index.php\/wp-json\/wp\/v2\/product_cat?post=5841"},{"taxonomy":"product_tag","embeddable":true,"href":"https:\/\/modest-napier.216-250-124-103.plesk.page\/index.php\/wp-json\/wp\/v2\/product_tag?post=5841"}],"curies":[{"name":"wp","href":"https:\/\/api.w.org\/{rel}","templated":true}]}}