{"id":5847,"date":"2025-09-24T19:44:40","date_gmt":"2025-09-24T19:44:40","guid":{"rendered":"https:\/\/modest-napier.216-250-124-103.plesk.page\/index.php\/producto\/perlita-verde-anti-estres-con-valeriana-c-100-grs-honey-celaya\/"},"modified":"2025-09-24T20:45:02","modified_gmt":"2025-09-24T20:45:02","slug":"perlita-verde-anti-estres-con-valeriana-c-100-grs-honey-celaya","status":"publish","type":"product","link":"https:\/\/modest-napier.216-250-124-103.plesk.page\/index.php\/producto\/perlita-verde-anti-estres-con-valeriana-c-100-grs-honey-celaya\/","title":{"rendered":"Perlitas Anti-Estr\u00e9s Valeriana 100 g Honey Celaya"},"content":{"rendered":"<p data-mce-fragment=\"1\"><strong data-mce-fragment=\"1\">Descripci\u00f3n:<\/strong><\/p>\n<p>Las <strong>perlitas anti-estr\u00e9s<\/strong> est\u00e1n hechas de caramelo macizo con miel, valeriana, pasiflora, tila, azahar.\u00a0Ideales para relajarse, reducir el cansancio y el estr\u00e9s.<span>\u00a0<\/span><\/p>\n<p data-mce-fragment=\"1\"><strong data-mce-fragment=\"1\">Modo de uso:<\/strong><\/p>\n<p data-mce-fragment=\"1\"><span>Consumir como dulce, de 1 a 3 perlitas cuando presente molestias.<\/span><\/p>\n<p data-mce-fragment=\"1\"><strong data-mce-fragment=\"1\">Contenido:<\/strong><\/p>\n<p data-mce-fragment=\"1\">100 g.<\/p>\n","protected":false},"excerpt":{"rendered":"<p>Descripci\u00f3n: Las perlitas anti-estr\u00e9s est\u00e1n hechas de caramelo macizo con miel, valeriana, pasiflora, tila, azahar.\u00a0Ideales para relajarse, reducir el cansancio y el estr\u00e9s.\u00a0 Modo de uso: Consumir como dulce, de [&hellip;]<\/p>\n","protected":false},"featured_media":2389,"comment_status":"open","ping_status":"closed","template":"","meta":[],"product_brand":[538],"product_cat":[303,306,337,318],"product_tag":[83,78,172,79],"class_list":{"0":"post-5847","1":"product","2":"type-product","3":"status-publish","4":"has-post-thumbnail","6":"product_brand-honey-celaya","7":"product_cat-insomnio-y-ansiedad","8":"product_cat-mieles-dulces-y-endulzantes","9":"product_cat-productos","10":"product_cat-salud","11":"product_tag-miel-de-abeja","12":"product_tag-pasiflora","13":"product_tag-tila","14":"product_tag-valeriana","16":"first","17":"instock","18":"shipping-taxable","19":"purchasable","20":"product-type-simple"},"_links":{"self":[{"href":"https:\/\/modest-napier.216-250-124-103.plesk.page\/index.php\/wp-json\/wp\/v2\/product\/5847","targetHints":{"allow":["GET"]}}],"collection":[{"href":"https:\/\/modest-napier.216-250-124-103.plesk.page\/index.php\/wp-json\/wp\/v2\/product"}],"about":[{"href":"https:\/\/modest-napier.216-250-124-103.plesk.page\/index.php\/wp-json\/wp\/v2\/types\/product"}],"replies":[{"embeddable":true,"href":"https:\/\/modest-napier.216-250-124-103.plesk.page\/index.php\/wp-json\/wp\/v2\/comments?post=5847"}],"wp:featuredmedia":[{"embeddable":true,"href":"https:\/\/modest-napier.216-250-124-103.plesk.page\/index.php\/wp-json\/wp\/v2\/media\/2389"}],"wp:attachment":[{"href":"https:\/\/modest-napier.216-250-124-103.plesk.page\/index.php\/wp-json\/wp\/v2\/media?parent=5847"}],"wp:term":[{"taxonomy":"product_brand","embeddable":true,"href":"https:\/\/modest-napier.216-250-124-103.plesk.page\/index.php\/wp-json\/wp\/v2\/product_brand?post=5847"},{"taxonomy":"product_cat","embeddable":true,"href":"https:\/\/modest-napier.216-250-124-103.plesk.page\/index.php\/wp-json\/wp\/v2\/product_cat?post=5847"},{"taxonomy":"product_tag","embeddable":true,"href":"https:\/\/modest-napier.216-250-124-103.plesk.page\/index.php\/wp-json\/wp\/v2\/product_tag?post=5847"}],"curies":[{"name":"wp","href":"https:\/\/api.w.org\/{rel}","templated":true}]}}