{"id":5848,"date":"2025-09-24T19:44:41","date_gmt":"2025-09-24T19:44:41","guid":{"rendered":"https:\/\/modest-napier.216-250-124-103.plesk.page\/index.php\/producto\/plata-coloidal-ionizada-c-240-ml-naturals-madrid\/"},"modified":"2025-09-24T20:44:14","modified_gmt":"2025-09-24T20:44:14","slug":"plata-coloidal-ionizada-c-240-ml-naturals-madrid","status":"publish","type":"product","link":"https:\/\/modest-napier.216-250-124-103.plesk.page\/index.php\/producto\/plata-coloidal-ionizada-c-240-ml-naturals-madrid\/","title":{"rendered":"Plata Coloidal Ionizada 240 ml Natural&#8217;s Madrid"},"content":{"rendered":"<p data-mce-fragment=\"1\"><strong data-mce-fragment=\"1\">Descripci\u00f3n:<\/strong><\/p>\n<p data-mce-fragment=\"1\"><span data-mce-fragment=\"1\">La <strong>plata coloidal<\/strong> es un antibi\u00f3tico natural de amplio espectro, es un germicida capaz de eliminar cualquier tipo de virus, par\u00e1sito, bacteria, hongo y todo tipo de pat\u00f3geno da\u00f1ino para el organismo. Por otro lado, contrario a los antibi\u00f3ticos convencionales, no destruye la flora intestinal ben\u00e9fica, adem\u00e1s act\u00faa como un segundo sistema inmunol\u00f3gico.<\/span><\/p>\n<p data-mce-fragment=\"1\"><strong data-mce-fragment=\"1\">Modo de uso:<\/strong><\/p>\n<p data-mce-fragment=\"1\">Adultos:\u00a0 tomar una tapa 3 veces al d\u00eda.\u00a0<\/p>\n<p data-mce-fragment=\"1\">Ni\u00f1os: tomar una tapa 2 veces al d\u00eda.\u00a0<\/p>\n<p data-mce-fragment=\"1\">Uso externo: roc\u00ede tres veces al d\u00eda.\u00a0<\/p>\n<p data-mce-fragment=\"1\"><strong data-mce-fragment=\"1\">Contenido:<\/strong><\/p>\n<p data-mce-fragment=\"1\">240 ml.<\/p>\n","protected":false},"excerpt":{"rendered":"<p>Descripci\u00f3n: La plata coloidal es un antibi\u00f3tico natural de amplio espectro, es un germicida capaz de eliminar cualquier tipo de virus, par\u00e1sito, bacteria, hongo y todo tipo de pat\u00f3geno da\u00f1ino [&hellip;]<\/p>\n","protected":false},"featured_media":2390,"comment_status":"open","ping_status":"closed","template":"","meta":[],"product_brand":[412],"product_cat":[289,308,337,318],"product_tag":[257],"class_list":{"0":"post-5848","1":"product","2":"type-product","3":"status-publish","4":"has-post-thumbnail","6":"product_brand-naturals-madrid","7":"product_cat-belleza","8":"product_cat-nutricion","9":"product_cat-productos","10":"product_cat-salud","11":"product_tag-plata-coloidal","13":"first","14":"instock","15":"shipping-taxable","16":"purchasable","17":"product-type-simple"},"_links":{"self":[{"href":"https:\/\/modest-napier.216-250-124-103.plesk.page\/index.php\/wp-json\/wp\/v2\/product\/5848","targetHints":{"allow":["GET"]}}],"collection":[{"href":"https:\/\/modest-napier.216-250-124-103.plesk.page\/index.php\/wp-json\/wp\/v2\/product"}],"about":[{"href":"https:\/\/modest-napier.216-250-124-103.plesk.page\/index.php\/wp-json\/wp\/v2\/types\/product"}],"replies":[{"embeddable":true,"href":"https:\/\/modest-napier.216-250-124-103.plesk.page\/index.php\/wp-json\/wp\/v2\/comments?post=5848"}],"wp:featuredmedia":[{"embeddable":true,"href":"https:\/\/modest-napier.216-250-124-103.plesk.page\/index.php\/wp-json\/wp\/v2\/media\/2390"}],"wp:attachment":[{"href":"https:\/\/modest-napier.216-250-124-103.plesk.page\/index.php\/wp-json\/wp\/v2\/media?parent=5848"}],"wp:term":[{"taxonomy":"product_brand","embeddable":true,"href":"https:\/\/modest-napier.216-250-124-103.plesk.page\/index.php\/wp-json\/wp\/v2\/product_brand?post=5848"},{"taxonomy":"product_cat","embeddable":true,"href":"https:\/\/modest-napier.216-250-124-103.plesk.page\/index.php\/wp-json\/wp\/v2\/product_cat?post=5848"},{"taxonomy":"product_tag","embeddable":true,"href":"https:\/\/modest-napier.216-250-124-103.plesk.page\/index.php\/wp-json\/wp\/v2\/product_tag?post=5848"}],"curies":[{"name":"wp","href":"https:\/\/api.w.org\/{rel}","templated":true}]}}