{"id":5849,"date":"2025-09-24T19:44:44","date_gmt":"2025-09-24T19:44:44","guid":{"rendered":"https:\/\/modest-napier.216-250-124-103.plesk.page\/index.php\/producto\/polvo-acido-hialuronico-c-colageno-blueberry-1-100-kg-ypenza\/"},"modified":"2025-09-24T20:47:22","modified_gmt":"2025-09-24T20:47:22","slug":"polvo-acido-hialuronico-c-colageno-blueberry-1-100-kg-ypenza","status":"publish","type":"product","link":"https:\/\/modest-napier.216-250-124-103.plesk.page\/index.php\/producto\/polvo-acido-hialuronico-c-colageno-blueberry-1-100-kg-ypenza\/","title":{"rendered":"Polvo \u00c1cido Hialur\u00f3nico con Col\u00e1geno 1.1 kg Ypenza"},"content":{"rendered":"<p data-mce-fragment=\"1\"><strong data-mce-fragment=\"1\">Descripci\u00f3n:<\/strong><\/p>\n<p data-mce-fragment=\"1\">El <strong>suplemento en polvo de \u00e1cido hialur\u00f3nico con col\u00e1geno<\/strong> provee hidrataci\u00f3n para piel cabello y u\u00f1as, regenerador de piel evita la aparici\u00f3n de arrugas retardando el envejecimiento, ayuda en la ca\u00edda del cabello y crecimiento de u\u00f1as. Tiene potencial regenerador, contribuye en la eliminaci\u00f3n de radicales libres, Es un gran amortiguador de los golpes, tiene un papel estructural en los cart\u00edlagos y articulaciones lubricandolas.<\/p>\n<p data-mce-fragment=\"1\"><strong data-mce-fragment=\"1\">Modo de uso:<\/strong><\/p>\n<p data-mce-fragment=\"1\">Disolver 2 cucharadas del polvo en un vaso de agua fr\u00eda o caliente, 1 vez al d\u00eda.<\/p>\n<p data-mce-fragment=\"1\"><strong data-mce-fragment=\"1\">Contenido:<\/strong><\/p>\n<p data-mce-fragment=\"1\">1.100 kg.<\/p>\n","protected":false},"excerpt":{"rendered":"<p>Descripci\u00f3n: El suplemento en polvo de \u00e1cido hialur\u00f3nico con col\u00e1geno provee hidrataci\u00f3n para piel cabello y u\u00f1as, regenerador de piel evita la aparici\u00f3n de arrugas retardando el envejecimiento, ayuda en [&hellip;]<\/p>\n","protected":false},"featured_media":2391,"comment_status":"open","ping_status":"closed","template":"","meta":[],"product_brand":[414],"product_cat":[295,337,318],"product_tag":[105,77],"class_list":{"0":"post-5849","1":"product","2":"type-product","3":"status-publish","4":"has-post-thumbnail","6":"product_brand-ypenza","7":"product_cat-cuidado-del-cabello","8":"product_cat-productos","9":"product_cat-salud","10":"product_tag-acido-hialuronico","11":"product_tag-colageno","13":"first","14":"instock","15":"shipping-taxable","16":"purchasable","17":"product-type-simple"},"_links":{"self":[{"href":"https:\/\/modest-napier.216-250-124-103.plesk.page\/index.php\/wp-json\/wp\/v2\/product\/5849","targetHints":{"allow":["GET"]}}],"collection":[{"href":"https:\/\/modest-napier.216-250-124-103.plesk.page\/index.php\/wp-json\/wp\/v2\/product"}],"about":[{"href":"https:\/\/modest-napier.216-250-124-103.plesk.page\/index.php\/wp-json\/wp\/v2\/types\/product"}],"replies":[{"embeddable":true,"href":"https:\/\/modest-napier.216-250-124-103.plesk.page\/index.php\/wp-json\/wp\/v2\/comments?post=5849"}],"wp:featuredmedia":[{"embeddable":true,"href":"https:\/\/modest-napier.216-250-124-103.plesk.page\/index.php\/wp-json\/wp\/v2\/media\/2391"}],"wp:attachment":[{"href":"https:\/\/modest-napier.216-250-124-103.plesk.page\/index.php\/wp-json\/wp\/v2\/media?parent=5849"}],"wp:term":[{"taxonomy":"product_brand","embeddable":true,"href":"https:\/\/modest-napier.216-250-124-103.plesk.page\/index.php\/wp-json\/wp\/v2\/product_brand?post=5849"},{"taxonomy":"product_cat","embeddable":true,"href":"https:\/\/modest-napier.216-250-124-103.plesk.page\/index.php\/wp-json\/wp\/v2\/product_cat?post=5849"},{"taxonomy":"product_tag","embeddable":true,"href":"https:\/\/modest-napier.216-250-124-103.plesk.page\/index.php\/wp-json\/wp\/v2\/product_tag?post=5849"}],"curies":[{"name":"wp","href":"https:\/\/api.w.org\/{rel}","templated":true}]}}