{"id":5850,"date":"2025-09-24T19:44:45","date_gmt":"2025-09-24T19:44:45","guid":{"rendered":"https:\/\/modest-napier.216-250-124-103.plesk.page\/index.php\/producto\/polvo-ajo-negro-c-1100-kg-natural-life\/"},"modified":"2025-09-24T20:44:28","modified_gmt":"2025-09-24T20:44:28","slug":"polvo-ajo-negro-c-1-100-kg-natural-life","status":"publish","type":"product","link":"https:\/\/modest-napier.216-250-124-103.plesk.page\/index.php\/producto\/polvo-ajo-negro-c-1-100-kg-natural-life\/","title":{"rendered":"Ajo Negro en Polvo 1.1 kg Natural Life"},"content":{"rendered":"<p data-mce-fragment=\"1\"><span data-mce-fragment=\"1\">El <strong>suplemento de ajo negro en polvo<\/strong> p<\/span>reviene artritis, asma, bronquitis y dem\u00e1s infecciones respiratorias. Controla la presi\u00f3n arterial y previene la aparici\u00f3n de \u00falceras g\u00e1stricas.<strong data-mce-fragment=\"1\"><\/strong><\/p>\n","protected":false},"excerpt":{"rendered":"<p>El suplemento de ajo negro en polvo previene artritis, asma, bronquitis y dem\u00e1s infecciones respiratorias. Controla la presi\u00f3n arterial y previene la aparici\u00f3n de \u00falceras g\u00e1stricas.<\/p>\n","protected":false},"featured_media":2392,"comment_status":"open","ping_status":"closed","template":"","meta":[],"product_brand":[345],"product_cat":[285,308,337,318],"product_tag":[75],"class_list":{"0":"post-5850","1":"product","2":"type-product","3":"status-publish","4":"has-post-thumbnail","6":"product_brand-natural-life","7":"product_cat-ajo-negro","8":"product_cat-nutricion","9":"product_cat-productos","10":"product_cat-salud","11":"product_tag-ajo-negro","13":"first","14":"instock","15":"shipping-taxable","16":"purchasable","17":"product-type-simple"},"_links":{"self":[{"href":"https:\/\/modest-napier.216-250-124-103.plesk.page\/index.php\/wp-json\/wp\/v2\/product\/5850","targetHints":{"allow":["GET"]}}],"collection":[{"href":"https:\/\/modest-napier.216-250-124-103.plesk.page\/index.php\/wp-json\/wp\/v2\/product"}],"about":[{"href":"https:\/\/modest-napier.216-250-124-103.plesk.page\/index.php\/wp-json\/wp\/v2\/types\/product"}],"replies":[{"embeddable":true,"href":"https:\/\/modest-napier.216-250-124-103.plesk.page\/index.php\/wp-json\/wp\/v2\/comments?post=5850"}],"wp:featuredmedia":[{"embeddable":true,"href":"https:\/\/modest-napier.216-250-124-103.plesk.page\/index.php\/wp-json\/wp\/v2\/media\/2392"}],"wp:attachment":[{"href":"https:\/\/modest-napier.216-250-124-103.plesk.page\/index.php\/wp-json\/wp\/v2\/media?parent=5850"}],"wp:term":[{"taxonomy":"product_brand","embeddable":true,"href":"https:\/\/modest-napier.216-250-124-103.plesk.page\/index.php\/wp-json\/wp\/v2\/product_brand?post=5850"},{"taxonomy":"product_cat","embeddable":true,"href":"https:\/\/modest-napier.216-250-124-103.plesk.page\/index.php\/wp-json\/wp\/v2\/product_cat?post=5850"},{"taxonomy":"product_tag","embeddable":true,"href":"https:\/\/modest-napier.216-250-124-103.plesk.page\/index.php\/wp-json\/wp\/v2\/product_tag?post=5850"}],"curies":[{"name":"wp","href":"https:\/\/api.w.org\/{rel}","templated":true}]}}