{"id":5851,"date":"2025-09-24T19:44:46","date_gmt":"2025-09-24T19:44:46","guid":{"rendered":"https:\/\/modest-napier.216-250-124-103.plesk.page\/index.php\/producto\/polvo-bebida-de-soya-c-1-kg-dxilou-all-natural\/"},"modified":"2025-09-24T20:44:22","modified_gmt":"2025-09-24T20:44:22","slug":"polvo-bebida-de-soya-c-1-kg-dxilou-all-natural","status":"publish","type":"product","link":"https:\/\/modest-napier.216-250-124-103.plesk.page\/index.php\/producto\/polvo-bebida-de-soya-c-1-kg-dxilou-all-natural\/","title":{"rendered":"Polvo para Bebida de Soya 1 kg D&#8217;Xilou"},"content":{"rendered":"<p data-mce-fragment=\"1\">Conoce la\u00a0<strong>bebida de soya D&#8217;Xilou<\/strong>. Al ser una prote\u00edna de origen vegetal, la leche de soya o soja tiene valores nutricionales como vitaminas y minerales muy beneficiosos para nuestra salud. Ayuda a tener un coraz\u00f3n sano, previene la osteoporosis, reduce los problemas hormonales, cuida el sistema circulatorio y es un producto \u00f3ptimo para personas al\u00e9rgicas o intolerantes a la leche de vaca.<strong data-mce-fragment=\"1\"><\/strong><\/p>\n","protected":false},"excerpt":{"rendered":"<p>Conoce la\u00a0bebida de soya D&#8217;Xilou. Al ser una prote\u00edna de origen vegetal, la leche de soya o soja tiene valores nutricionales como vitaminas y minerales muy beneficiosos para nuestra salud. [&hellip;]<\/p>\n","protected":false},"featured_media":2393,"comment_status":"open","ping_status":"closed","template":"","meta":[],"product_brand":[511],"product_cat":[305,308,337,318],"product_tag":[258],"class_list":{"0":"post-5851","1":"product","2":"type-product","3":"status-publish","4":"has-post-thumbnail","6":"product_brand-dxilou-all-natural","7":"product_cat-leches-vegetales","8":"product_cat-nutricion","9":"product_cat-productos","10":"product_cat-salud","11":"product_tag-soya","13":"first","14":"instock","15":"shipping-taxable","16":"purchasable","17":"product-type-simple"},"_links":{"self":[{"href":"https:\/\/modest-napier.216-250-124-103.plesk.page\/index.php\/wp-json\/wp\/v2\/product\/5851","targetHints":{"allow":["GET"]}}],"collection":[{"href":"https:\/\/modest-napier.216-250-124-103.plesk.page\/index.php\/wp-json\/wp\/v2\/product"}],"about":[{"href":"https:\/\/modest-napier.216-250-124-103.plesk.page\/index.php\/wp-json\/wp\/v2\/types\/product"}],"replies":[{"embeddable":true,"href":"https:\/\/modest-napier.216-250-124-103.plesk.page\/index.php\/wp-json\/wp\/v2\/comments?post=5851"}],"wp:featuredmedia":[{"embeddable":true,"href":"https:\/\/modest-napier.216-250-124-103.plesk.page\/index.php\/wp-json\/wp\/v2\/media\/2393"}],"wp:attachment":[{"href":"https:\/\/modest-napier.216-250-124-103.plesk.page\/index.php\/wp-json\/wp\/v2\/media?parent=5851"}],"wp:term":[{"taxonomy":"product_brand","embeddable":true,"href":"https:\/\/modest-napier.216-250-124-103.plesk.page\/index.php\/wp-json\/wp\/v2\/product_brand?post=5851"},{"taxonomy":"product_cat","embeddable":true,"href":"https:\/\/modest-napier.216-250-124-103.plesk.page\/index.php\/wp-json\/wp\/v2\/product_cat?post=5851"},{"taxonomy":"product_tag","embeddable":true,"href":"https:\/\/modest-napier.216-250-124-103.plesk.page\/index.php\/wp-json\/wp\/v2\/product_tag?post=5851"}],"curies":[{"name":"wp","href":"https:\/\/api.w.org\/{rel}","templated":true}]}}