{"id":5854,"date":"2025-09-24T19:44:51","date_gmt":"2025-09-24T19:44:51","guid":{"rendered":"https:\/\/modest-napier.216-250-124-103.plesk.page\/index.php\/producto\/polvo-cartilago-de-tiburon-1-1-kg-dina\/"},"modified":"2025-09-24T20:47:21","modified_gmt":"2025-09-24T20:47:21","slug":"polvo-cartilago-de-tiburon-1-1-kg-dina","status":"publish","type":"product","link":"https:\/\/modest-napier.216-250-124-103.plesk.page\/index.php\/producto\/polvo-cartilago-de-tiburon-1-1-kg-dina\/","title":{"rendered":"Cart\u00edlago de Tibur\u00f3n en Polvo 1.1 kg Dina"},"content":{"rendered":"<p data-mce-fragment=\"1\"><strong data-mce-fragment=\"1\">Descripci\u00f3n:<\/strong><\/p>\n<p data-mce-fragment=\"1\">El\u00a0<strong>cart\u00edlago de tibur\u00f3n en polvo<\/strong>\u00a0es principalmente utilizado para tratar el c\u00e1ncer. El\u00a0<em>cart\u00edlago de tibur\u00f3n<\/em>\u00a0se utiliza tambi\u00e9n para tratar la artritis, la psoriasis, la cicatrizaci\u00f3n de las heridas, los da\u00f1os en la retina del ojo debido a la diabetes y para la inflamaci\u00f3n del intestino (enteritis).<\/p>\n<p data-mce-fragment=\"1\"><strong data-mce-fragment=\"1\">Modo de uso:<\/strong><\/p>\n<p data-mce-fragment=\"1\">Disolver 2 cucharadas del polvo en 1\/2 vaso de agua o jugo, t\u00f3mese 2 veces al d\u00eda.<\/p>\n<p data-mce-fragment=\"1\"><strong data-mce-fragment=\"1\">Contenido:<\/strong><\/p>\n<p data-mce-fragment=\"1\">1.100 kg.<\/p>\n","protected":false},"excerpt":{"rendered":"<p>Descripci\u00f3n: El\u00a0cart\u00edlago de tibur\u00f3n en polvo\u00a0es principalmente utilizado para tratar el c\u00e1ncer. El\u00a0cart\u00edlago de tibur\u00f3n\u00a0se utiliza tambi\u00e9n para tratar la artritis, la psoriasis, la cicatrizaci\u00f3n de las heridas, los da\u00f1os [&hellip;]<\/p>\n","protected":false},"featured_media":2396,"comment_status":"open","ping_status":"closed","template":"","meta":[],"product_brand":[396],"product_cat":[297,337,318],"product_tag":[194],"class_list":{"0":"post-5854","1":"product","2":"type-product","3":"status-publish","4":"has-post-thumbnail","6":"product_brand-dina","7":"product_cat-dolor-en-articulaciones","8":"product_cat-productos","9":"product_cat-salud","10":"product_tag-cartilago-de-tiburon","12":"first","13":"instock","14":"shipping-taxable","15":"purchasable","16":"product-type-simple"},"_links":{"self":[{"href":"https:\/\/modest-napier.216-250-124-103.plesk.page\/index.php\/wp-json\/wp\/v2\/product\/5854","targetHints":{"allow":["GET"]}}],"collection":[{"href":"https:\/\/modest-napier.216-250-124-103.plesk.page\/index.php\/wp-json\/wp\/v2\/product"}],"about":[{"href":"https:\/\/modest-napier.216-250-124-103.plesk.page\/index.php\/wp-json\/wp\/v2\/types\/product"}],"replies":[{"embeddable":true,"href":"https:\/\/modest-napier.216-250-124-103.plesk.page\/index.php\/wp-json\/wp\/v2\/comments?post=5854"}],"wp:featuredmedia":[{"embeddable":true,"href":"https:\/\/modest-napier.216-250-124-103.plesk.page\/index.php\/wp-json\/wp\/v2\/media\/2396"}],"wp:attachment":[{"href":"https:\/\/modest-napier.216-250-124-103.plesk.page\/index.php\/wp-json\/wp\/v2\/media?parent=5854"}],"wp:term":[{"taxonomy":"product_brand","embeddable":true,"href":"https:\/\/modest-napier.216-250-124-103.plesk.page\/index.php\/wp-json\/wp\/v2\/product_brand?post=5854"},{"taxonomy":"product_cat","embeddable":true,"href":"https:\/\/modest-napier.216-250-124-103.plesk.page\/index.php\/wp-json\/wp\/v2\/product_cat?post=5854"},{"taxonomy":"product_tag","embeddable":true,"href":"https:\/\/modest-napier.216-250-124-103.plesk.page\/index.php\/wp-json\/wp\/v2\/product_tag?post=5854"}],"curies":[{"name":"wp","href":"https:\/\/api.w.org\/{rel}","templated":true}]}}