{"id":5858,"date":"2025-09-24T19:44:55","date_gmt":"2025-09-24T19:44:55","guid":{"rendered":"https:\/\/modest-napier.216-250-124-103.plesk.page\/index.php\/producto\/polvo-citrato-de-magnesio-sabor-naranja-c-500-gr-herbomex\/"},"modified":"2025-09-24T20:43:28","modified_gmt":"2025-09-24T20:43:28","slug":"citrato-de-magnesio-sabor-naranja","status":"publish","type":"product","link":"https:\/\/modest-napier.216-250-124-103.plesk.page\/index.php\/producto\/citrato-de-magnesio-sabor-naranja\/","title":{"rendered":"Citrato de magnesio en polvo sabor naranja 500 g Herbomex"},"content":{"rendered":"<p><strong>Descripci\u00f3n:<\/strong><br \/>El <em>polvo de citrato de magnesio<\/em> ayuda a mantener huesos, m\u00fasculos y sistema nervioso en buen estado, tambi\u00e9n contribuye a tener un sue\u00f1o reparador, a combatir la fatiga y el estre\u00f1imiento a corto plazo.<\/p>\n<p><strong>Modo de uso:<\/strong><br \/>Agregar dos cucharadas en un vaso con agua tibia o fr\u00eda una vez al d\u00eda. Una vez preparada la bebida, consumir al instante.<\/p>\n<p><strong>Contenido:<\/strong><br \/>500 g.<\/p>\n","protected":false},"excerpt":{"rendered":"<p>Descripci\u00f3n:El polvo de citrato de magnesio ayuda a mantener huesos, m\u00fasculos y sistema nervioso en buen estado, tambi\u00e9n contribuye a tener un sue\u00f1o reparador, a combatir la fatiga y el [&hellip;]<\/p>\n","protected":false},"featured_media":2400,"comment_status":"open","ping_status":"closed","template":"","meta":[],"product_brand":[351],"product_cat":[289,307,337,318],"product_tag":[39],"class_list":{"0":"post-5858","1":"product","2":"type-product","3":"status-publish","4":"has-post-thumbnail","6":"product_brand-herbomex","7":"product_cat-belleza","8":"product_cat-nuevos","9":"product_cat-productos","10":"product_cat-salud","11":"product_tag-magnesio","13":"first","14":"instock","15":"shipping-taxable","16":"purchasable","17":"product-type-simple"},"_links":{"self":[{"href":"https:\/\/modest-napier.216-250-124-103.plesk.page\/index.php\/wp-json\/wp\/v2\/product\/5858","targetHints":{"allow":["GET"]}}],"collection":[{"href":"https:\/\/modest-napier.216-250-124-103.plesk.page\/index.php\/wp-json\/wp\/v2\/product"}],"about":[{"href":"https:\/\/modest-napier.216-250-124-103.plesk.page\/index.php\/wp-json\/wp\/v2\/types\/product"}],"replies":[{"embeddable":true,"href":"https:\/\/modest-napier.216-250-124-103.plesk.page\/index.php\/wp-json\/wp\/v2\/comments?post=5858"}],"wp:featuredmedia":[{"embeddable":true,"href":"https:\/\/modest-napier.216-250-124-103.plesk.page\/index.php\/wp-json\/wp\/v2\/media\/2400"}],"wp:attachment":[{"href":"https:\/\/modest-napier.216-250-124-103.plesk.page\/index.php\/wp-json\/wp\/v2\/media?parent=5858"}],"wp:term":[{"taxonomy":"product_brand","embeddable":true,"href":"https:\/\/modest-napier.216-250-124-103.plesk.page\/index.php\/wp-json\/wp\/v2\/product_brand?post=5858"},{"taxonomy":"product_cat","embeddable":true,"href":"https:\/\/modest-napier.216-250-124-103.plesk.page\/index.php\/wp-json\/wp\/v2\/product_cat?post=5858"},{"taxonomy":"product_tag","embeddable":true,"href":"https:\/\/modest-napier.216-250-124-103.plesk.page\/index.php\/wp-json\/wp\/v2\/product_tag?post=5858"}],"curies":[{"name":"wp","href":"https:\/\/api.w.org\/{rel}","templated":true}]}}