{"id":5859,"date":"2025-09-24T19:44:58","date_gmt":"2025-09-24T19:44:58","guid":{"rendered":"https:\/\/modest-napier.216-250-124-103.plesk.page\/index.php\/producto\/polvo-clorofila-c-250-g-sunatura-eliminado\/"},"modified":"2025-09-24T19:44:59","modified_gmt":"2025-09-24T19:44:59","slug":"polvo-clorofila-c-250-g-sunatura-eliminado","status":"publish","type":"product","link":"https:\/\/modest-napier.216-250-124-103.plesk.page\/index.php\/producto\/polvo-clorofila-c-250-g-sunatura-eliminado\/","title":{"rendered":"POLVO CLOROFILA C\/ 250 G SUNATURA (ELIMINADO)"},"content":{"rendered":"<p data-mce-fragment=\"1\"><strong data-mce-fragment=\"1\">Descripci\u00f3n:<\/strong><\/p>\n<ul>\n<li>Ayuda a la oxigenaci\u00f3n y producci\u00f3n de la<a href=\"https:\/\/naterra.com.mx\/product-category\/desintoxicante\/\"><span>\u00a0<\/span>sangre<\/a>.<\/li>\n<li>Previene Anemia.<\/li>\n<li>Limpia y desintoxica al organismo.<\/li>\n<li>Equilibra niveles de glucosa.<\/li>\n<li>Elimina hongos, bacterias y virus.<\/li>\n<li>Previene el c\u00e1ncer.<\/li>\n<li>Fortalece y ayuda al buen funcionamiento del coraz\u00f3n.\u00a0 \u00a0 \u00a0 \u00a0 \u00a0 \u00a0 \u00a0 \u00a0 \u00a0 \u00a0 \u00a0 \u00a0 \u00a0 \u00a0 \u00a0 \u00a0 \u00a0 \u00a0 \u00a0 \u00a0 \u00a0 Su f\u00f3rmula adicionada con Ch\u00eda:<\/li>\n<li>Elimina colesterol. Triglic\u00e9ridos.<\/li>\n<li>Mejora la circulaci\u00f3n, previene la aparici\u00f3n de varices.<\/li>\n<li>Regula la presi\u00f3n arterial.<\/li>\n<li>Disminuye el riesgo de accidente cerebro vascular.<\/li>\n<li>Participa en la regulaci\u00f3n de hormonas.<\/li>\n<\/ul>\n<p data-mce-fragment=\"1\"><strong data-mce-fragment=\"1\">Modo de uso:<\/strong><\/p>\n<p data-mce-fragment=\"1\"><span>Disolver de 1 a 2 cucharadas operas en 1 lt. de agua,<\/span><br \/><span>usar durante el d\u00eda.<\/span><\/p>\n<p data-mce-fragment=\"1\"><strong data-mce-fragment=\"1\">Contenido:<\/strong><\/p>\n<p data-mce-fragment=\"1\">250 GRS.<\/p>\n","protected":false},"excerpt":{"rendered":"<p>Descripci\u00f3n: Ayuda a la oxigenaci\u00f3n y producci\u00f3n de la\u00a0sangre. Previene Anemia. Limpia y desintoxica al organismo. Equilibra niveles de glucosa. Elimina hongos, bacterias y virus. Previene el c\u00e1ncer. Fortalece y [&hellip;]<\/p>\n","protected":false},"featured_media":2401,"comment_status":"open","ping_status":"closed","template":"","meta":[],"product_brand":[],"product_cat":[337],"product_tag":[],"class_list":{"0":"post-5859","1":"product","2":"type-product","3":"status-publish","4":"has-post-thumbnail","6":"product_cat-productos","8":"first","9":"outofstock","10":"shipping-taxable","11":"purchasable","12":"product-type-simple"},"_links":{"self":[{"href":"https:\/\/modest-napier.216-250-124-103.plesk.page\/index.php\/wp-json\/wp\/v2\/product\/5859","targetHints":{"allow":["GET"]}}],"collection":[{"href":"https:\/\/modest-napier.216-250-124-103.plesk.page\/index.php\/wp-json\/wp\/v2\/product"}],"about":[{"href":"https:\/\/modest-napier.216-250-124-103.plesk.page\/index.php\/wp-json\/wp\/v2\/types\/product"}],"replies":[{"embeddable":true,"href":"https:\/\/modest-napier.216-250-124-103.plesk.page\/index.php\/wp-json\/wp\/v2\/comments?post=5859"}],"wp:featuredmedia":[{"embeddable":true,"href":"https:\/\/modest-napier.216-250-124-103.plesk.page\/index.php\/wp-json\/wp\/v2\/media\/2401"}],"wp:attachment":[{"href":"https:\/\/modest-napier.216-250-124-103.plesk.page\/index.php\/wp-json\/wp\/v2\/media?parent=5859"}],"wp:term":[{"taxonomy":"product_brand","embeddable":true,"href":"https:\/\/modest-napier.216-250-124-103.plesk.page\/index.php\/wp-json\/wp\/v2\/product_brand?post=5859"},{"taxonomy":"product_cat","embeddable":true,"href":"https:\/\/modest-napier.216-250-124-103.plesk.page\/index.php\/wp-json\/wp\/v2\/product_cat?post=5859"},{"taxonomy":"product_tag","embeddable":true,"href":"https:\/\/modest-napier.216-250-124-103.plesk.page\/index.php\/wp-json\/wp\/v2\/product_tag?post=5859"}],"curies":[{"name":"wp","href":"https:\/\/api.w.org\/{rel}","templated":true}]}}