{"id":5866,"date":"2025-09-24T19:45:14","date_gmt":"2025-09-24T19:45:14","guid":{"rendered":"https:\/\/modest-napier.216-250-124-103.plesk.page\/index.php\/producto\/polvo-depura-fit-ajo-negro-con-nopal-c-50-g-gemas\/"},"modified":"2025-09-24T20:43:25","modified_gmt":"2025-09-24T20:43:25","slug":"depura-fit-ajo-negro-nopal","status":"publish","type":"product","link":"https:\/\/modest-napier.216-250-124-103.plesk.page\/index.php\/producto\/depura-fit-ajo-negro-nopal\/","title":{"rendered":"Polvo Depura-Fit Ajo negro Nopal 50 g Gema&#8217;s"},"content":{"rendered":"<p><span data-sheets-root=\"1\">El suplemento en polvo <strong>Depura-Fit con ajo negro y nopal<\/strong> es un antioxidante natural, rico en fibra y compuestos bioactivos que ayudan al metabolismo de la glucosa y al bienestar general del sistema digestivo, incluyendo los procesos de digesti\u00f3n, absorci\u00f3n de nutrientes y eliminaci\u00f3n de desechos.<\/span><span data-sheets-root=\"1\"><br \/><\/span><\/p>\n","protected":false},"excerpt":{"rendered":"<p>El suplemento en polvo Depura-Fit con ajo negro y nopal es un antioxidante natural, rico en fibra y compuestos bioactivos que ayudan al metabolismo de la glucosa y al bienestar [&hellip;]<\/p>\n","protected":false},"featured_media":5879,"comment_status":"open","ping_status":"closed","template":"","meta":[],"product_brand":[492],"product_cat":[],"product_tag":[75,98],"class_list":{"0":"post-5866","1":"product","2":"type-product","3":"status-publish","4":"has-post-thumbnail","6":"product_brand-gemas","7":"product_tag-ajo-negro","8":"product_tag-nopal","10":"first","11":"instock","12":"shipping-taxable","13":"purchasable","14":"product-type-simple"},"_links":{"self":[{"href":"https:\/\/modest-napier.216-250-124-103.plesk.page\/index.php\/wp-json\/wp\/v2\/product\/5866","targetHints":{"allow":["GET"]}}],"collection":[{"href":"https:\/\/modest-napier.216-250-124-103.plesk.page\/index.php\/wp-json\/wp\/v2\/product"}],"about":[{"href":"https:\/\/modest-napier.216-250-124-103.plesk.page\/index.php\/wp-json\/wp\/v2\/types\/product"}],"replies":[{"embeddable":true,"href":"https:\/\/modest-napier.216-250-124-103.plesk.page\/index.php\/wp-json\/wp\/v2\/comments?post=5866"}],"wp:featuredmedia":[{"embeddable":true,"href":"https:\/\/modest-napier.216-250-124-103.plesk.page\/index.php\/wp-json\/wp\/v2\/media\/5879"}],"wp:attachment":[{"href":"https:\/\/modest-napier.216-250-124-103.plesk.page\/index.php\/wp-json\/wp\/v2\/media?parent=5866"}],"wp:term":[{"taxonomy":"product_brand","embeddable":true,"href":"https:\/\/modest-napier.216-250-124-103.plesk.page\/index.php\/wp-json\/wp\/v2\/product_brand?post=5866"},{"taxonomy":"product_cat","embeddable":true,"href":"https:\/\/modest-napier.216-250-124-103.plesk.page\/index.php\/wp-json\/wp\/v2\/product_cat?post=5866"},{"taxonomy":"product_tag","embeddable":true,"href":"https:\/\/modest-napier.216-250-124-103.plesk.page\/index.php\/wp-json\/wp\/v2\/product_tag?post=5866"}],"curies":[{"name":"wp","href":"https:\/\/api.w.org\/{rel}","templated":true}]}}