{"id":5868,"date":"2025-09-24T19:45:16","date_gmt":"2025-09-24T19:45:16","guid":{"rendered":"https:\/\/modest-napier.216-250-124-103.plesk.page\/index.php\/producto\/polvo-inulina-c-330-grs-sunatura\/"},"modified":"2025-09-24T20:46:14","modified_gmt":"2025-09-24T20:46:14","slug":"polvo-inulina-c-330-grs-sunatura","status":"publish","type":"product","link":"https:\/\/modest-napier.216-250-124-103.plesk.page\/index.php\/producto\/polvo-inulina-c-330-grs-sunatura\/","title":{"rendered":"Inulina de Agave en Polvo 330 g Sunatura"},"content":{"rendered":"<p data-mce-fragment=\"1\"><strong data-mce-fragment=\"1\">Descripci\u00f3n:<\/strong><\/p>\n<div data-mce-fragment=\"1\" dir=\"auto\">\n<p>La <strong>inulina<\/strong> es un prebi\u00f3tico natural de alta solubilidad que se extrae del agave azul. esta coadyuva a reducir los microorganismos pat\u00f3genos que se alojan en la<span color=\"#000000\" style=\"color: #000000;\">\u00a0flora intestinal.<\/span><\/p>\n<\/div>\n<p data-mce-fragment=\"1\"><strong data-mce-fragment=\"1\">Modo de uso:<\/strong><\/p>\n<p data-mce-fragment=\"1\"><span>Agregar 1 cucharada (10 gramos aprox.) en un vaso con agua, agregarla a licuados, gelatinas, jugos, yogurt, leche o diluirla en una botella con agua y beberla en el transcurso del d\u00eda.<\/span><\/p>\n<p data-mce-fragment=\"1\"><strong data-mce-fragment=\"1\">Contenido:<\/strong><\/p>\n<p data-mce-fragment=\"1\">330 g.<\/p>\n","protected":false},"excerpt":{"rendered":"<p>Descripci\u00f3n: La inulina es un prebi\u00f3tico natural de alta solubilidad que se extrae del agave azul. esta coadyuva a reducir los microorganismos pat\u00f3genos que se alojan en la\u00a0flora intestinal. Modo [&hellip;]<\/p>\n","protected":false},"featured_media":2410,"comment_status":"open","ping_status":"closed","template":"","meta":[],"product_brand":[514],"product_cat":[337,318,323],"product_tag":[158],"class_list":{"0":"post-5868","1":"product","2":"type-product","3":"status-publish","4":"has-post-thumbnail","6":"product_brand-kukamonga","7":"product_cat-productos","8":"product_cat-salud","9":"product_cat-salud-intestinal","10":"product_tag-inulina","12":"first","13":"instock","14":"shipping-taxable","15":"purchasable","16":"product-type-simple"},"_links":{"self":[{"href":"https:\/\/modest-napier.216-250-124-103.plesk.page\/index.php\/wp-json\/wp\/v2\/product\/5868","targetHints":{"allow":["GET"]}}],"collection":[{"href":"https:\/\/modest-napier.216-250-124-103.plesk.page\/index.php\/wp-json\/wp\/v2\/product"}],"about":[{"href":"https:\/\/modest-napier.216-250-124-103.plesk.page\/index.php\/wp-json\/wp\/v2\/types\/product"}],"replies":[{"embeddable":true,"href":"https:\/\/modest-napier.216-250-124-103.plesk.page\/index.php\/wp-json\/wp\/v2\/comments?post=5868"}],"wp:featuredmedia":[{"embeddable":true,"href":"https:\/\/modest-napier.216-250-124-103.plesk.page\/index.php\/wp-json\/wp\/v2\/media\/2410"}],"wp:attachment":[{"href":"https:\/\/modest-napier.216-250-124-103.plesk.page\/index.php\/wp-json\/wp\/v2\/media?parent=5868"}],"wp:term":[{"taxonomy":"product_brand","embeddable":true,"href":"https:\/\/modest-napier.216-250-124-103.plesk.page\/index.php\/wp-json\/wp\/v2\/product_brand?post=5868"},{"taxonomy":"product_cat","embeddable":true,"href":"https:\/\/modest-napier.216-250-124-103.plesk.page\/index.php\/wp-json\/wp\/v2\/product_cat?post=5868"},{"taxonomy":"product_tag","embeddable":true,"href":"https:\/\/modest-napier.216-250-124-103.plesk.page\/index.php\/wp-json\/wp\/v2\/product_tag?post=5868"}],"curies":[{"name":"wp","href":"https:\/\/api.w.org\/{rel}","templated":true}]}}