{"id":5870,"date":"2025-09-24T19:45:19","date_gmt":"2025-09-24T19:45:19","guid":{"rendered":"https:\/\/modest-napier.216-250-124-103.plesk.page\/index.php\/producto\/polvo-jengibre-100-natural-bolsa-c-120g-natural-life\/"},"modified":"2025-09-24T20:43:38","modified_gmt":"2025-09-24T20:43:38","slug":"jengibre-polvo-natural-life","status":"publish","type":"product","link":"https:\/\/modest-napier.216-250-124-103.plesk.page\/index.php\/producto\/jengibre-polvo-natural-life\/","title":{"rendered":"Polvo de Jengibre 100% Natural 120 g Natural Life"},"content":{"rendered":"<p><strong>Descripci\u00f3n:<\/strong><br data-mce-fragment=\"1\">El suplemento de <strong>jengibre en polvo<\/strong> ayuda a la digesti\u00f3n, a reducir las n\u00e1useas y a combatir la gripe y el resfriado com\u00fan. Acelera el metabolismo y fortalece el sistema inmunol\u00f3gico.<\/p>\n<p><strong>Modo de uso:<\/strong><br data-mce-fragment=\"1\">Cocer dos o tres cucharadas en medio litro de agua y tomarlo diariamente.<\/p>\n<p><strong>Contenido:<\/strong><br data-mce-fragment=\"1\">120 gr.<\/p>\n","protected":false},"excerpt":{"rendered":"<p>Descripci\u00f3n:El suplemento de jengibre en polvo ayuda a la digesti\u00f3n, a reducir las n\u00e1useas y a combatir la gripe y el resfriado com\u00fan. Acelera el metabolismo y fortalece el sistema [&hellip;]<\/p>\n","protected":false},"featured_media":2411,"comment_status":"open","ping_status":"closed","template":"","meta":[],"product_brand":[345],"product_cat":[308,337,318],"product_tag":[136],"class_list":{"0":"post-5870","1":"product","2":"type-product","3":"status-publish","4":"has-post-thumbnail","6":"product_brand-natural-life","7":"product_cat-nutricion","8":"product_cat-productos","9":"product_cat-salud","10":"product_tag-jengibre","12":"first","13":"instock","14":"shipping-taxable","15":"purchasable","16":"product-type-simple"},"_links":{"self":[{"href":"https:\/\/modest-napier.216-250-124-103.plesk.page\/index.php\/wp-json\/wp\/v2\/product\/5870","targetHints":{"allow":["GET"]}}],"collection":[{"href":"https:\/\/modest-napier.216-250-124-103.plesk.page\/index.php\/wp-json\/wp\/v2\/product"}],"about":[{"href":"https:\/\/modest-napier.216-250-124-103.plesk.page\/index.php\/wp-json\/wp\/v2\/types\/product"}],"replies":[{"embeddable":true,"href":"https:\/\/modest-napier.216-250-124-103.plesk.page\/index.php\/wp-json\/wp\/v2\/comments?post=5870"}],"wp:featuredmedia":[{"embeddable":true,"href":"https:\/\/modest-napier.216-250-124-103.plesk.page\/index.php\/wp-json\/wp\/v2\/media\/2411"}],"wp:attachment":[{"href":"https:\/\/modest-napier.216-250-124-103.plesk.page\/index.php\/wp-json\/wp\/v2\/media?parent=5870"}],"wp:term":[{"taxonomy":"product_brand","embeddable":true,"href":"https:\/\/modest-napier.216-250-124-103.plesk.page\/index.php\/wp-json\/wp\/v2\/product_brand?post=5870"},{"taxonomy":"product_cat","embeddable":true,"href":"https:\/\/modest-napier.216-250-124-103.plesk.page\/index.php\/wp-json\/wp\/v2\/product_cat?post=5870"},{"taxonomy":"product_tag","embeddable":true,"href":"https:\/\/modest-napier.216-250-124-103.plesk.page\/index.php\/wp-json\/wp\/v2\/product_tag?post=5870"}],"curies":[{"name":"wp","href":"https:\/\/api.w.org\/{rel}","templated":true}]}}