{"id":5871,"date":"2025-09-24T19:45:21","date_gmt":"2025-09-24T19:45:21","guid":{"rendered":"https:\/\/modest-napier.216-250-124-103.plesk.page\/index.php\/producto\/polvo-leche-alpiste-moringa-y-manzana-500-gr-dina\/"},"modified":"2025-09-24T20:47:21","modified_gmt":"2025-09-24T20:47:21","slug":"polvo-leche-alpiste-moringa-y-manzana-500-gr-dina","status":"publish","type":"product","link":"https:\/\/modest-napier.216-250-124-103.plesk.page\/index.php\/producto\/polvo-leche-alpiste-moringa-y-manzana-500-gr-dina\/","title":{"rendered":"Polvo Leche Alpiste Moringa y Manzana 500 g Dina"},"content":{"rendered":"<p data-mce-fragment=\"1\"><span data-mce-fragment=\"1\">El polvo para preparar leche de alpiste e<\/span>stimula el metabolismo y acelera los procesos digestivos gracias a su gran contenido enzim\u00e1tico, tiene acci\u00f3n hipolipemiante: reduce grasas, colesterol en sangre y es anti-inflamatoria: ayuda con las funciones hep\u00e1ticas y pancre\u00e1ticas y es unregenerador pancre\u00e1tico inmenso.<strong data-mce-fragment=\"1\"><\/strong><\/p>\n<p data-mce-fragment=\"1\"><\/p>\n","protected":false},"excerpt":{"rendered":"<p>El polvo para preparar leche de alpiste estimula el metabolismo y acelera los procesos digestivos gracias a su gran contenido enzim\u00e1tico, tiene acci\u00f3n hipolipemiante: reduce grasas, colesterol en sangre y [&hellip;]<\/p>\n","protected":false},"featured_media":2412,"comment_status":"open","ping_status":"closed","template":"","meta":[],"product_brand":[396],"product_cat":[305,308,337],"product_tag":[113,49],"class_list":{"0":"post-5871","1":"product","2":"type-product","3":"status-publish","4":"has-post-thumbnail","6":"product_brand-dina","7":"product_cat-leches-vegetales","8":"product_cat-nutricion","9":"product_cat-productos","10":"product_tag-alpiste","11":"product_tag-moringa","13":"first","14":"outofstock","15":"shipping-taxable","16":"purchasable","17":"product-type-simple"},"_links":{"self":[{"href":"https:\/\/modest-napier.216-250-124-103.plesk.page\/index.php\/wp-json\/wp\/v2\/product\/5871","targetHints":{"allow":["GET"]}}],"collection":[{"href":"https:\/\/modest-napier.216-250-124-103.plesk.page\/index.php\/wp-json\/wp\/v2\/product"}],"about":[{"href":"https:\/\/modest-napier.216-250-124-103.plesk.page\/index.php\/wp-json\/wp\/v2\/types\/product"}],"replies":[{"embeddable":true,"href":"https:\/\/modest-napier.216-250-124-103.plesk.page\/index.php\/wp-json\/wp\/v2\/comments?post=5871"}],"wp:featuredmedia":[{"embeddable":true,"href":"https:\/\/modest-napier.216-250-124-103.plesk.page\/index.php\/wp-json\/wp\/v2\/media\/2412"}],"wp:attachment":[{"href":"https:\/\/modest-napier.216-250-124-103.plesk.page\/index.php\/wp-json\/wp\/v2\/media?parent=5871"}],"wp:term":[{"taxonomy":"product_brand","embeddable":true,"href":"https:\/\/modest-napier.216-250-124-103.plesk.page\/index.php\/wp-json\/wp\/v2\/product_brand?post=5871"},{"taxonomy":"product_cat","embeddable":true,"href":"https:\/\/modest-napier.216-250-124-103.plesk.page\/index.php\/wp-json\/wp\/v2\/product_cat?post=5871"},{"taxonomy":"product_tag","embeddable":true,"href":"https:\/\/modest-napier.216-250-124-103.plesk.page\/index.php\/wp-json\/wp\/v2\/product_tag?post=5871"}],"curies":[{"name":"wp","href":"https:\/\/api.w.org\/{rel}","templated":true}]}}