{"id":5872,"date":"2025-09-24T19:45:22","date_gmt":"2025-09-24T19:45:22","guid":{"rendered":"https:\/\/modest-napier.216-250-124-103.plesk.page\/index.php\/producto\/polvo-leche-de-alpiste-moringa-alcachofa-y-papaya-500-gr-dina\/"},"modified":"2025-09-24T20:47:20","modified_gmt":"2025-09-24T20:47:20","slug":"polvo-leche-de-alpiste-moringa-alcachofa-y-papaya-500-gr-dina","status":"publish","type":"product","link":"https:\/\/modest-napier.216-250-124-103.plesk.page\/index.php\/producto\/polvo-leche-de-alpiste-moringa-alcachofa-y-papaya-500-gr-dina\/","title":{"rendered":"Polvo para preparar Leche de Alpiste 500 g Dina"},"content":{"rendered":"<p data-mce-fragment=\"1\">Excelente fuente de antioxidantes, los cuales previenen el envejecimiento y el desgaste prematuro de la piel, de gran contenido en prote\u00ednas vegetales, las enzimas de esta maravillosa semilla son remedio natural ideal para desinflamar \u00f3rganos internos como el h\u00edgado, los ri\u00f1ones y el p\u00e1ncreas, el alpiste es un regenerador pancre\u00e1tico muy poderoso, ayuda a disipar inflamaci\u00f3n del h\u00edgado y recarga los ri\u00f1ones de enzimas, ayuda a eliminar exceso de l\u00edquidos.<strong data-mce-fragment=\"1\"><\/strong><\/p>\n<p data-mce-fragment=\"1\"><\/p>\n","protected":false},"excerpt":{"rendered":"<p>Excelente fuente de antioxidantes, los cuales previenen el envejecimiento y el desgaste prematuro de la piel, de gran contenido en prote\u00ednas vegetales, las enzimas de esta maravillosa semilla son remedio [&hellip;]<\/p>\n","protected":false},"featured_media":2413,"comment_status":"open","ping_status":"closed","template":"","meta":[],"product_brand":[396],"product_cat":[305,308,337],"product_tag":[],"class_list":{"0":"post-5872","1":"product","2":"type-product","3":"status-publish","4":"has-post-thumbnail","6":"product_brand-dina","7":"product_cat-leches-vegetales","8":"product_cat-nutricion","9":"product_cat-productos","11":"first","12":"outofstock","13":"shipping-taxable","14":"purchasable","15":"product-type-simple"},"_links":{"self":[{"href":"https:\/\/modest-napier.216-250-124-103.plesk.page\/index.php\/wp-json\/wp\/v2\/product\/5872","targetHints":{"allow":["GET"]}}],"collection":[{"href":"https:\/\/modest-napier.216-250-124-103.plesk.page\/index.php\/wp-json\/wp\/v2\/product"}],"about":[{"href":"https:\/\/modest-napier.216-250-124-103.plesk.page\/index.php\/wp-json\/wp\/v2\/types\/product"}],"replies":[{"embeddable":true,"href":"https:\/\/modest-napier.216-250-124-103.plesk.page\/index.php\/wp-json\/wp\/v2\/comments?post=5872"}],"wp:featuredmedia":[{"embeddable":true,"href":"https:\/\/modest-napier.216-250-124-103.plesk.page\/index.php\/wp-json\/wp\/v2\/media\/2413"}],"wp:attachment":[{"href":"https:\/\/modest-napier.216-250-124-103.plesk.page\/index.php\/wp-json\/wp\/v2\/media?parent=5872"}],"wp:term":[{"taxonomy":"product_brand","embeddable":true,"href":"https:\/\/modest-napier.216-250-124-103.plesk.page\/index.php\/wp-json\/wp\/v2\/product_brand?post=5872"},{"taxonomy":"product_cat","embeddable":true,"href":"https:\/\/modest-napier.216-250-124-103.plesk.page\/index.php\/wp-json\/wp\/v2\/product_cat?post=5872"},{"taxonomy":"product_tag","embeddable":true,"href":"https:\/\/modest-napier.216-250-124-103.plesk.page\/index.php\/wp-json\/wp\/v2\/product_tag?post=5872"}],"curies":[{"name":"wp","href":"https:\/\/api.w.org\/{rel}","templated":true}]}}