{"id":5874,"date":"2025-09-24T19:45:25","date_gmt":"2025-09-24T19:45:25","guid":{"rendered":"https:\/\/modest-napier.216-250-124-103.plesk.page\/index.php\/producto\/polvo-linaza-molida-c-500g-cerepak\/"},"modified":"2025-09-24T20:44:02","modified_gmt":"2025-09-24T20:44:02","slug":"polvo-linaza-molida-c-500g-cerepak","status":"publish","type":"product","link":"https:\/\/modest-napier.216-250-124-103.plesk.page\/index.php\/producto\/polvo-linaza-molida-c-500g-cerepak\/","title":{"rendered":"Linaza Molida 500 g Cerepak"},"content":{"rendered":"<p><meta charset=\"utf-8\"><\/p>\n<p><span data-sheets-value='{\"1\":2,\"2\":\"Descripci\u00f3n:n Ayuda a disminuir el riesgo de enfermedades cardiacas bajando niveles de colesterol y trigliceridos, mejora la digestion y el transito intestinal aliviando el estre\u00f1imineto.n.nModo de uso:nnAdicionar dos cucharadas en un vaso con agua, jugo, licuado o con la bebida de su preferencia. nnContenido:nn500 GR\"}' data-sheets-userformat='{\"2\":14913,\"3\":{\"1\":0},\"9\":1,\"12\":0,\"14\":{\"1\":2,\"2\":2173750},\"15\":\"Arial\",\"16\":9}'><strong>Descripci\u00f3n:<\/strong><\/span><\/p>\n<p><span data-sheets-value='{\"1\":2,\"2\":\"Descripci\u00f3n:n Ayuda a disminuir el riesgo de enfermedades cardiacas bajando niveles de colesterol y trigliceridos, mejora la digestion y el transito intestinal aliviando el estre\u00f1imineto.n.nModo de uso:nnAdicionar dos cucharadas en un vaso con agua, jugo, licuado o con la bebida de su preferencia. nnContenido:nn500 GR\"}' data-sheets-userformat='{\"2\":14913,\"3\":{\"1\":0},\"9\":1,\"12\":0,\"14\":{\"1\":2,\"2\":2173750},\"15\":\"Arial\",\"16\":9}'>La <strong>linaza molida<\/strong> ayuda a disminuir el riesgo de enfermedades card\u00edacas al\u00a0disminuir los niveles de colesterol y triglic\u00e9ridos. Mejora la digesti\u00f3n y el tr\u00e1nsito intestinal, aliviando el estre\u00f1imiento.<\/p>\n<p><strong>Modo de uso:<\/strong><\/p>\n<p>Adicionar dos cucharadas en un vaso con agua, jugo, licuado o con la bebida de su preferencia.<\/p>\n<p><strong>Contenido:<\/strong><\/p>\n<p>500\u00a0g.<\/span><\/p>\n","protected":false},"excerpt":{"rendered":"<p>Descripci\u00f3n: La linaza molida ayuda a disminuir el riesgo de enfermedades card\u00edacas al\u00a0disminuir los niveles de colesterol y triglic\u00e9ridos. Mejora la digesti\u00f3n y el tr\u00e1nsito intestinal, aliviando el estre\u00f1imiento. Modo [&hellip;]<\/p>\n","protected":false},"featured_media":2415,"comment_status":"open","ping_status":"closed","template":"","meta":[],"product_brand":[487],"product_cat":[308,337,318,331],"product_tag":[46],"class_list":{"0":"post-5874","1":"product","2":"type-product","3":"status-publish","4":"has-post-thumbnail","6":"product_brand-cerepak","7":"product_cat-nutricion","8":"product_cat-productos","9":"product_cat-salud","10":"product_cat-suplementos-bajar-de-peso","11":"product_tag-linaza","13":"first","14":"outofstock","15":"shipping-taxable","16":"purchasable","17":"product-type-simple"},"_links":{"self":[{"href":"https:\/\/modest-napier.216-250-124-103.plesk.page\/index.php\/wp-json\/wp\/v2\/product\/5874","targetHints":{"allow":["GET"]}}],"collection":[{"href":"https:\/\/modest-napier.216-250-124-103.plesk.page\/index.php\/wp-json\/wp\/v2\/product"}],"about":[{"href":"https:\/\/modest-napier.216-250-124-103.plesk.page\/index.php\/wp-json\/wp\/v2\/types\/product"}],"replies":[{"embeddable":true,"href":"https:\/\/modest-napier.216-250-124-103.plesk.page\/index.php\/wp-json\/wp\/v2\/comments?post=5874"}],"wp:featuredmedia":[{"embeddable":true,"href":"https:\/\/modest-napier.216-250-124-103.plesk.page\/index.php\/wp-json\/wp\/v2\/media\/2415"}],"wp:attachment":[{"href":"https:\/\/modest-napier.216-250-124-103.plesk.page\/index.php\/wp-json\/wp\/v2\/media?parent=5874"}],"wp:term":[{"taxonomy":"product_brand","embeddable":true,"href":"https:\/\/modest-napier.216-250-124-103.plesk.page\/index.php\/wp-json\/wp\/v2\/product_brand?post=5874"},{"taxonomy":"product_cat","embeddable":true,"href":"https:\/\/modest-napier.216-250-124-103.plesk.page\/index.php\/wp-json\/wp\/v2\/product_cat?post=5874"},{"taxonomy":"product_tag","embeddable":true,"href":"https:\/\/modest-napier.216-250-124-103.plesk.page\/index.php\/wp-json\/wp\/v2\/product_tag?post=5874"}],"curies":[{"name":"wp","href":"https:\/\/api.w.org\/{rel}","templated":true}]}}