{"id":5877,"date":"2025-09-24T19:49:42","date_gmt":"2025-09-24T19:49:42","guid":{"rendered":"https:\/\/modest-napier.216-250-124-103.plesk.page\/index.php\/producto\/polvo-matcha-vidanat-super-food-c-50-gr-vidanat\/"},"modified":"2025-09-24T20:43:57","modified_gmt":"2025-09-24T20:43:57","slug":"polvo-matcha-vidanat-super-food-c-50-gr-vidanat","status":"publish","type":"product","link":"https:\/\/modest-napier.216-250-124-103.plesk.page\/index.php\/producto\/polvo-matcha-vidanat-super-food-c-50-gr-vidanat\/","title":{"rendered":"Polvo Matcha Superfood 50 g Vidanat"},"content":{"rendered":"<p><strong>Descripci\u00f3n:\u00a0<\/strong><\/p>\n<p><span data-mce-fragment=\"1\">El <strong>polvo de t\u00e9 matcha<\/strong> a<\/span>celera el metabolismo por lo que ayuda a la p\u00e9rdida de peso, reduce niveles de az\u00facar en sangre, contiene antioxidantes que ayudan bajar niveles de colesterol y triglic\u00e9ridos.<\/p>\n<p><strong>Modo de uso:\u00a0<\/strong><\/p>\n<p>Tomar 1 cucharadita (2.5 g) con su bebida favorita.<\/p>\n<p><strong> Contenido:\u00a0<\/strong><\/p>\n<p>50 g.<\/p>\n","protected":false},"excerpt":{"rendered":"<p>Descripci\u00f3n:\u00a0 El polvo de t\u00e9 matcha acelera el metabolismo por lo que ayuda a la p\u00e9rdida de peso, reduce niveles de az\u00facar en sangre, contiene antioxidantes que ayudan bajar niveles [&hellip;]<\/p>\n","protected":false},"featured_media":2418,"comment_status":"open","ping_status":"closed","template":"","meta":[],"product_brand":[354],"product_cat":[287,337,318],"product_tag":[138],"class_list":{"0":"post-5877","1":"product","2":"type-product","3":"status-publish","4":"has-post-thumbnail","6":"product_brand-vidanat","7":"product_cat-baja-de-peso","8":"product_cat-productos","9":"product_cat-salud","10":"product_tag-te-verde","12":"first","13":"outofstock","14":"shipping-taxable","15":"purchasable","16":"product-type-simple"},"_links":{"self":[{"href":"https:\/\/modest-napier.216-250-124-103.plesk.page\/index.php\/wp-json\/wp\/v2\/product\/5877","targetHints":{"allow":["GET"]}}],"collection":[{"href":"https:\/\/modest-napier.216-250-124-103.plesk.page\/index.php\/wp-json\/wp\/v2\/product"}],"about":[{"href":"https:\/\/modest-napier.216-250-124-103.plesk.page\/index.php\/wp-json\/wp\/v2\/types\/product"}],"replies":[{"embeddable":true,"href":"https:\/\/modest-napier.216-250-124-103.plesk.page\/index.php\/wp-json\/wp\/v2\/comments?post=5877"}],"wp:featuredmedia":[{"embeddable":true,"href":"https:\/\/modest-napier.216-250-124-103.plesk.page\/index.php\/wp-json\/wp\/v2\/media\/2418"}],"wp:attachment":[{"href":"https:\/\/modest-napier.216-250-124-103.plesk.page\/index.php\/wp-json\/wp\/v2\/media?parent=5877"}],"wp:term":[{"taxonomy":"product_brand","embeddable":true,"href":"https:\/\/modest-napier.216-250-124-103.plesk.page\/index.php\/wp-json\/wp\/v2\/product_brand?post=5877"},{"taxonomy":"product_cat","embeddable":true,"href":"https:\/\/modest-napier.216-250-124-103.plesk.page\/index.php\/wp-json\/wp\/v2\/product_cat?post=5877"},{"taxonomy":"product_tag","embeddable":true,"href":"https:\/\/modest-napier.216-250-124-103.plesk.page\/index.php\/wp-json\/wp\/v2\/product_tag?post=5877"}],"curies":[{"name":"wp","href":"https:\/\/api.w.org\/{rel}","templated":true}]}}