{"id":5878,"date":"2025-09-24T19:49:44","date_gmt":"2025-09-24T19:49:44","guid":{"rendered":"https:\/\/modest-napier.216-250-124-103.plesk.page\/index.php\/producto\/polvo-moringa-c-150-gr-naturals-madrid\/"},"modified":"2025-09-24T20:46:14","modified_gmt":"2025-09-24T20:46:14","slug":"polvo-moringa-c-150-gr-naturals-madrid","status":"publish","type":"product","link":"https:\/\/modest-napier.216-250-124-103.plesk.page\/index.php\/producto\/polvo-moringa-c-150-gr-naturals-madrid\/","title":{"rendered":"Moringa en Polvo 150 g Natural&#8217;s Madrid"},"content":{"rendered":"<p data-mce-fragment=\"1\"><strong data-mce-fragment=\"1\">Descripci\u00f3n:<\/strong><\/p>\n<p data-mce-fragment=\"1\"><span>El <strong>suplemento de moringa en polvo<\/strong> es utilizado\u00a0<\/span>para<span>\u00a0tratar algunas enfermedades respiratorias, disminuir la ansiedad, en la p\u00e9rdida\u00a0<\/span>de<span>\u00a0peso e inclusive para controlar la glucosa sangu\u00ednea en diab\u00e9ticos. <!--Sin embargo, a\u00fan existen pocos estudios en humanos que comprueben todos sus beneficios y que describan las dosis en que debe ingerirse.--><\/span><\/p>\n<p data-mce-fragment=\"1\"><strong data-mce-fragment=\"1\">Modo de uso:<\/strong><\/p>\n<p data-mce-fragment=\"1\">Agregar una cucharada a su bebida, mezcle y consuma.<\/p>\n<p data-mce-fragment=\"1\"><strong data-mce-fragment=\"1\">Contenido:<\/strong><\/p>\n<p data-mce-fragment=\"1\">150 g.<\/p>\n","protected":false},"excerpt":{"rendered":"<p>Descripci\u00f3n: El suplemento de moringa en polvo es utilizado\u00a0para\u00a0tratar algunas enfermedades respiratorias, disminuir la ansiedad, en la p\u00e9rdida\u00a0de\u00a0peso e inclusive para controlar la glucosa sangu\u00ednea en diab\u00e9ticos. Modo de uso: [&hellip;]<\/p>\n","protected":false},"featured_media":2419,"comment_status":"open","ping_status":"closed","template":"","meta":[],"product_brand":[412],"product_cat":[337,318,328],"product_tag":[49],"class_list":{"0":"post-5878","1":"product","2":"type-product","3":"status-publish","4":"has-post-thumbnail","6":"product_brand-naturals-madrid","7":"product_cat-productos","8":"product_cat-salud","9":"product_cat-suplementos-naturales","10":"product_tag-moringa","12":"first","13":"instock","14":"shipping-taxable","15":"purchasable","16":"product-type-simple"},"_links":{"self":[{"href":"https:\/\/modest-napier.216-250-124-103.plesk.page\/index.php\/wp-json\/wp\/v2\/product\/5878","targetHints":{"allow":["GET"]}}],"collection":[{"href":"https:\/\/modest-napier.216-250-124-103.plesk.page\/index.php\/wp-json\/wp\/v2\/product"}],"about":[{"href":"https:\/\/modest-napier.216-250-124-103.plesk.page\/index.php\/wp-json\/wp\/v2\/types\/product"}],"replies":[{"embeddable":true,"href":"https:\/\/modest-napier.216-250-124-103.plesk.page\/index.php\/wp-json\/wp\/v2\/comments?post=5878"}],"wp:featuredmedia":[{"embeddable":true,"href":"https:\/\/modest-napier.216-250-124-103.plesk.page\/index.php\/wp-json\/wp\/v2\/media\/2419"}],"wp:attachment":[{"href":"https:\/\/modest-napier.216-250-124-103.plesk.page\/index.php\/wp-json\/wp\/v2\/media?parent=5878"}],"wp:term":[{"taxonomy":"product_brand","embeddable":true,"href":"https:\/\/modest-napier.216-250-124-103.plesk.page\/index.php\/wp-json\/wp\/v2\/product_brand?post=5878"},{"taxonomy":"product_cat","embeddable":true,"href":"https:\/\/modest-napier.216-250-124-103.plesk.page\/index.php\/wp-json\/wp\/v2\/product_cat?post=5878"},{"taxonomy":"product_tag","embeddable":true,"href":"https:\/\/modest-napier.216-250-124-103.plesk.page\/index.php\/wp-json\/wp\/v2\/product_tag?post=5878"}],"curies":[{"name":"wp","href":"https:\/\/api.w.org\/{rel}","templated":true}]}}