{"id":5880,"date":"2025-09-24T19:49:45","date_gmt":"2025-09-24T19:49:45","guid":{"rendered":"https:\/\/modest-napier.216-250-124-103.plesk.page\/index.php\/producto\/polvo-para-preparar-leche-de-almendra-premium-500-gr-nolisan\/"},"modified":"2025-09-24T20:47:20","modified_gmt":"2025-09-24T20:47:20","slug":"polvo-para-preparar-leche-de-almendra-premium-500-gr-nolisan","status":"publish","type":"product","link":"https:\/\/modest-napier.216-250-124-103.plesk.page\/index.php\/producto\/polvo-para-preparar-leche-de-almendra-premium-500-gr-nolisan\/","title":{"rendered":"Polvo para preparar Leche de Almendra 500g Nolisan"},"content":{"rendered":"<p data-mce-fragment=\"1\"><span data-mce-fragment=\"1\">\u00a1Prepara una deliciosa y fresca leche de almendras con este pr\u00e1ctico polvo premium! <\/span>Es nutritiva, es baja en calor\u00edas, la leche de almendras sin az\u00facar no eleva el az\u00facar en la sangre, es libre de l\u00e1cteos. La leche de almendras enriquecida puede fortalecer tus huesos y puede reducir el riesgo de enfermedad card\u00edaca.<\/p>\n","protected":false},"excerpt":{"rendered":"<p>\u00a1Prepara una deliciosa y fresca leche de almendras con este pr\u00e1ctico polvo premium! Es nutritiva, es baja en calor\u00edas, la leche de almendras sin az\u00facar no eleva el az\u00facar en [&hellip;]<\/p>\n","protected":false},"featured_media":2420,"comment_status":"open","ping_status":"closed","template":"","meta":[],"product_brand":[368],"product_cat":[305,308,337],"product_tag":[34],"class_list":{"0":"post-5880","1":"product","2":"type-product","3":"status-publish","4":"has-post-thumbnail","6":"product_brand-nolisan","7":"product_cat-leches-vegetales","8":"product_cat-nutricion","9":"product_cat-productos","10":"product_tag-almendra","12":"first","13":"instock","14":"shipping-taxable","15":"purchasable","16":"product-type-simple"},"_links":{"self":[{"href":"https:\/\/modest-napier.216-250-124-103.plesk.page\/index.php\/wp-json\/wp\/v2\/product\/5880","targetHints":{"allow":["GET"]}}],"collection":[{"href":"https:\/\/modest-napier.216-250-124-103.plesk.page\/index.php\/wp-json\/wp\/v2\/product"}],"about":[{"href":"https:\/\/modest-napier.216-250-124-103.plesk.page\/index.php\/wp-json\/wp\/v2\/types\/product"}],"replies":[{"embeddable":true,"href":"https:\/\/modest-napier.216-250-124-103.plesk.page\/index.php\/wp-json\/wp\/v2\/comments?post=5880"}],"wp:featuredmedia":[{"embeddable":true,"href":"https:\/\/modest-napier.216-250-124-103.plesk.page\/index.php\/wp-json\/wp\/v2\/media\/2420"}],"wp:attachment":[{"href":"https:\/\/modest-napier.216-250-124-103.plesk.page\/index.php\/wp-json\/wp\/v2\/media?parent=5880"}],"wp:term":[{"taxonomy":"product_brand","embeddable":true,"href":"https:\/\/modest-napier.216-250-124-103.plesk.page\/index.php\/wp-json\/wp\/v2\/product_brand?post=5880"},{"taxonomy":"product_cat","embeddable":true,"href":"https:\/\/modest-napier.216-250-124-103.plesk.page\/index.php\/wp-json\/wp\/v2\/product_cat?post=5880"},{"taxonomy":"product_tag","embeddable":true,"href":"https:\/\/modest-napier.216-250-124-103.plesk.page\/index.php\/wp-json\/wp\/v2\/product_tag?post=5880"}],"curies":[{"name":"wp","href":"https:\/\/api.w.org\/{rel}","templated":true}]}}