{"id":5882,"date":"2025-09-24T19:49:50","date_gmt":"2025-09-24T19:49:50","guid":{"rendered":"https:\/\/modest-napier.216-250-124-103.plesk.page\/index.php\/producto\/polvo-reumo-flex-coco-1-100-kg-ypenza\/"},"modified":"2025-09-24T20:47:19","modified_gmt":"2025-09-24T20:47:19","slug":"polvo-reumo-flex-1-100-kg-ypenza","status":"publish","type":"product","link":"https:\/\/modest-napier.216-250-124-103.plesk.page\/index.php\/producto\/polvo-reumo-flex-1-100-kg-ypenza\/","title":{"rendered":"Reumo Flex Polvo 1.1 kg Ypenza"},"content":{"rendered":"<p data-mce-fragment=\"1\"><span>El suplemento alimenticio\u00a0<strong>Reumo Flex<\/strong> regenera el sistema \u00f3seo, es antiinflamatorio, fortalece huesos y dientes y favorece la regeneraci\u00f3n y elasticidad del cart\u00edlago.<\/span><\/p>\n","protected":false},"excerpt":{"rendered":"<p>El suplemento alimenticio\u00a0Reumo Flex regenera el sistema \u00f3seo, es antiinflamatorio, fortalece huesos y dientes y favorece la regeneraci\u00f3n y elasticidad del cart\u00edlago.<\/p>\n","protected":false},"featured_media":2424,"comment_status":"open","ping_status":"closed","template":"","meta":[],"product_brand":[414],"product_cat":[297,337,318],"product_tag":[202,194,77,91,92,204],"class_list":{"0":"post-5882","1":"product","2":"type-product","3":"status-publish","4":"has-post-thumbnail","6":"product_brand-ypenza","7":"product_cat-dolor-en-articulaciones","8":"product_cat-productos","9":"product_cat-salud","10":"product_tag-calcio-de-coral","11":"product_tag-cartilago-de-tiburon","12":"product_tag-colageno","13":"product_tag-condroitina","14":"product_tag-glucosamina","15":"product_tag-msm","17":"first","18":"instock","19":"shipping-taxable","20":"purchasable","21":"product-type-simple"},"_links":{"self":[{"href":"https:\/\/modest-napier.216-250-124-103.plesk.page\/index.php\/wp-json\/wp\/v2\/product\/5882","targetHints":{"allow":["GET"]}}],"collection":[{"href":"https:\/\/modest-napier.216-250-124-103.plesk.page\/index.php\/wp-json\/wp\/v2\/product"}],"about":[{"href":"https:\/\/modest-napier.216-250-124-103.plesk.page\/index.php\/wp-json\/wp\/v2\/types\/product"}],"replies":[{"embeddable":true,"href":"https:\/\/modest-napier.216-250-124-103.plesk.page\/index.php\/wp-json\/wp\/v2\/comments?post=5882"}],"wp:featuredmedia":[{"embeddable":true,"href":"https:\/\/modest-napier.216-250-124-103.plesk.page\/index.php\/wp-json\/wp\/v2\/media\/2424"}],"wp:attachment":[{"href":"https:\/\/modest-napier.216-250-124-103.plesk.page\/index.php\/wp-json\/wp\/v2\/media?parent=5882"}],"wp:term":[{"taxonomy":"product_brand","embeddable":true,"href":"https:\/\/modest-napier.216-250-124-103.plesk.page\/index.php\/wp-json\/wp\/v2\/product_brand?post=5882"},{"taxonomy":"product_cat","embeddable":true,"href":"https:\/\/modest-napier.216-250-124-103.plesk.page\/index.php\/wp-json\/wp\/v2\/product_cat?post=5882"},{"taxonomy":"product_tag","embeddable":true,"href":"https:\/\/modest-napier.216-250-124-103.plesk.page\/index.php\/wp-json\/wp\/v2\/product_tag?post=5882"}],"curies":[{"name":"wp","href":"https:\/\/api.w.org\/{rel}","templated":true}]}}