{"id":5883,"date":"2025-09-24T19:49:51","date_gmt":"2025-09-24T19:49:51","guid":{"rendered":"https:\/\/modest-napier.216-250-124-103.plesk.page\/index.php\/producto\/polvo-suero-de-leche-whey-protein-c-500-gr-prowinner\/"},"modified":"2025-09-24T20:43:37","modified_gmt":"2025-09-24T20:43:37","slug":"suero-de-leche-prowinner","status":"publish","type":"product","link":"https:\/\/modest-napier.216-250-124-103.plesk.page\/index.php\/producto\/suero-de-leche-prowinner\/","title":{"rendered":"Suero de Leche en Polvo Whey 500 g ProWinner"},"content":{"rendered":"<p><strong>Descripci\u00f3n:<\/strong><br data-mce-fragment=\"1\">El <strong>suero de leche en polvo de ProWinner<\/strong> ayuda a complementar la alimentaci\u00f3n aportando nutrientes que benefician para fortalecer el sistema inmunol\u00f3gico. Contribuye al aumento de masa muscular y fuerza f\u00edsica, y a la p\u00e9rdida de grasa corporal; sin embargo, tambi\u00e9n posee muchos otros nutrientes. Proporciona\u00a0prote\u00edna\u00a0y amino\u00e1cidos, ambos esenciales para desarrollar fibra muscular.<\/p>\n<p><strong>Modo de uso:<\/strong><br data-mce-fragment=\"1\">Agregar una medida de suero de leche al jugo, licuado, leche o agua y agite. Tomar dos o tres veces al d\u00eda.<\/p>\n<p><strong>Contenido:<\/strong><br data-mce-fragment=\"1\">500 g.<\/p>\n","protected":false},"excerpt":{"rendered":"<p>Descripci\u00f3n:El suero de leche en polvo de ProWinner ayuda a complementar la alimentaci\u00f3n aportando nutrientes que benefician para fortalecer el sistema inmunol\u00f3gico. Contribuye al aumento de masa muscular y fuerza [&hellip;]<\/p>\n","protected":false},"featured_media":2425,"comment_status":"open","ping_status":"closed","template":"","meta":[],"product_brand":[350],"product_cat":[308,337,316,318],"product_tag":[259],"class_list":{"0":"post-5883","1":"product","2":"type-product","3":"status-publish","4":"has-post-thumbnail","6":"product_brand-prowinner","7":"product_cat-nutricion","8":"product_cat-productos","9":"product_cat-proteinas","10":"product_cat-salud","11":"product_tag-suero-de-leche","13":"first","14":"instock","15":"shipping-taxable","16":"purchasable","17":"product-type-simple"},"_links":{"self":[{"href":"https:\/\/modest-napier.216-250-124-103.plesk.page\/index.php\/wp-json\/wp\/v2\/product\/5883","targetHints":{"allow":["GET"]}}],"collection":[{"href":"https:\/\/modest-napier.216-250-124-103.plesk.page\/index.php\/wp-json\/wp\/v2\/product"}],"about":[{"href":"https:\/\/modest-napier.216-250-124-103.plesk.page\/index.php\/wp-json\/wp\/v2\/types\/product"}],"replies":[{"embeddable":true,"href":"https:\/\/modest-napier.216-250-124-103.plesk.page\/index.php\/wp-json\/wp\/v2\/comments?post=5883"}],"wp:featuredmedia":[{"embeddable":true,"href":"https:\/\/modest-napier.216-250-124-103.plesk.page\/index.php\/wp-json\/wp\/v2\/media\/2425"}],"wp:attachment":[{"href":"https:\/\/modest-napier.216-250-124-103.plesk.page\/index.php\/wp-json\/wp\/v2\/media?parent=5883"}],"wp:term":[{"taxonomy":"product_brand","embeddable":true,"href":"https:\/\/modest-napier.216-250-124-103.plesk.page\/index.php\/wp-json\/wp\/v2\/product_brand?post=5883"},{"taxonomy":"product_cat","embeddable":true,"href":"https:\/\/modest-napier.216-250-124-103.plesk.page\/index.php\/wp-json\/wp\/v2\/product_cat?post=5883"},{"taxonomy":"product_tag","embeddable":true,"href":"https:\/\/modest-napier.216-250-124-103.plesk.page\/index.php\/wp-json\/wp\/v2\/product_tag?post=5883"}],"curies":[{"name":"wp","href":"https:\/\/api.w.org\/{rel}","templated":true}]}}