{"id":5889,"date":"2025-09-24T19:50:02","date_gmt":"2025-09-24T19:50:02","guid":{"rendered":"https:\/\/modest-napier.216-250-124-103.plesk.page\/index.php\/producto\/pomada-arnica-100-sola-125-gr-naturalmex-eliminado\/"},"modified":"2025-09-24T19:50:04","modified_gmt":"2025-09-24T19:50:04","slug":"pomada-arnica-100-sola-125-gr-naturalmex-eliminado","status":"publish","type":"product","link":"https:\/\/modest-napier.216-250-124-103.plesk.page\/index.php\/producto\/pomada-arnica-100-sola-125-gr-naturalmex-eliminado\/","title":{"rendered":"POMADA ARNICA 100% SOLA (125 GR) NATURALMEX (ELIMINADO)"},"content":{"rendered":"<p data-mce-fragment=\"1\"><strong data-mce-fragment=\"1\">Descripci\u00f3n:<\/strong><\/p>\n<ul>\n<li>Es un excelente tratamiento para<span>\u00a0<\/span><span style=\"color: #000000;\"><a href=\"https:\/\/uncomo.mundodeportivo.com\/salud\/articulo\/como-curar-los-golpes-con-remedios-caseros-31171.html\" style=\"color: #000000;\">contusiones y golpes<\/a>\u00a0<\/span>ya que, por un lado, alivia la hinchaz\u00f3n y el dolor, y por otro, previene la aparici\u00f3n de moretones y hematomas.<\/li>\n<li>Tambi\u00e9n se utiliza como un antiinflamatorio natural para aliviar algunas s\u00edntomas que provoca la aparici\u00f3n de ampollas en la piel y llagas en la boca.<\/li>\n<\/ul>\n<p data-mce-fragment=\"1\"><strong data-mce-fragment=\"1\">Modo de uso:<\/strong><\/p>\n<p data-mce-fragment=\"1\">Aplicar en el \u00e1rea afectada.<\/p>\n<p data-mce-fragment=\"1\"><strong data-mce-fragment=\"1\">Contenido:<\/strong><\/p>\n<p data-mce-fragment=\"1\">125 GRS<\/p>\n","protected":false},"excerpt":{"rendered":"<p>Descripci\u00f3n: Es un excelente tratamiento para\u00a0contusiones y golpes\u00a0ya que, por un lado, alivia la hinchaz\u00f3n y el dolor, y por otro, previene la aparici\u00f3n de moretones y hematomas. Tambi\u00e9n se [&hellip;]<\/p>\n","protected":false},"featured_media":2432,"comment_status":"open","ping_status":"closed","template":"","meta":[],"product_brand":[],"product_cat":[337],"product_tag":[],"class_list":{"0":"post-5889","1":"product","2":"type-product","3":"status-publish","4":"has-post-thumbnail","6":"product_cat-productos","8":"first","9":"outofstock","10":"shipping-taxable","11":"purchasable","12":"product-type-simple"},"_links":{"self":[{"href":"https:\/\/modest-napier.216-250-124-103.plesk.page\/index.php\/wp-json\/wp\/v2\/product\/5889","targetHints":{"allow":["GET"]}}],"collection":[{"href":"https:\/\/modest-napier.216-250-124-103.plesk.page\/index.php\/wp-json\/wp\/v2\/product"}],"about":[{"href":"https:\/\/modest-napier.216-250-124-103.plesk.page\/index.php\/wp-json\/wp\/v2\/types\/product"}],"replies":[{"embeddable":true,"href":"https:\/\/modest-napier.216-250-124-103.plesk.page\/index.php\/wp-json\/wp\/v2\/comments?post=5889"}],"wp:featuredmedia":[{"embeddable":true,"href":"https:\/\/modest-napier.216-250-124-103.plesk.page\/index.php\/wp-json\/wp\/v2\/media\/2432"}],"wp:attachment":[{"href":"https:\/\/modest-napier.216-250-124-103.plesk.page\/index.php\/wp-json\/wp\/v2\/media?parent=5889"}],"wp:term":[{"taxonomy":"product_brand","embeddable":true,"href":"https:\/\/modest-napier.216-250-124-103.plesk.page\/index.php\/wp-json\/wp\/v2\/product_brand?post=5889"},{"taxonomy":"product_cat","embeddable":true,"href":"https:\/\/modest-napier.216-250-124-103.plesk.page\/index.php\/wp-json\/wp\/v2\/product_cat?post=5889"},{"taxonomy":"product_tag","embeddable":true,"href":"https:\/\/modest-napier.216-250-124-103.plesk.page\/index.php\/wp-json\/wp\/v2\/product_tag?post=5889"}],"curies":[{"name":"wp","href":"https:\/\/api.w.org\/{rel}","templated":true}]}}