{"id":5893,"date":"2025-09-24T19:50:09","date_gmt":"2025-09-24T19:50:09","guid":{"rendered":"https:\/\/modest-napier.216-250-124-103.plesk.page\/index.php\/producto\/pomada-arnica-sola-100-natural-120-grs-herbomex\/"},"modified":"2025-09-24T20:46:03","modified_gmt":"2025-09-24T20:46:03","slug":"pomada-arnica-sola-100-natural-120-grs-herbomex","status":"publish","type":"product","link":"https:\/\/modest-napier.216-250-124-103.plesk.page\/index.php\/producto\/pomada-arnica-sola-100-natural-120-grs-herbomex\/","title":{"rendered":"Pomada de \u00c1rnica Sola 120 g Herbomex"},"content":{"rendered":"<p>La\u00a0<strong>pomada de \u00e1rnica 100% natural de Herbomex<\/strong> es\u00a0un excelente tratamiento para<span data-mce-fragment=\"1\">\u00a0<\/span><span data-mce-fragment=\"1\" style=\"color: #000000;\">contusiones y golpes\u00a0<\/span>ya que, por un lado, alivia la hinchaz\u00f3n y el dolor, y por otro, previene la aparici\u00f3n de moretones y hematomas. Tambi\u00e9n se utiliza como un antiinflamatorio natural para aliviar algunas s\u00edntomas que provoca la aparici\u00f3n de ampollas en la piel y llagas en la boca.<strong data-mce-fragment=\"1\"><\/strong><\/p>\n","protected":false},"excerpt":{"rendered":"<p>La\u00a0pomada de \u00e1rnica 100% natural de Herbomex es\u00a0un excelente tratamiento para\u00a0contusiones y golpes\u00a0ya que, por un lado, alivia la hinchaz\u00f3n y el dolor, y por otro, previene la aparici\u00f3n de [&hellip;]<\/p>\n","protected":false},"featured_media":2436,"comment_status":"open","ping_status":"closed","template":"","meta":[],"product_brand":[351],"product_cat":[311,337,318],"product_tag":[28],"class_list":{"0":"post-5893","1":"product","2":"type-product","3":"status-publish","4":"has-post-thumbnail","6":"product_brand-herbomex","7":"product_cat-pomadas-para-el-dolor","8":"product_cat-productos","9":"product_cat-salud","10":"product_tag-arnica","12":"first","13":"instock","14":"shipping-taxable","15":"purchasable","16":"product-type-simple"},"_links":{"self":[{"href":"https:\/\/modest-napier.216-250-124-103.plesk.page\/index.php\/wp-json\/wp\/v2\/product\/5893","targetHints":{"allow":["GET"]}}],"collection":[{"href":"https:\/\/modest-napier.216-250-124-103.plesk.page\/index.php\/wp-json\/wp\/v2\/product"}],"about":[{"href":"https:\/\/modest-napier.216-250-124-103.plesk.page\/index.php\/wp-json\/wp\/v2\/types\/product"}],"replies":[{"embeddable":true,"href":"https:\/\/modest-napier.216-250-124-103.plesk.page\/index.php\/wp-json\/wp\/v2\/comments?post=5893"}],"wp:featuredmedia":[{"embeddable":true,"href":"https:\/\/modest-napier.216-250-124-103.plesk.page\/index.php\/wp-json\/wp\/v2\/media\/2436"}],"wp:attachment":[{"href":"https:\/\/modest-napier.216-250-124-103.plesk.page\/index.php\/wp-json\/wp\/v2\/media?parent=5893"}],"wp:term":[{"taxonomy":"product_brand","embeddable":true,"href":"https:\/\/modest-napier.216-250-124-103.plesk.page\/index.php\/wp-json\/wp\/v2\/product_brand?post=5893"},{"taxonomy":"product_cat","embeddable":true,"href":"https:\/\/modest-napier.216-250-124-103.plesk.page\/index.php\/wp-json\/wp\/v2\/product_cat?post=5893"},{"taxonomy":"product_tag","embeddable":true,"href":"https:\/\/modest-napier.216-250-124-103.plesk.page\/index.php\/wp-json\/wp\/v2\/product_tag?post=5893"}],"curies":[{"name":"wp","href":"https:\/\/api.w.org\/{rel}","templated":true}]}}