{"id":5894,"date":"2025-09-24T19:50:11","date_gmt":"2025-09-24T19:50:11","guid":{"rendered":"https:\/\/modest-napier.216-250-124-103.plesk.page\/index.php\/producto\/pomada-belladona-con-arnica-125-grs-naturalmex\/"},"modified":"2025-09-24T20:46:03","modified_gmt":"2025-09-24T20:46:03","slug":"pomada-belladona-con-arnica-125-grs-naturalmex","status":"publish","type":"product","link":"https:\/\/modest-napier.216-250-124-103.plesk.page\/index.php\/producto\/pomada-belladona-con-arnica-125-grs-naturalmex\/","title":{"rendered":"Pomada de Belladona con \u00c1rnica 125 g Naturalmex"},"content":{"rendered":"<p data-mce-fragment=\"1\"><strong data-mce-fragment=\"1\">Descripci\u00f3n:<\/strong><\/p>\n<p data-mce-fragment=\"1\"><span>La <strong>pomada de belladona reforzada con \u00e1rnica concentrada<\/strong> es auxiliar para una acci\u00f3n\u00a0analg\u00e9sica\u00a0en caso de golpes, eficaz para desinflamar.<\/span><\/p>\n<p data-mce-fragment=\"1\"><strong data-mce-fragment=\"1\">Modo de uso:<\/strong><\/p>\n<p data-mce-fragment=\"1\"><span>Aplicar en la zona afectada 1 vez al\u00a0<\/span>d\u00eda.<\/p>\n<p data-mce-fragment=\"1\"><strong data-mce-fragment=\"1\">Contenido:<\/strong><\/p>\n<p data-mce-fragment=\"1\">125 g.<\/p>\n","protected":false},"excerpt":{"rendered":"<p>Descripci\u00f3n: La pomada de belladona reforzada con \u00e1rnica concentrada es auxiliar para una acci\u00f3n\u00a0analg\u00e9sica\u00a0en caso de golpes, eficaz para desinflamar. Modo de uso: Aplicar en la zona afectada 1 vez [&hellip;]<\/p>\n","protected":false},"featured_media":2437,"comment_status":"open","ping_status":"closed","template":"","meta":[],"product_brand":[399],"product_cat":[311,337,318],"product_tag":[28,262],"class_list":{"0":"post-5894","1":"product","2":"type-product","3":"status-publish","4":"has-post-thumbnail","6":"product_brand-naturalmex","7":"product_cat-pomadas-para-el-dolor","8":"product_cat-productos","9":"product_cat-salud","10":"product_tag-arnica","11":"product_tag-belladona","13":"first","14":"outofstock","15":"shipping-taxable","16":"purchasable","17":"product-type-simple"},"_links":{"self":[{"href":"https:\/\/modest-napier.216-250-124-103.plesk.page\/index.php\/wp-json\/wp\/v2\/product\/5894","targetHints":{"allow":["GET"]}}],"collection":[{"href":"https:\/\/modest-napier.216-250-124-103.plesk.page\/index.php\/wp-json\/wp\/v2\/product"}],"about":[{"href":"https:\/\/modest-napier.216-250-124-103.plesk.page\/index.php\/wp-json\/wp\/v2\/types\/product"}],"replies":[{"embeddable":true,"href":"https:\/\/modest-napier.216-250-124-103.plesk.page\/index.php\/wp-json\/wp\/v2\/comments?post=5894"}],"wp:featuredmedia":[{"embeddable":true,"href":"https:\/\/modest-napier.216-250-124-103.plesk.page\/index.php\/wp-json\/wp\/v2\/media\/2437"}],"wp:attachment":[{"href":"https:\/\/modest-napier.216-250-124-103.plesk.page\/index.php\/wp-json\/wp\/v2\/media?parent=5894"}],"wp:term":[{"taxonomy":"product_brand","embeddable":true,"href":"https:\/\/modest-napier.216-250-124-103.plesk.page\/index.php\/wp-json\/wp\/v2\/product_brand?post=5894"},{"taxonomy":"product_cat","embeddable":true,"href":"https:\/\/modest-napier.216-250-124-103.plesk.page\/index.php\/wp-json\/wp\/v2\/product_cat?post=5894"},{"taxonomy":"product_tag","embeddable":true,"href":"https:\/\/modest-napier.216-250-124-103.plesk.page\/index.php\/wp-json\/wp\/v2\/product_tag?post=5894"}],"curies":[{"name":"wp","href":"https:\/\/api.w.org\/{rel}","templated":true}]}}