{"id":5902,"date":"2025-09-24T19:50:22","date_gmt":"2025-09-24T19:50:22","guid":{"rendered":"https:\/\/modest-napier.216-250-124-103.plesk.page\/index.php\/producto\/pomada-dr-burci-cura-hongos-c-32-gr-dr-burci\/"},"modified":"2025-09-24T20:43:31","modified_gmt":"2025-09-24T20:43:31","slug":"pomada-dr-burci","status":"publish","type":"product","link":"https:\/\/modest-napier.216-250-124-103.plesk.page\/index.php\/producto\/pomada-dr-burci\/","title":{"rendered":"Pomada Dr. Burci Cura Hongos 32 g"},"content":{"rendered":"<p><strong>Descripci\u00f3n:<\/strong><br \/>La <strong>pomada Dr. Buci<\/strong> est\u00e1 indicada para u\u00f1as encarnadas o enterradas, auxiliar en el tratamiento contra hongos en la piel y grietas en los pies, as\u00ed como suavizar la planta de los pies.<\/p>\n<p><strong>Modo de uso:<\/strong><br \/>Aplicar la pomada sobre la parte a tratar, una vez al d\u00eda, por la noche hasta que note que comienza hacer efecto y pueda retirar sin dolor la u\u00f1a, o hasta que note que mejora su piel.<\/p>\n<p><strong>Contenido:<\/strong><br \/>30 g.<\/p>\n","protected":false},"excerpt":{"rendered":"<p>Descripci\u00f3n:La pomada Dr. Buci est\u00e1 indicada para u\u00f1as encarnadas o enterradas, auxiliar en el tratamiento contra hongos en la piel y grietas en los pies, as\u00ed como suavizar la planta [&hellip;]<\/p>\n","protected":false},"featured_media":2445,"comment_status":"open","ping_status":"closed","template":"","meta":[],"product_brand":[448],"product_cat":[337,318],"product_tag":[],"class_list":{"0":"post-5902","1":"product","2":"type-product","3":"status-publish","4":"has-post-thumbnail","6":"product_brand-dr-burci","7":"product_cat-productos","8":"product_cat-salud","10":"first","11":"instock","12":"shipping-taxable","13":"purchasable","14":"product-type-simple"},"_links":{"self":[{"href":"https:\/\/modest-napier.216-250-124-103.plesk.page\/index.php\/wp-json\/wp\/v2\/product\/5902","targetHints":{"allow":["GET"]}}],"collection":[{"href":"https:\/\/modest-napier.216-250-124-103.plesk.page\/index.php\/wp-json\/wp\/v2\/product"}],"about":[{"href":"https:\/\/modest-napier.216-250-124-103.plesk.page\/index.php\/wp-json\/wp\/v2\/types\/product"}],"replies":[{"embeddable":true,"href":"https:\/\/modest-napier.216-250-124-103.plesk.page\/index.php\/wp-json\/wp\/v2\/comments?post=5902"}],"wp:featuredmedia":[{"embeddable":true,"href":"https:\/\/modest-napier.216-250-124-103.plesk.page\/index.php\/wp-json\/wp\/v2\/media\/2445"}],"wp:attachment":[{"href":"https:\/\/modest-napier.216-250-124-103.plesk.page\/index.php\/wp-json\/wp\/v2\/media?parent=5902"}],"wp:term":[{"taxonomy":"product_brand","embeddable":true,"href":"https:\/\/modest-napier.216-250-124-103.plesk.page\/index.php\/wp-json\/wp\/v2\/product_brand?post=5902"},{"taxonomy":"product_cat","embeddable":true,"href":"https:\/\/modest-napier.216-250-124-103.plesk.page\/index.php\/wp-json\/wp\/v2\/product_cat?post=5902"},{"taxonomy":"product_tag","embeddable":true,"href":"https:\/\/modest-napier.216-250-124-103.plesk.page\/index.php\/wp-json\/wp\/v2\/product_tag?post=5902"}],"curies":[{"name":"wp","href":"https:\/\/api.w.org\/{rel}","templated":true}]}}