{"id":5903,"date":"2025-09-24T19:50:23","date_gmt":"2025-09-24T19:50:23","guid":{"rendered":"https:\/\/modest-napier.216-250-124-103.plesk.page\/index.php\/producto\/pomada-dragon-120-grs\/"},"modified":"2025-09-24T20:45:01","modified_gmt":"2025-09-24T20:45:01","slug":"pomada-dragon-120-grs","status":"publish","type":"product","link":"https:\/\/modest-napier.216-250-124-103.plesk.page\/index.php\/producto\/pomada-dragon-120-grs\/","title":{"rendered":"Pomada del Drag\u00f3n Mentol 120 g"},"content":{"rendered":"<p data-mce-fragment=\"1\"><strong data-mce-fragment=\"1\">Descripci\u00f3n:<\/strong><\/p>\n<p data-mce-fragment=\"1\"><span>Conoce la <strong>pomada del Drag\u00f3n con mentol<\/strong>. Su efecto analg\u00e9sico la\u00a0hace ideal para masajes, en especial para golpes o dolores. Uso externo.<\/span><\/p>\n<p data-mce-fragment=\"1\"><strong data-mce-fragment=\"1\">Modo de uso:<\/strong><\/p>\n<p data-mce-fragment=\"1\"><span>Aplicar sobre la piel limpia y seca las veces necesarias.<\/span><\/p>\n<p data-mce-fragment=\"1\"><strong data-mce-fragment=\"1\">Contenido:<\/strong><\/p>\n<p data-mce-fragment=\"1\">120\u00a0g.<\/p>\n","protected":false},"excerpt":{"rendered":"<p>Descripci\u00f3n: Conoce la pomada del Drag\u00f3n con mentol. Su efecto analg\u00e9sico la\u00a0hace ideal para masajes, en especial para golpes o dolores. Uso externo. Modo de uso: Aplicar sobre la piel [&hellip;]<\/p>\n","protected":false},"featured_media":2446,"comment_status":"open","ping_status":"closed","template":"","meta":[],"product_brand":[352],"product_cat":[311,337,318],"product_tag":[217],"class_list":{"0":"post-5903","1":"product","2":"type-product","3":"status-publish","4":"has-post-thumbnail","6":"product_brand-natuzem","7":"product_cat-pomadas-para-el-dolor","8":"product_cat-productos","9":"product_cat-salud","10":"product_tag-mentol","12":"first","13":"instock","14":"shipping-taxable","15":"purchasable","16":"product-type-simple"},"_links":{"self":[{"href":"https:\/\/modest-napier.216-250-124-103.plesk.page\/index.php\/wp-json\/wp\/v2\/product\/5903","targetHints":{"allow":["GET"]}}],"collection":[{"href":"https:\/\/modest-napier.216-250-124-103.plesk.page\/index.php\/wp-json\/wp\/v2\/product"}],"about":[{"href":"https:\/\/modest-napier.216-250-124-103.plesk.page\/index.php\/wp-json\/wp\/v2\/types\/product"}],"replies":[{"embeddable":true,"href":"https:\/\/modest-napier.216-250-124-103.plesk.page\/index.php\/wp-json\/wp\/v2\/comments?post=5903"}],"wp:featuredmedia":[{"embeddable":true,"href":"https:\/\/modest-napier.216-250-124-103.plesk.page\/index.php\/wp-json\/wp\/v2\/media\/2446"}],"wp:attachment":[{"href":"https:\/\/modest-napier.216-250-124-103.plesk.page\/index.php\/wp-json\/wp\/v2\/media?parent=5903"}],"wp:term":[{"taxonomy":"product_brand","embeddable":true,"href":"https:\/\/modest-napier.216-250-124-103.plesk.page\/index.php\/wp-json\/wp\/v2\/product_brand?post=5903"},{"taxonomy":"product_cat","embeddable":true,"href":"https:\/\/modest-napier.216-250-124-103.plesk.page\/index.php\/wp-json\/wp\/v2\/product_cat?post=5903"},{"taxonomy":"product_tag","embeddable":true,"href":"https:\/\/modest-napier.216-250-124-103.plesk.page\/index.php\/wp-json\/wp\/v2\/product_tag?post=5903"}],"curies":[{"name":"wp","href":"https:\/\/api.w.org\/{rel}","templated":true}]}}