{"id":5904,"date":"2025-09-24T19:50:25","date_gmt":"2025-09-24T19:50:25","guid":{"rendered":"https:\/\/modest-napier.216-250-124-103.plesk.page\/index.php\/producto\/pomada-el-viejito-125-gr\/"},"modified":"2025-09-24T20:47:19","modified_gmt":"2025-09-24T20:47:19","slug":"pomada-el-viejito-125-gr","status":"publish","type":"product","link":"https:\/\/modest-napier.216-250-124-103.plesk.page\/index.php\/producto\/pomada-el-viejito-125-gr\/","title":{"rendered":"Pomada El Viejito 125 g"},"content":{"rendered":"<p><strong>Descripci\u00f3n:<\/strong><\/p>\n<p>La <strong>Pomada El Viejito<\/strong> es un aliado confiable cuando se trata de aliviar el dolor y reducir la inflamaci\u00f3n muscular y de la piel. Esta f\u00f3rmula ha sido dise\u00f1ada para ayudar en la rehabilitaci\u00f3n de lesiones eventuales, brindando un alivio reconfortante y eficaz. Ya sea que enfrentes molestias musculares despu\u00e9s de un d\u00eda activo o necesites controlar la inflamaci\u00f3n de la piel, esta pomada es una opci\u00f3n vers\u00e1til y efectiva. Simplemente apl\u00edcala de manera uniforme en la zona afectada para experimentar su acci\u00f3n calmante y desinflamatoria. Con <em>Pomada El Viejito<\/em>, puedes mantener tu bienestar y seguir adelante con tus actividades diarias sin las limitaciones del dolor y la inflamaci\u00f3n.<\/p>\n<p><!--\n\n<p>Est\u00e1 indicado en el manejo del dolor, como des-inflamatorio muscular y de la piel y en la rehabilitaci\u00f3n de lesiones eventuales.<\/p>\n\n--><\/p>\n<p><strong>Ingredientes:<\/strong><\/p>\n<p>Clavo, Canela, Romero, Eucalipto, Alcanfor, Resina de abetos<\/p>\n<p><strong>Modo de uso:<\/strong><\/p>\n<p>Aplicar en el \u00e1rea afectada.<\/p>\n<p><strong>Contenido:<\/strong><\/p>\n<p>120 g.<\/p>\n","protected":false},"excerpt":{"rendered":"<p>Descripci\u00f3n: La Pomada El Viejito es un aliado confiable cuando se trata de aliviar el dolor y reducir la inflamaci\u00f3n muscular y de la piel. Esta f\u00f3rmula ha sido dise\u00f1ada [&hellip;]<\/p>\n","protected":false},"featured_media":2447,"comment_status":"open","ping_status":"closed","template":"","meta":[],"product_brand":[351],"product_cat":[297,311,337,318],"product_tag":[265,31,32,64,69],"class_list":{"0":"post-5904","1":"product","2":"type-product","3":"status-publish","4":"has-post-thumbnail","6":"product_brand-herbomex","7":"product_cat-dolor-en-articulaciones","8":"product_cat-pomadas-para-el-dolor","9":"product_cat-productos","10":"product_cat-salud","11":"product_tag-alcanfor","12":"product_tag-canela","13":"product_tag-clavo","14":"product_tag-eucalipto","15":"product_tag-romero","17":"first","18":"instock","19":"shipping-taxable","20":"purchasable","21":"product-type-simple"},"_links":{"self":[{"href":"https:\/\/modest-napier.216-250-124-103.plesk.page\/index.php\/wp-json\/wp\/v2\/product\/5904","targetHints":{"allow":["GET"]}}],"collection":[{"href":"https:\/\/modest-napier.216-250-124-103.plesk.page\/index.php\/wp-json\/wp\/v2\/product"}],"about":[{"href":"https:\/\/modest-napier.216-250-124-103.plesk.page\/index.php\/wp-json\/wp\/v2\/types\/product"}],"replies":[{"embeddable":true,"href":"https:\/\/modest-napier.216-250-124-103.plesk.page\/index.php\/wp-json\/wp\/v2\/comments?post=5904"}],"wp:featuredmedia":[{"embeddable":true,"href":"https:\/\/modest-napier.216-250-124-103.plesk.page\/index.php\/wp-json\/wp\/v2\/media\/2447"}],"wp:attachment":[{"href":"https:\/\/modest-napier.216-250-124-103.plesk.page\/index.php\/wp-json\/wp\/v2\/media?parent=5904"}],"wp:term":[{"taxonomy":"product_brand","embeddable":true,"href":"https:\/\/modest-napier.216-250-124-103.plesk.page\/index.php\/wp-json\/wp\/v2\/product_brand?post=5904"},{"taxonomy":"product_cat","embeddable":true,"href":"https:\/\/modest-napier.216-250-124-103.plesk.page\/index.php\/wp-json\/wp\/v2\/product_cat?post=5904"},{"taxonomy":"product_tag","embeddable":true,"href":"https:\/\/modest-napier.216-250-124-103.plesk.page\/index.php\/wp-json\/wp\/v2\/product_tag?post=5904"}],"curies":[{"name":"wp","href":"https:\/\/api.w.org\/{rel}","templated":true}]}}