{"id":5917,"date":"2025-09-24T19:50:43","date_gmt":"2025-09-24T19:50:43","guid":{"rendered":"https:\/\/modest-napier.216-250-124-103.plesk.page\/index.php\/producto\/pomada-pan-puerco-120-grs-naturalmex\/"},"modified":"2025-09-24T20:45:18","modified_gmt":"2025-09-24T20:45:18","slug":"pomada-pan-puerco-120-grs-naturalmex","status":"publish","type":"product","link":"https:\/\/modest-napier.216-250-124-103.plesk.page\/index.php\/producto\/pomada-pan-puerco-120-grs-naturalmex\/","title":{"rendered":"Pomada Pan Puerco 120 g Naturalmex"},"content":{"rendered":"<p data-mce-fragment=\"1\"><span>La\u00a0<strong>pomada Pan Puerco<\/strong> es un excelente anti-inflamatorio, analg\u00e9sico y calmante.\u00a0<\/span>Se utiliza para aliviar malestares como indigesti\u00f3n, diarreas agudas, flatulencias, dolor de est\u00f3mago o estre\u00f1imiento. Tambi\u00e9n se puede usar cuando hay c\u00f3licos o \u201cempacho\u201d en adultos y beb\u00e9s.<\/p>\n","protected":false},"excerpt":{"rendered":"<p>La\u00a0pomada Pan Puerco es un excelente anti-inflamatorio, analg\u00e9sico y calmante.\u00a0Se utiliza para aliviar malestares como indigesti\u00f3n, diarreas agudas, flatulencias, dolor de est\u00f3mago o estre\u00f1imiento. Tambi\u00e9n se puede usar cuando hay [&hellip;]<\/p>\n","protected":false},"featured_media":2461,"comment_status":"open","ping_status":"closed","template":"","meta":[],"product_brand":[399],"product_cat":[337,318,323],"product_tag":[32,136,47],"class_list":{"0":"post-5917","1":"product","2":"type-product","3":"status-publish","4":"has-post-thumbnail","6":"product_brand-naturalmex","7":"product_cat-productos","8":"product_cat-salud","9":"product_cat-salud-intestinal","10":"product_tag-clavo","11":"product_tag-jengibre","12":"product_tag-manzanilla","14":"first","15":"outofstock","16":"shipping-taxable","17":"purchasable","18":"product-type-simple"},"_links":{"self":[{"href":"https:\/\/modest-napier.216-250-124-103.plesk.page\/index.php\/wp-json\/wp\/v2\/product\/5917","targetHints":{"allow":["GET"]}}],"collection":[{"href":"https:\/\/modest-napier.216-250-124-103.plesk.page\/index.php\/wp-json\/wp\/v2\/product"}],"about":[{"href":"https:\/\/modest-napier.216-250-124-103.plesk.page\/index.php\/wp-json\/wp\/v2\/types\/product"}],"replies":[{"embeddable":true,"href":"https:\/\/modest-napier.216-250-124-103.plesk.page\/index.php\/wp-json\/wp\/v2\/comments?post=5917"}],"wp:featuredmedia":[{"embeddable":true,"href":"https:\/\/modest-napier.216-250-124-103.plesk.page\/index.php\/wp-json\/wp\/v2\/media\/2461"}],"wp:attachment":[{"href":"https:\/\/modest-napier.216-250-124-103.plesk.page\/index.php\/wp-json\/wp\/v2\/media?parent=5917"}],"wp:term":[{"taxonomy":"product_brand","embeddable":true,"href":"https:\/\/modest-napier.216-250-124-103.plesk.page\/index.php\/wp-json\/wp\/v2\/product_brand?post=5917"},{"taxonomy":"product_cat","embeddable":true,"href":"https:\/\/modest-napier.216-250-124-103.plesk.page\/index.php\/wp-json\/wp\/v2\/product_cat?post=5917"},{"taxonomy":"product_tag","embeddable":true,"href":"https:\/\/modest-napier.216-250-124-103.plesk.page\/index.php\/wp-json\/wp\/v2\/product_tag?post=5917"}],"curies":[{"name":"wp","href":"https:\/\/api.w.org\/{rel}","templated":true}]}}