{"id":5921,"date":"2025-09-24T19:50:49","date_gmt":"2025-09-24T19:50:49","guid":{"rendered":"https:\/\/modest-napier.216-250-124-103.plesk.page\/index.php\/producto\/pomada-super-crema-milagro-125-gr-fr-francisco\/"},"modified":"2025-09-24T20:47:18","modified_gmt":"2025-09-24T20:47:18","slug":"pomada-super-crema-milagro-125-gr-fr-francisco","status":"publish","type":"product","link":"https:\/\/modest-napier.216-250-124-103.plesk.page\/index.php\/producto\/pomada-super-crema-milagro-125-gr-fr-francisco\/","title":{"rendered":"Super Crema Milagro con \u00c1rnica 125 g Fr. Francisco"},"content":{"rendered":"<p data-mce-fragment=\"1\"><strong data-mce-fragment=\"1\">Descripci\u00f3n:<\/strong><\/p>\n<p data-mce-fragment=\"1\"><span>La <strong>Super Crema Milagro con \u00c1rnica<\/strong> est\u00e1 indicada para el manejo del dolor, como desinflamatorio muscular y de la piel y en la rehabilitaci\u00f3n de lesiones eventuales.<\/span><\/p>\n<p data-mce-fragment=\"1\"><strong data-mce-fragment=\"1\">Ingredientes:<\/strong><\/p>\n<p data-mce-fragment=\"1\">\u00c1rnica, Eucalipto, Alcanfor, Mentol<\/p>\n<p data-mce-fragment=\"1\"><strong data-mce-fragment=\"1\">Modo de uso:<\/strong><\/p>\n<p data-mce-fragment=\"1\">Aplicar en el \u00e1rea afectada.<\/p>\n<p data-mce-fragment=\"1\"><strong data-mce-fragment=\"1\">Contenido:<\/strong><\/p>\n<p data-mce-fragment=\"1\">125 g.<\/p>\n","protected":false},"excerpt":{"rendered":"<p>Descripci\u00f3n: La Super Crema Milagro con \u00c1rnica est\u00e1 indicada para el manejo del dolor, como desinflamatorio muscular y de la piel y en la rehabilitaci\u00f3n de lesiones eventuales. Ingredientes: \u00c1rnica, [&hellip;]<\/p>\n","protected":false},"featured_media":2466,"comment_status":"open","ping_status":"closed","template":"","meta":[],"product_brand":[474],"product_cat":[311,337,318],"product_tag":[265,28,64,217],"class_list":{"0":"post-5921","1":"product","2":"type-product","3":"status-publish","4":"has-post-thumbnail","6":"product_brand-fr-francisco","7":"product_cat-pomadas-para-el-dolor","8":"product_cat-productos","9":"product_cat-salud","10":"product_tag-alcanfor","11":"product_tag-arnica","12":"product_tag-eucalipto","13":"product_tag-mentol","15":"first","16":"instock","17":"shipping-taxable","18":"purchasable","19":"product-type-simple"},"_links":{"self":[{"href":"https:\/\/modest-napier.216-250-124-103.plesk.page\/index.php\/wp-json\/wp\/v2\/product\/5921","targetHints":{"allow":["GET"]}}],"collection":[{"href":"https:\/\/modest-napier.216-250-124-103.plesk.page\/index.php\/wp-json\/wp\/v2\/product"}],"about":[{"href":"https:\/\/modest-napier.216-250-124-103.plesk.page\/index.php\/wp-json\/wp\/v2\/types\/product"}],"replies":[{"embeddable":true,"href":"https:\/\/modest-napier.216-250-124-103.plesk.page\/index.php\/wp-json\/wp\/v2\/comments?post=5921"}],"wp:featuredmedia":[{"embeddable":true,"href":"https:\/\/modest-napier.216-250-124-103.plesk.page\/index.php\/wp-json\/wp\/v2\/media\/2466"}],"wp:attachment":[{"href":"https:\/\/modest-napier.216-250-124-103.plesk.page\/index.php\/wp-json\/wp\/v2\/media?parent=5921"}],"wp:term":[{"taxonomy":"product_brand","embeddable":true,"href":"https:\/\/modest-napier.216-250-124-103.plesk.page\/index.php\/wp-json\/wp\/v2\/product_brand?post=5921"},{"taxonomy":"product_cat","embeddable":true,"href":"https:\/\/modest-napier.216-250-124-103.plesk.page\/index.php\/wp-json\/wp\/v2\/product_cat?post=5921"},{"taxonomy":"product_tag","embeddable":true,"href":"https:\/\/modest-napier.216-250-124-103.plesk.page\/index.php\/wp-json\/wp\/v2\/product_tag?post=5921"}],"curies":[{"name":"wp","href":"https:\/\/api.w.org\/{rel}","templated":true}]}}