{"id":5925,"date":"2025-09-24T19:50:53","date_gmt":"2025-09-24T19:50:53","guid":{"rendered":"https:\/\/modest-napier.216-250-124-103.plesk.page\/index.php\/producto\/proteina-enersoy-malteada-de-chocolate-500-gr-salud-natural\/"},"modified":"2025-09-24T20:47:17","modified_gmt":"2025-09-24T20:47:17","slug":"proteina-enersoy-malteada-de-chocolate-500-gr-salud-natural","status":"publish","type":"product","link":"https:\/\/modest-napier.216-250-124-103.plesk.page\/index.php\/producto\/proteina-enersoy-malteada-de-chocolate-500-gr-salud-natural\/","title":{"rendered":"Enersoy Malteada de Chocolate 500 g Salud Natural"},"content":{"rendered":"<p data-mce-fragment=\"1\">\u00a1Conoce la\u00a0<strong>malteada de prote\u00edna Enersoy<\/strong>, sabor chocolate! Ideal para diab\u00e9ticos, ideal para ni\u00f1os, ayuda a bajar de peso, ayuda a tonificar tu cuerpo, ayuda a la quema de grasa, proporciona energ\u00eda durante el d\u00eda, ayuda a la ansiedad por comer y ayuda a controlar el apetito.<strong data-mce-fragment=\"1\"><\/strong><\/p>\n<p data-mce-fragment=\"1\"><\/p>\n","protected":false},"excerpt":{"rendered":"<p>\u00a1Conoce la\u00a0malteada de prote\u00edna Enersoy, sabor chocolate! Ideal para diab\u00e9ticos, ideal para ni\u00f1os, ayuda a bajar de peso, ayuda a tonificar tu cuerpo, ayuda a la quema de grasa, proporciona [&hellip;]<\/p>\n","protected":false},"featured_media":2470,"comment_status":"open","ping_status":"closed","template":"","meta":[],"product_brand":[579],"product_cat":[308,337,316],"product_tag":[258],"class_list":{"0":"post-5925","1":"product","2":"type-product","3":"status-publish","4":"has-post-thumbnail","6":"product_brand-salud-natural","7":"product_cat-nutricion","8":"product_cat-productos","9":"product_cat-proteinas","10":"product_tag-soya","12":"first","13":"instock","14":"shipping-taxable","15":"purchasable","16":"product-type-simple"},"_links":{"self":[{"href":"https:\/\/modest-napier.216-250-124-103.plesk.page\/index.php\/wp-json\/wp\/v2\/product\/5925","targetHints":{"allow":["GET"]}}],"collection":[{"href":"https:\/\/modest-napier.216-250-124-103.plesk.page\/index.php\/wp-json\/wp\/v2\/product"}],"about":[{"href":"https:\/\/modest-napier.216-250-124-103.plesk.page\/index.php\/wp-json\/wp\/v2\/types\/product"}],"replies":[{"embeddable":true,"href":"https:\/\/modest-napier.216-250-124-103.plesk.page\/index.php\/wp-json\/wp\/v2\/comments?post=5925"}],"wp:featuredmedia":[{"embeddable":true,"href":"https:\/\/modest-napier.216-250-124-103.plesk.page\/index.php\/wp-json\/wp\/v2\/media\/2470"}],"wp:attachment":[{"href":"https:\/\/modest-napier.216-250-124-103.plesk.page\/index.php\/wp-json\/wp\/v2\/media?parent=5925"}],"wp:term":[{"taxonomy":"product_brand","embeddable":true,"href":"https:\/\/modest-napier.216-250-124-103.plesk.page\/index.php\/wp-json\/wp\/v2\/product_brand?post=5925"},{"taxonomy":"product_cat","embeddable":true,"href":"https:\/\/modest-napier.216-250-124-103.plesk.page\/index.php\/wp-json\/wp\/v2\/product_cat?post=5925"},{"taxonomy":"product_tag","embeddable":true,"href":"https:\/\/modest-napier.216-250-124-103.plesk.page\/index.php\/wp-json\/wp\/v2\/product_tag?post=5925"}],"curies":[{"name":"wp","href":"https:\/\/api.w.org\/{rel}","templated":true}]}}