{"id":5927,"date":"2025-09-24T19:50:57","date_gmt":"2025-09-24T19:50:57","guid":{"rendered":"https:\/\/modest-napier.216-250-124-103.plesk.page\/index.php\/producto\/proteina-enersoy-malteada-sabor-natural-500-gr-salud-natural\/"},"modified":"2025-09-24T20:47:17","modified_gmt":"2025-09-24T20:47:17","slug":"proteina-enersoy-malteada-sabor-natural-500-gr-salud-natural","status":"publish","type":"product","link":"https:\/\/modest-napier.216-250-124-103.plesk.page\/index.php\/producto\/proteina-enersoy-malteada-sabor-natural-500-gr-salud-natural\/","title":{"rendered":"Enersoy Polvo para Malteada 500 g Salud Natural"},"content":{"rendered":"<p data-mce-fragment=\"1\"><strong data-mce-fragment=\"1\">Descripci\u00f3n:<\/strong><\/p>\n<p data-mce-fragment=\"1\">El <strong>polvo Enersoy para preparar malteada de prote\u00edna<\/strong> es ideal para diab\u00e9ticos, ideal para ni\u00f1os, ayuda a bajar de peso, ayuda a tonificar tu cuerpo, ayuda a la quema de grasa, proporciona energ\u00eda durante el d\u00eda, ayuda a la ansiedad por comer y ayuda a controlar el apetito.\u00a0<a href=\"#more\">Leer m\u00e1s \u00bb<\/a><\/p>\n<p data-mce-fragment=\"1\"><strong data-mce-fragment=\"1\">Modo de uso:<\/strong><\/p>\n<p data-mce-fragment=\"1\">Ingresar 300 ml de agua fr\u00eda, poner 1 cucharada de malteada y licuar por 6 minutos agregarle hielo y volver a licuar por 6 minutos m\u00e1s.<\/p>\n<p data-mce-fragment=\"1\"><strong data-mce-fragment=\"1\">Contenido:<\/strong><\/p>\n<p data-mce-fragment=\"1\">500 gr.<\/p>\n","protected":false},"excerpt":{"rendered":"<p>Descripci\u00f3n: El polvo Enersoy para preparar malteada de prote\u00edna es ideal para diab\u00e9ticos, ideal para ni\u00f1os, ayuda a bajar de peso, ayuda a tonificar tu cuerpo, ayuda a la quema [&hellip;]<\/p>\n","protected":false},"featured_media":2472,"comment_status":"open","ping_status":"closed","template":"","meta":[],"product_brand":[579],"product_cat":[308,337,316],"product_tag":[258],"class_list":{"0":"post-5927","1":"product","2":"type-product","3":"status-publish","4":"has-post-thumbnail","6":"product_brand-salud-natural","7":"product_cat-nutricion","8":"product_cat-productos","9":"product_cat-proteinas","10":"product_tag-soya","12":"first","13":"instock","14":"shipping-taxable","15":"purchasable","16":"product-type-simple"},"_links":{"self":[{"href":"https:\/\/modest-napier.216-250-124-103.plesk.page\/index.php\/wp-json\/wp\/v2\/product\/5927","targetHints":{"allow":["GET"]}}],"collection":[{"href":"https:\/\/modest-napier.216-250-124-103.plesk.page\/index.php\/wp-json\/wp\/v2\/product"}],"about":[{"href":"https:\/\/modest-napier.216-250-124-103.plesk.page\/index.php\/wp-json\/wp\/v2\/types\/product"}],"replies":[{"embeddable":true,"href":"https:\/\/modest-napier.216-250-124-103.plesk.page\/index.php\/wp-json\/wp\/v2\/comments?post=5927"}],"wp:featuredmedia":[{"embeddable":true,"href":"https:\/\/modest-napier.216-250-124-103.plesk.page\/index.php\/wp-json\/wp\/v2\/media\/2472"}],"wp:attachment":[{"href":"https:\/\/modest-napier.216-250-124-103.plesk.page\/index.php\/wp-json\/wp\/v2\/media?parent=5927"}],"wp:term":[{"taxonomy":"product_brand","embeddable":true,"href":"https:\/\/modest-napier.216-250-124-103.plesk.page\/index.php\/wp-json\/wp\/v2\/product_brand?post=5927"},{"taxonomy":"product_cat","embeddable":true,"href":"https:\/\/modest-napier.216-250-124-103.plesk.page\/index.php\/wp-json\/wp\/v2\/product_cat?post=5927"},{"taxonomy":"product_tag","embeddable":true,"href":"https:\/\/modest-napier.216-250-124-103.plesk.page\/index.php\/wp-json\/wp\/v2\/product_tag?post=5927"}],"curies":[{"name":"wp","href":"https:\/\/api.w.org\/{rel}","templated":true}]}}