{"id":5932,"date":"2025-09-24T19:51:03","date_gmt":"2025-09-24T19:51:03","guid":{"rendered":"https:\/\/modest-napier.216-250-124-103.plesk.page\/index.php\/producto\/reumo-flex-verde-blueberry-1-1kg-ypenza\/"},"modified":"2025-09-24T20:46:13","modified_gmt":"2025-09-24T20:46:13","slug":"reumo-flex-verde-blueberry-1-1kg-ypenza","status":"publish","type":"product","link":"https:\/\/modest-napier.216-250-124-103.plesk.page\/index.php\/producto\/reumo-flex-verde-blueberry-1-1kg-ypenza\/","title":{"rendered":"Reumo Flex Blueberry 1.1 kg Ypenza"},"content":{"rendered":"<p><strong>Descripci\u00f3n:<\/strong><\/p>\n<p><strong>Reumo Flex<\/strong> es un suplemento alimenticio que sirve para\u00a0brindar alivio y bienestar en casos de dolores inflamatorios y reum\u00e1ticos. Esta potente f\u00f3rmula act\u00faa como un efectivo antiinflamatorio natural, ofreciendo una alternativa saludable y segura para aquellos que buscan alivio de molestias articulares y \u00f3seas.\u00a0Adem\u00e1s de ser una excelente opci\u00f3n para problemas reum\u00e1ticos, reumo flex tambi\u00e9n puede ser beneficioso para aquellos que experimentan dolores relacionados con c\u00e1lculos biliares y diabetes.<\/p>\n<p><strong>Ingredientes:<\/strong><\/p>\n<p>Guasima, Encino Blanco, <a href=\"https:\/\/natuzem.com\/blogs\/salud-natural\/garra-del-diablo-beneficios\">Garra del Diablo<\/a>, Cart\u00edlago de Tibur\u00f3n, Ra\u00edz de Bardana, Vitamina E, C\u00farcuma, Matarique, Cancerina.<\/p>\n<p><strong>Modo de uso:<\/strong><\/p>\n<p><span>Disolver 2 cucharadas soperas en medio vaso con agua y beber una vez al d\u00eda.<\/span><\/p>\n<p><strong>Contenido:<\/strong><\/p>\n<p>1.100 kg.<\/p>\n","protected":false},"excerpt":{"rendered":"<p>Descripci\u00f3n: Reumo Flex es un suplemento alimenticio que sirve para\u00a0brindar alivio y bienestar en casos de dolores inflamatorios y reum\u00e1ticos. Esta potente f\u00f3rmula act\u00faa como un efectivo antiinflamatorio natural, ofreciendo [&hellip;]<\/p>\n","protected":false},"featured_media":2479,"comment_status":"open","ping_status":"closed","template":"","meta":[],"product_brand":[414],"product_cat":[297,337],"product_tag":[125,194,151,205,216,206,72],"class_list":{"0":"post-5932","1":"product","2":"type-product","3":"status-publish","4":"has-post-thumbnail","6":"product_brand-ypenza","7":"product_cat-dolor-en-articulaciones","8":"product_cat-productos","9":"product_tag-cancerina","10":"product_tag-cartilago-de-tiburon","11":"product_tag-curcuma","12":"product_tag-encino-blanco","13":"product_tag-garra-del-diablo","14":"product_tag-guasima","15":"product_tag-vitamina-e","17":"first","18":"instock","19":"shipping-taxable","20":"purchasable","21":"product-type-simple"},"_links":{"self":[{"href":"https:\/\/modest-napier.216-250-124-103.plesk.page\/index.php\/wp-json\/wp\/v2\/product\/5932","targetHints":{"allow":["GET"]}}],"collection":[{"href":"https:\/\/modest-napier.216-250-124-103.plesk.page\/index.php\/wp-json\/wp\/v2\/product"}],"about":[{"href":"https:\/\/modest-napier.216-250-124-103.plesk.page\/index.php\/wp-json\/wp\/v2\/types\/product"}],"replies":[{"embeddable":true,"href":"https:\/\/modest-napier.216-250-124-103.plesk.page\/index.php\/wp-json\/wp\/v2\/comments?post=5932"}],"wp:featuredmedia":[{"embeddable":true,"href":"https:\/\/modest-napier.216-250-124-103.plesk.page\/index.php\/wp-json\/wp\/v2\/media\/2479"}],"wp:attachment":[{"href":"https:\/\/modest-napier.216-250-124-103.plesk.page\/index.php\/wp-json\/wp\/v2\/media?parent=5932"}],"wp:term":[{"taxonomy":"product_brand","embeddable":true,"href":"https:\/\/modest-napier.216-250-124-103.plesk.page\/index.php\/wp-json\/wp\/v2\/product_brand?post=5932"},{"taxonomy":"product_cat","embeddable":true,"href":"https:\/\/modest-napier.216-250-124-103.plesk.page\/index.php\/wp-json\/wp\/v2\/product_cat?post=5932"},{"taxonomy":"product_tag","embeddable":true,"href":"https:\/\/modest-napier.216-250-124-103.plesk.page\/index.php\/wp-json\/wp\/v2\/product_tag?post=5932"}],"curies":[{"name":"wp","href":"https:\/\/api.w.org\/{rel}","templated":true}]}}