{"id":5935,"date":"2025-09-24T19:51:06","date_gmt":"2025-09-24T19:51:06","guid":{"rendered":"https:\/\/modest-napier.216-250-124-103.plesk.page\/index.php\/producto\/rimel-4-en-1-azul-13-gr-prosa\/"},"modified":"2025-09-24T20:46:02","modified_gmt":"2025-09-24T20:46:02","slug":"rimel-4-en-1-azul-13-gr-prosa","status":"publish","type":"product","link":"https:\/\/modest-napier.216-250-124-103.plesk.page\/index.php\/producto\/rimel-4-en-1-azul-13-gr-prosa\/","title":{"rendered":"M\u00e1scara R\u00edmel 4 en 1 Azul 13 g Prosa"},"content":{"rendered":"<p><strong>Descripci\u00f3n:<\/strong><\/p>\n<p>Conoce el <strong>R\u00edmel 4 en 1 M\u00e1scara Prosa color Azul,<\/strong> con f\u00f3rmula alargadora de pesta\u00f1as. Su cepillo ayuda a crear una mayor definici\u00f3n y volumen con pesta\u00f1as m\u00e1s abiertas. \u00a1Pesta\u00f1as dram\u00e1ticas, mirada perfecta!<\/p>\n<p><strong>Ingredientes:<\/strong><\/p>\n<p>Cera de abeja, aceite de hueso de mamey, aceite de s\u00e1bila, aceite de jojoba, aceite de germen de trigo, \u00f3xidos de hierro, lanolina.<\/p>\n<p><strong>Modo de uso:<\/strong><\/p>\n<p>Aplique uniformemente sobre las pesta\u00f1as hasta obtener el efecto deseado.<\/p>\n<p>Evite el contacto con la parte Interna del ojo<\/p>\n<p><strong>Contenido:<\/strong><\/p>\n<p>13 g.<\/p>\n","protected":false},"excerpt":{"rendered":"<p>Descripci\u00f3n: Conoce el R\u00edmel 4 en 1 M\u00e1scara Prosa color Azul, con f\u00f3rmula alargadora de pesta\u00f1as. Su cepillo ayuda a crear una mayor definici\u00f3n y volumen con pesta\u00f1as m\u00e1s abiertas. [&hellip;]<\/p>\n","protected":false},"featured_media":2481,"comment_status":"open","ping_status":"closed","template":"","meta":[],"product_brand":[475],"product_cat":[289,291,337],"product_tag":[67,44,66,60],"class_list":{"0":"post-5935","1":"product","2":"type-product","3":"status-publish","4":"has-post-thumbnail","6":"product_brand-prosa","7":"product_cat-belleza","8":"product_cat-cosmeticos","9":"product_cat-productos","10":"product_tag-germen-de-trigo","11":"product_tag-hueso-de-mamey","12":"product_tag-jojoba","13":"product_tag-sabila","15":"first","16":"instock","17":"shipping-taxable","18":"purchasable","19":"product-type-simple"},"_links":{"self":[{"href":"https:\/\/modest-napier.216-250-124-103.plesk.page\/index.php\/wp-json\/wp\/v2\/product\/5935","targetHints":{"allow":["GET"]}}],"collection":[{"href":"https:\/\/modest-napier.216-250-124-103.plesk.page\/index.php\/wp-json\/wp\/v2\/product"}],"about":[{"href":"https:\/\/modest-napier.216-250-124-103.plesk.page\/index.php\/wp-json\/wp\/v2\/types\/product"}],"replies":[{"embeddable":true,"href":"https:\/\/modest-napier.216-250-124-103.plesk.page\/index.php\/wp-json\/wp\/v2\/comments?post=5935"}],"wp:featuredmedia":[{"embeddable":true,"href":"https:\/\/modest-napier.216-250-124-103.plesk.page\/index.php\/wp-json\/wp\/v2\/media\/2481"}],"wp:attachment":[{"href":"https:\/\/modest-napier.216-250-124-103.plesk.page\/index.php\/wp-json\/wp\/v2\/media?parent=5935"}],"wp:term":[{"taxonomy":"product_brand","embeddable":true,"href":"https:\/\/modest-napier.216-250-124-103.plesk.page\/index.php\/wp-json\/wp\/v2\/product_brand?post=5935"},{"taxonomy":"product_cat","embeddable":true,"href":"https:\/\/modest-napier.216-250-124-103.plesk.page\/index.php\/wp-json\/wp\/v2\/product_cat?post=5935"},{"taxonomy":"product_tag","embeddable":true,"href":"https:\/\/modest-napier.216-250-124-103.plesk.page\/index.php\/wp-json\/wp\/v2\/product_tag?post=5935"}],"curies":[{"name":"wp","href":"https:\/\/api.w.org\/{rel}","templated":true}]}}