{"id":5940,"date":"2025-09-24T19:51:18","date_gmt":"2025-09-24T19:51:18","guid":{"rendered":"https:\/\/modest-napier.216-250-124-103.plesk.page\/index.php\/producto\/rimel-love-4-en-1-dorado-14-gr-prosa\/"},"modified":"2025-09-24T20:45:19","modified_gmt":"2025-09-24T20:45:19","slug":"rimel-love-4-en-1-dorado-14-gr-prosa","status":"publish","type":"product","link":"https:\/\/modest-napier.216-250-124-103.plesk.page\/index.php\/producto\/rimel-love-4-en-1-dorado-14-gr-prosa\/","title":{"rendered":"M\u00e1scara R\u00edmel Love 4 en uno 14 g Prosa"},"content":{"rendered":"<p><strong>Descripci\u00f3n:<\/strong><\/p>\n<p>El <strong>R\u00edmel Love 4 en 1 de Prosa<\/strong> proporciona un efecto\u00a0 de volumen intenso, es a prueba de agua y est\u00e1 elaborado con aceites naturales.<\/p>\n<p><strong>Ingredientes:<\/strong><\/p>\n<p>Aceite de hueso de mamey, aceite de s\u00e1bila, aceite de jojoba, aceite de germen de trigo.<\/p>\n<p><strong>Modo de uso:<\/strong><\/p>\n<p>Aplique uniformemente sobre las pesta\u00f1as hasta obtener el efecto deseado.<\/p>\n<p><strong>Contenido:<\/strong><\/p>\n<p>14 g.<\/p>\n","protected":false},"excerpt":{"rendered":"<p>Descripci\u00f3n: El R\u00edmel Love 4 en 1 de Prosa proporciona un efecto\u00a0 de volumen intenso, es a prueba de agua y est\u00e1 elaborado con aceites naturales. Ingredientes: Aceite de hueso [&hellip;]<\/p>\n","protected":false},"featured_media":2486,"comment_status":"open","ping_status":"closed","template":"","meta":[],"product_brand":[475],"product_cat":[289,291,337],"product_tag":[67,44,66,60],"class_list":{"0":"post-5940","1":"product","2":"type-product","3":"status-publish","4":"has-post-thumbnail","6":"product_brand-prosa","7":"product_cat-belleza","8":"product_cat-cosmeticos","9":"product_cat-productos","10":"product_tag-germen-de-trigo","11":"product_tag-hueso-de-mamey","12":"product_tag-jojoba","13":"product_tag-sabila","15":"first","16":"instock","17":"shipping-taxable","18":"purchasable","19":"product-type-simple"},"_links":{"self":[{"href":"https:\/\/modest-napier.216-250-124-103.plesk.page\/index.php\/wp-json\/wp\/v2\/product\/5940","targetHints":{"allow":["GET"]}}],"collection":[{"href":"https:\/\/modest-napier.216-250-124-103.plesk.page\/index.php\/wp-json\/wp\/v2\/product"}],"about":[{"href":"https:\/\/modest-napier.216-250-124-103.plesk.page\/index.php\/wp-json\/wp\/v2\/types\/product"}],"replies":[{"embeddable":true,"href":"https:\/\/modest-napier.216-250-124-103.plesk.page\/index.php\/wp-json\/wp\/v2\/comments?post=5940"}],"wp:featuredmedia":[{"embeddable":true,"href":"https:\/\/modest-napier.216-250-124-103.plesk.page\/index.php\/wp-json\/wp\/v2\/media\/2486"}],"wp:attachment":[{"href":"https:\/\/modest-napier.216-250-124-103.plesk.page\/index.php\/wp-json\/wp\/v2\/media?parent=5940"}],"wp:term":[{"taxonomy":"product_brand","embeddable":true,"href":"https:\/\/modest-napier.216-250-124-103.plesk.page\/index.php\/wp-json\/wp\/v2\/product_brand?post=5940"},{"taxonomy":"product_cat","embeddable":true,"href":"https:\/\/modest-napier.216-250-124-103.plesk.page\/index.php\/wp-json\/wp\/v2\/product_cat?post=5940"},{"taxonomy":"product_tag","embeddable":true,"href":"https:\/\/modest-napier.216-250-124-103.plesk.page\/index.php\/wp-json\/wp\/v2\/product_tag?post=5940"}],"curies":[{"name":"wp","href":"https:\/\/api.w.org\/{rel}","templated":true}]}}