{"id":5941,"date":"2025-09-24T19:51:19","date_gmt":"2025-09-24T19:51:19","guid":{"rendered":"https:\/\/modest-napier.216-250-124-103.plesk.page\/index.php\/producto\/rimel-passion-4-en-1-14-gr-rojo-prosa\/"},"modified":"2025-09-24T20:45:19","modified_gmt":"2025-09-24T20:45:19","slug":"rimel-passion-4-en-1-14-gr-rojo-prosa","status":"publish","type":"product","link":"https:\/\/modest-napier.216-250-124-103.plesk.page\/index.php\/producto\/rimel-passion-4-en-1-14-gr-rojo-prosa\/","title":{"rendered":"M\u00e1scara R\u00edmel Passion 4 en uno 14 g Prosa"},"content":{"rendered":"<p><strong>Descripci\u00f3n:<\/strong><\/p>\n<p>El <strong>r\u00edmel Passion de Prosa 4 en 1<\/strong> te brinda un efecto de pesta\u00f1as m\u00e1s largas.<\/p>\n<p><strong>Ingredientes:<\/strong><\/p>\n<p>Aceite de hueso de mamey, aceite de s\u00e1bila, aceite de jojoba, aceite de germen de trigo.<\/p>\n<p><strong>Modo de uso:<\/strong><\/p>\n<p><span>Aplique uniformemente sobre las pesta\u00f1as hasta obtener el efecto deseado. Evite el contacto con la parte Interna del ojo<\/span><\/p>\n<p><strong>Contenido:<\/strong><\/p>\n<p>14 g.<\/p>\n","protected":false},"excerpt":{"rendered":"<p>Descripci\u00f3n: El r\u00edmel Passion de Prosa 4 en 1 te brinda un efecto de pesta\u00f1as m\u00e1s largas. Ingredientes: Aceite de hueso de mamey, aceite de s\u00e1bila, aceite de jojoba, aceite [&hellip;]<\/p>\n","protected":false},"featured_media":2487,"comment_status":"open","ping_status":"closed","template":"","meta":[],"product_brand":[475],"product_cat":[289,291,337],"product_tag":[67,44,66,60],"class_list":{"0":"post-5941","1":"product","2":"type-product","3":"status-publish","4":"has-post-thumbnail","6":"product_brand-prosa","7":"product_cat-belleza","8":"product_cat-cosmeticos","9":"product_cat-productos","10":"product_tag-germen-de-trigo","11":"product_tag-hueso-de-mamey","12":"product_tag-jojoba","13":"product_tag-sabila","15":"first","16":"instock","17":"shipping-taxable","18":"purchasable","19":"product-type-simple"},"_links":{"self":[{"href":"https:\/\/modest-napier.216-250-124-103.plesk.page\/index.php\/wp-json\/wp\/v2\/product\/5941","targetHints":{"allow":["GET"]}}],"collection":[{"href":"https:\/\/modest-napier.216-250-124-103.plesk.page\/index.php\/wp-json\/wp\/v2\/product"}],"about":[{"href":"https:\/\/modest-napier.216-250-124-103.plesk.page\/index.php\/wp-json\/wp\/v2\/types\/product"}],"replies":[{"embeddable":true,"href":"https:\/\/modest-napier.216-250-124-103.plesk.page\/index.php\/wp-json\/wp\/v2\/comments?post=5941"}],"wp:featuredmedia":[{"embeddable":true,"href":"https:\/\/modest-napier.216-250-124-103.plesk.page\/index.php\/wp-json\/wp\/v2\/media\/2487"}],"wp:attachment":[{"href":"https:\/\/modest-napier.216-250-124-103.plesk.page\/index.php\/wp-json\/wp\/v2\/media?parent=5941"}],"wp:term":[{"taxonomy":"product_brand","embeddable":true,"href":"https:\/\/modest-napier.216-250-124-103.plesk.page\/index.php\/wp-json\/wp\/v2\/product_brand?post=5941"},{"taxonomy":"product_cat","embeddable":true,"href":"https:\/\/modest-napier.216-250-124-103.plesk.page\/index.php\/wp-json\/wp\/v2\/product_cat?post=5941"},{"taxonomy":"product_tag","embeddable":true,"href":"https:\/\/modest-napier.216-250-124-103.plesk.page\/index.php\/wp-json\/wp\/v2\/product_tag?post=5941"}],"curies":[{"name":"wp","href":"https:\/\/api.w.org\/{rel}","templated":true}]}}