{"id":5942,"date":"2025-09-24T19:51:25","date_gmt":"2025-09-24T19:51:25","guid":{"rendered":"https:\/\/modest-napier.216-250-124-103.plesk.page\/index.php\/producto\/sal-sales-de-epsom-c-100-gr-strongth-natural\/"},"modified":"2025-09-24T20:43:52","modified_gmt":"2025-09-24T20:43:52","slug":"sal-sales-de-epsom-c-100-gr-strongth-natural","status":"publish","type":"product","link":"https:\/\/modest-napier.216-250-124-103.plesk.page\/index.php\/producto\/sal-sales-de-epsom-c-100-gr-strongth-natural\/","title":{"rendered":"Sales de Epsom 100 g Stronght Natural"},"content":{"rendered":"<p><strong>Descripci\u00f3n:<\/strong><\/p>\n<p>Las <strong>sales de epsom<\/strong> tienen una acci\u00f3n analg\u00e9sica, relajante, calmante, antiinflamatoria y antioxidante. Elimina toxinas, favorece el correcto funcionamiento muscular, estimula la respuesta nerviosa, aumenta la capacidad de absorci\u00f3n de nutrientes, auxiliar en el tratamiento de problemas en la piel.<\/p>\n<p><strong>Modo de uso: <\/strong><\/p>\n<p>1 cucharada diluida en 250 ml de agua al dia.<\/p>\n<p><strong>Contenido: <\/strong><\/p>\n<p>100 g.<\/p>\n","protected":false},"excerpt":{"rendered":"<p>Descripci\u00f3n: Las sales de epsom tienen una acci\u00f3n analg\u00e9sica, relajante, calmante, antiinflamatoria y antioxidante. Elimina toxinas, favorece el correcto funcionamiento muscular, estimula la respuesta nerviosa, aumenta la capacidad de absorci\u00f3n [&hellip;]<\/p>\n","protected":false},"featured_media":2488,"comment_status":"open","ping_status":"closed","template":"","meta":[],"product_brand":[472],"product_cat":[337,318],"product_tag":[],"class_list":{"0":"post-5942","1":"product","2":"type-product","3":"status-publish","4":"has-post-thumbnail","6":"product_brand-strong-natural","7":"product_cat-productos","8":"product_cat-salud","10":"first","11":"instock","12":"shipping-taxable","13":"purchasable","14":"product-type-simple"},"_links":{"self":[{"href":"https:\/\/modest-napier.216-250-124-103.plesk.page\/index.php\/wp-json\/wp\/v2\/product\/5942","targetHints":{"allow":["GET"]}}],"collection":[{"href":"https:\/\/modest-napier.216-250-124-103.plesk.page\/index.php\/wp-json\/wp\/v2\/product"}],"about":[{"href":"https:\/\/modest-napier.216-250-124-103.plesk.page\/index.php\/wp-json\/wp\/v2\/types\/product"}],"replies":[{"embeddable":true,"href":"https:\/\/modest-napier.216-250-124-103.plesk.page\/index.php\/wp-json\/wp\/v2\/comments?post=5942"}],"wp:featuredmedia":[{"embeddable":true,"href":"https:\/\/modest-napier.216-250-124-103.plesk.page\/index.php\/wp-json\/wp\/v2\/media\/2488"}],"wp:attachment":[{"href":"https:\/\/modest-napier.216-250-124-103.plesk.page\/index.php\/wp-json\/wp\/v2\/media?parent=5942"}],"wp:term":[{"taxonomy":"product_brand","embeddable":true,"href":"https:\/\/modest-napier.216-250-124-103.plesk.page\/index.php\/wp-json\/wp\/v2\/product_brand?post=5942"},{"taxonomy":"product_cat","embeddable":true,"href":"https:\/\/modest-napier.216-250-124-103.plesk.page\/index.php\/wp-json\/wp\/v2\/product_cat?post=5942"},{"taxonomy":"product_tag","embeddable":true,"href":"https:\/\/modest-napier.216-250-124-103.plesk.page\/index.php\/wp-json\/wp\/v2\/product_tag?post=5942"}],"curies":[{"name":"wp","href":"https:\/\/api.w.org\/{rel}","templated":true}]}}