{"id":5943,"date":"2025-09-24T19:51:26","date_gmt":"2025-09-24T19:51:26","guid":{"rendered":"https:\/\/modest-napier.216-250-124-103.plesk.page\/index.php\/producto\/serum-acido-hialuronico-puro-al-1-5-c-30-ml-zoe-skin\/"},"modified":"2025-09-24T20:44:12","modified_gmt":"2025-09-24T20:44:12","slug":"serum-acido-hialuronico-puro-al-1-5-c-30-ml-zoe-skin","status":"publish","type":"product","link":"https:\/\/modest-napier.216-250-124-103.plesk.page\/index.php\/producto\/serum-acido-hialuronico-puro-al-1-5-c-30-ml-zoe-skin\/","title":{"rendered":"Serum \u00c1cido Hialur\u00f3nico Puro al 1.5% 30ml Zoe Skin"},"content":{"rendered":"<p data-mce-fragment=\"1\"><strong data-mce-fragment=\"1\">Descripci\u00f3n:<\/strong><\/p>\n<p data-mce-fragment=\"1\"><span data-mce-fragment=\"1\">El <strong>serum de \u00e1cido hialur\u00f3nico puro al 1.5%<\/strong> es auxiliar en la reducci\u00f3n de l\u00edneas de expresi\u00f3n e hidrataci\u00f3n de la piel<\/span><br data-mce-fragment=\"1\"><\/p>\n<p data-mce-fragment=\"1\"><strong data-mce-fragment=\"1\">Modo de uso:<\/strong><\/p>\n<p data-mce-fragment=\"1\"><span data-mce-fragment=\"1\">Aplicar m\u00e1ximo 2 veces al d\u00eda sobre el rostro limpio, una peque\u00f1a cantidad de serum en la frente, mejillas y barbilla extendi\u00e9ndolo con movimientos circulares.<\/span><\/p>\n<p data-mce-fragment=\"1\"><strong data-mce-fragment=\"1\">Contenido:<\/strong><\/p>\n<p data-mce-fragment=\"1\">30 ml.<\/p>\n","protected":false},"excerpt":{"rendered":"<p>Descripci\u00f3n: El serum de \u00e1cido hialur\u00f3nico puro al 1.5% es auxiliar en la reducci\u00f3n de l\u00edneas de expresi\u00f3n e hidrataci\u00f3n de la piel Modo de uso: Aplicar m\u00e1ximo 2 veces [&hellip;]<\/p>\n","protected":false},"featured_media":2489,"comment_status":"open","ping_status":"closed","template":"","meta":[],"product_brand":[497],"product_cat":[289,309,337,318,330],"product_tag":[105],"class_list":{"0":"post-5943","1":"product","2":"type-product","3":"status-publish","4":"has-post-thumbnail","6":"product_brand-zoe-skin","7":"product_cat-belleza","8":"product_cat-ofertas-de-primavera-","9":"product_cat-productos","10":"product_cat-salud","11":"product_cat-suplementos-para-la-piel","12":"product_tag-acido-hialuronico","14":"first","15":"instock","16":"shipping-taxable","17":"purchasable","18":"product-type-simple"},"_links":{"self":[{"href":"https:\/\/modest-napier.216-250-124-103.plesk.page\/index.php\/wp-json\/wp\/v2\/product\/5943","targetHints":{"allow":["GET"]}}],"collection":[{"href":"https:\/\/modest-napier.216-250-124-103.plesk.page\/index.php\/wp-json\/wp\/v2\/product"}],"about":[{"href":"https:\/\/modest-napier.216-250-124-103.plesk.page\/index.php\/wp-json\/wp\/v2\/types\/product"}],"replies":[{"embeddable":true,"href":"https:\/\/modest-napier.216-250-124-103.plesk.page\/index.php\/wp-json\/wp\/v2\/comments?post=5943"}],"wp:featuredmedia":[{"embeddable":true,"href":"https:\/\/modest-napier.216-250-124-103.plesk.page\/index.php\/wp-json\/wp\/v2\/media\/2489"}],"wp:attachment":[{"href":"https:\/\/modest-napier.216-250-124-103.plesk.page\/index.php\/wp-json\/wp\/v2\/media?parent=5943"}],"wp:term":[{"taxonomy":"product_brand","embeddable":true,"href":"https:\/\/modest-napier.216-250-124-103.plesk.page\/index.php\/wp-json\/wp\/v2\/product_brand?post=5943"},{"taxonomy":"product_cat","embeddable":true,"href":"https:\/\/modest-napier.216-250-124-103.plesk.page\/index.php\/wp-json\/wp\/v2\/product_cat?post=5943"},{"taxonomy":"product_tag","embeddable":true,"href":"https:\/\/modest-napier.216-250-124-103.plesk.page\/index.php\/wp-json\/wp\/v2\/product_tag?post=5943"}],"curies":[{"name":"wp","href":"https:\/\/api.w.org\/{rel}","templated":true}]}}