{"id":5944,"date":"2025-09-24T19:51:28","date_gmt":"2025-09-24T19:51:28","guid":{"rendered":"https:\/\/modest-napier.216-250-124-103.plesk.page\/index.php\/producto\/serum-colageno-elastina-c-30-ml-zoe-skin\/"},"modified":"2025-09-24T20:44:12","modified_gmt":"2025-09-24T20:44:12","slug":"serum-colageno-elastina-c-30-ml-zoe-skin","status":"publish","type":"product","link":"https:\/\/modest-napier.216-250-124-103.plesk.page\/index.php\/producto\/serum-colageno-elastina-c-30-ml-zoe-skin\/","title":{"rendered":"Serum Col\u00e1geno &#038; Elastina 30 ml Zoe Skin"},"content":{"rendered":"<p data-mce-fragment=\"1\"><strong data-mce-fragment=\"1\">Descripci\u00f3n:<\/strong><\/p>\n<p data-mce-fragment=\"1\"><span data-mce-fragment=\"1\">El <strong>Serum Col\u00e1geno &amp; Elastina<\/strong> hidrata, regenera, da firmeza y elasticidad a tu piel.<\/span><\/p>\n<p data-mce-fragment=\"1\"><strong data-mce-fragment=\"1\">Modo de uso:<\/strong><\/p>\n<p data-mce-fragment=\"1\"><span data-mce-fragment=\"1\">Aplicar m\u00e1ximo 2 veces al d\u00eda sobre el rostro limpio, una peque\u00f1a cantidad de serum en la frente, mejillas y barbilla extendi\u00e9ndolo con movimientos circulares.<\/span><\/p>\n<p data-mce-fragment=\"1\"><strong data-mce-fragment=\"1\">Contenido:<\/strong><\/p>\n<p data-mce-fragment=\"1\">30 ml.<\/p>\n","protected":false},"excerpt":{"rendered":"<p>Descripci\u00f3n: El Serum Col\u00e1geno &amp; Elastina hidrata, regenera, da firmeza y elasticidad a tu piel. Modo de uso: Aplicar m\u00e1ximo 2 veces al d\u00eda sobre el rostro limpio, una peque\u00f1a [&hellip;]<\/p>\n","protected":false},"featured_media":2491,"comment_status":"open","ping_status":"closed","template":"","meta":[],"product_brand":[497],"product_cat":[289,308,309,337,318,330],"product_tag":[77],"class_list":{"0":"post-5944","1":"product","2":"type-product","3":"status-publish","4":"has-post-thumbnail","6":"product_brand-zoe-skin","7":"product_cat-belleza","8":"product_cat-nutricion","9":"product_cat-ofertas-de-primavera-","10":"product_cat-productos","11":"product_cat-salud","12":"product_cat-suplementos-para-la-piel","13":"product_tag-colageno","15":"first","16":"instock","17":"shipping-taxable","18":"purchasable","19":"product-type-simple"},"_links":{"self":[{"href":"https:\/\/modest-napier.216-250-124-103.plesk.page\/index.php\/wp-json\/wp\/v2\/product\/5944","targetHints":{"allow":["GET"]}}],"collection":[{"href":"https:\/\/modest-napier.216-250-124-103.plesk.page\/index.php\/wp-json\/wp\/v2\/product"}],"about":[{"href":"https:\/\/modest-napier.216-250-124-103.plesk.page\/index.php\/wp-json\/wp\/v2\/types\/product"}],"replies":[{"embeddable":true,"href":"https:\/\/modest-napier.216-250-124-103.plesk.page\/index.php\/wp-json\/wp\/v2\/comments?post=5944"}],"wp:featuredmedia":[{"embeddable":true,"href":"https:\/\/modest-napier.216-250-124-103.plesk.page\/index.php\/wp-json\/wp\/v2\/media\/2491"}],"wp:attachment":[{"href":"https:\/\/modest-napier.216-250-124-103.plesk.page\/index.php\/wp-json\/wp\/v2\/media?parent=5944"}],"wp:term":[{"taxonomy":"product_brand","embeddable":true,"href":"https:\/\/modest-napier.216-250-124-103.plesk.page\/index.php\/wp-json\/wp\/v2\/product_brand?post=5944"},{"taxonomy":"product_cat","embeddable":true,"href":"https:\/\/modest-napier.216-250-124-103.plesk.page\/index.php\/wp-json\/wp\/v2\/product_cat?post=5944"},{"taxonomy":"product_tag","embeddable":true,"href":"https:\/\/modest-napier.216-250-124-103.plesk.page\/index.php\/wp-json\/wp\/v2\/product_tag?post=5944"}],"curies":[{"name":"wp","href":"https:\/\/api.w.org\/{rel}","templated":true}]}}