{"id":5945,"date":"2025-09-24T19:51:29","date_gmt":"2025-09-24T19:51:29","guid":{"rendered":"https:\/\/modest-napier.216-250-124-103.plesk.page\/index.php\/producto\/serum-facial-cleer-cosmetics-c-30-ml-rusens-comsetics\/"},"modified":"2025-09-24T20:44:37","modified_gmt":"2025-09-24T20:44:37","slug":"serum-facial-cleer-cosmetics-c-30-ml-rusens-comsetics","status":"publish","type":"product","link":"https:\/\/modest-napier.216-250-124-103.plesk.page\/index.php\/producto\/serum-facial-cleer-cosmetics-c-30-ml-rusens-comsetics\/","title":{"rendered":"Serum Facial Cosmetics 30 ml Rusen Cosmetics"},"content":{"rendered":"<p data-mce-fragment=\"1\"><strong data-mce-fragment=\"1\">Descripci\u00f3n:<\/strong><\/p>\n<p data-mce-fragment=\"1\">El <strong>Serum Facial Cleer<\/strong> reduce da\u00f1o celular, pa\u00f1o, vasos sangu\u00edneos dilatados, enrojecimiento, regenera y suaviza.<\/p>\n<p data-mce-fragment=\"1\"><strong data-mce-fragment=\"1\">Modo de uso:<\/strong><\/p>\n<p data-mce-fragment=\"1\">Lavar con jab\u00f3n neutro rostro, cuello y manos. Aplicar diariamente por la noche dando un ligero masaje con el dedo anular formando c\u00edrculos de adentro hacia fuera. Retirar por la ma\u00f1ana lavando nuevamente rostro y cuello.<\/p>\n<p data-mce-fragment=\"1\"><strong data-mce-fragment=\"1\">Contenido:<\/strong><\/p>\n<p data-mce-fragment=\"1\">30 ML.<\/p>\n","protected":false},"excerpt":{"rendered":"<p>Descripci\u00f3n: El Serum Facial Cleer reduce da\u00f1o celular, pa\u00f1o, vasos sangu\u00edneos dilatados, enrojecimiento, regenera y suaviza. Modo de uso: Lavar con jab\u00f3n neutro rostro, cuello y manos. Aplicar diariamente por [&hellip;]<\/p>\n","protected":false},"featured_media":2493,"comment_status":"open","ping_status":"closed","template":"","meta":[],"product_brand":[517],"product_cat":[289,291,309,337,318,330],"product_tag":[],"class_list":{"0":"post-5945","1":"product","2":"type-product","3":"status-publish","4":"has-post-thumbnail","6":"product_brand-rusens-cosmetics","7":"product_cat-belleza","8":"product_cat-cosmeticos","9":"product_cat-ofertas-de-primavera-","10":"product_cat-productos","11":"product_cat-salud","12":"product_cat-suplementos-para-la-piel","14":"first","15":"instock","16":"shipping-taxable","17":"purchasable","18":"product-type-simple"},"_links":{"self":[{"href":"https:\/\/modest-napier.216-250-124-103.plesk.page\/index.php\/wp-json\/wp\/v2\/product\/5945","targetHints":{"allow":["GET"]}}],"collection":[{"href":"https:\/\/modest-napier.216-250-124-103.plesk.page\/index.php\/wp-json\/wp\/v2\/product"}],"about":[{"href":"https:\/\/modest-napier.216-250-124-103.plesk.page\/index.php\/wp-json\/wp\/v2\/types\/product"}],"replies":[{"embeddable":true,"href":"https:\/\/modest-napier.216-250-124-103.plesk.page\/index.php\/wp-json\/wp\/v2\/comments?post=5945"}],"wp:featuredmedia":[{"embeddable":true,"href":"https:\/\/modest-napier.216-250-124-103.plesk.page\/index.php\/wp-json\/wp\/v2\/media\/2493"}],"wp:attachment":[{"href":"https:\/\/modest-napier.216-250-124-103.plesk.page\/index.php\/wp-json\/wp\/v2\/media?parent=5945"}],"wp:term":[{"taxonomy":"product_brand","embeddable":true,"href":"https:\/\/modest-napier.216-250-124-103.plesk.page\/index.php\/wp-json\/wp\/v2\/product_brand?post=5945"},{"taxonomy":"product_cat","embeddable":true,"href":"https:\/\/modest-napier.216-250-124-103.plesk.page\/index.php\/wp-json\/wp\/v2\/product_cat?post=5945"},{"taxonomy":"product_tag","embeddable":true,"href":"https:\/\/modest-napier.216-250-124-103.plesk.page\/index.php\/wp-json\/wp\/v2\/product_tag?post=5945"}],"curies":[{"name":"wp","href":"https:\/\/api.w.org\/{rel}","templated":true}]}}