{"id":5947,"date":"2025-09-24T19:51:35","date_gmt":"2025-09-24T19:51:35","guid":{"rendered":"https:\/\/modest-napier.216-250-124-103.plesk.page\/index.php\/producto\/shampoo-aceite-de-argan-c-950-ml-incredible-products\/"},"modified":"2025-09-24T20:45:19","modified_gmt":"2025-09-24T20:45:19","slug":"shampoo-aceite-de-argan-c-950-ml-incredible-products","status":"publish","type":"product","link":"https:\/\/modest-napier.216-250-124-103.plesk.page\/index.php\/producto\/shampoo-aceite-de-argan-c-950-ml-incredible-products\/","title":{"rendered":"Shampoo Aceite de Arg\u00e1n 950 ml Indredible products"},"content":{"rendered":"<p data-mce-fragment=\"1\"><strong data-mce-fragment=\"1\">Descripci\u00f3n:<\/strong><\/p>\n<p data-mce-fragment=\"1\"><span>El <strong>Shampoo Aceite de Arg\u00e1n<\/strong> penetra en el fol\u00edculo y cuero cabelludo actuando con mayor suavidad, sedosidad, brillo, friz, calor, protecci\u00f3n y acondicionamiento sin dejar residuo alguno.<\/span><\/p>\n<p data-mce-fragment=\"1\"><strong data-mce-fragment=\"1\">Modo de uso:<\/strong><\/p>\n<p data-mce-fragment=\"1\">\u00daselo cuantas veces sea necesario, fr\u00f3telo en el cabello durante unos minutos y despu\u00e9s ret\u00edrelo con agua.<\/p>\n<p data-mce-fragment=\"1\"><strong data-mce-fragment=\"1\">Contenido:<\/strong><\/p>\n<p data-mce-fragment=\"1\">950 ML.<\/p>\n","protected":false},"excerpt":{"rendered":"<p>Descripci\u00f3n: El Shampoo Aceite de Arg\u00e1n penetra en el fol\u00edculo y cuero cabelludo actuando con mayor suavidad, sedosidad, brillo, friz, calor, protecci\u00f3n y acondicionamiento sin dejar residuo alguno. Modo de [&hellip;]<\/p>\n","protected":false},"featured_media":2496,"comment_status":"open","ping_status":"closed","template":"","meta":[],"product_brand":[553],"product_cat":[289,337,325],"product_tag":[27],"class_list":{"0":"post-5947","1":"product","2":"type-product","3":"status-publish","4":"has-post-thumbnail","6":"product_brand-incredible-products","7":"product_cat-belleza","8":"product_cat-productos","9":"product_cat-shampoos-y-acondicionadores","10":"product_tag-argan","12":"first","13":"outofstock","14":"shipping-taxable","15":"purchasable","16":"product-type-simple"},"_links":{"self":[{"href":"https:\/\/modest-napier.216-250-124-103.plesk.page\/index.php\/wp-json\/wp\/v2\/product\/5947","targetHints":{"allow":["GET"]}}],"collection":[{"href":"https:\/\/modest-napier.216-250-124-103.plesk.page\/index.php\/wp-json\/wp\/v2\/product"}],"about":[{"href":"https:\/\/modest-napier.216-250-124-103.plesk.page\/index.php\/wp-json\/wp\/v2\/types\/product"}],"replies":[{"embeddable":true,"href":"https:\/\/modest-napier.216-250-124-103.plesk.page\/index.php\/wp-json\/wp\/v2\/comments?post=5947"}],"wp:featuredmedia":[{"embeddable":true,"href":"https:\/\/modest-napier.216-250-124-103.plesk.page\/index.php\/wp-json\/wp\/v2\/media\/2496"}],"wp:attachment":[{"href":"https:\/\/modest-napier.216-250-124-103.plesk.page\/index.php\/wp-json\/wp\/v2\/media?parent=5947"}],"wp:term":[{"taxonomy":"product_brand","embeddable":true,"href":"https:\/\/modest-napier.216-250-124-103.plesk.page\/index.php\/wp-json\/wp\/v2\/product_brand?post=5947"},{"taxonomy":"product_cat","embeddable":true,"href":"https:\/\/modest-napier.216-250-124-103.plesk.page\/index.php\/wp-json\/wp\/v2\/product_cat?post=5947"},{"taxonomy":"product_tag","embeddable":true,"href":"https:\/\/modest-napier.216-250-124-103.plesk.page\/index.php\/wp-json\/wp\/v2\/product_tag?post=5947"}],"curies":[{"name":"wp","href":"https:\/\/api.w.org\/{rel}","templated":true}]}}