{"id":5953,"date":"2025-09-24T19:51:44","date_gmt":"2025-09-24T19:51:44","guid":{"rendered":"https:\/\/modest-napier.216-250-124-103.plesk.page\/index.php\/producto\/shampoo-caballo-azul-con-minoxidil-c-500-ml-shanaturals\/"},"modified":"2025-09-24T20:45:25","modified_gmt":"2025-09-24T20:45:25","slug":"shampoo-caballo-azul-con-minoxidil-c-500-ml-shanaturals","status":"publish","type":"product","link":"https:\/\/modest-napier.216-250-124-103.plesk.page\/index.php\/producto\/shampoo-caballo-azul-con-minoxidil-c-500-ml-shanaturals\/","title":{"rendered":"Shampoo de Caballo con Minoxidil 500 g Shanatural&#8217;s"},"content":{"rendered":"<p>\u00a0<\/p>\n<p><span data-sheets-userformat='{\"2\":13247,\"3\":{\"1\":0},\"4\":{\"1\":2,\"2\":16777215},\"5\":{\"1\":[{\"1\":2,\"2\":0,\"5\":{\"1\":2,\"2\":0}},{\"1\":0,\"2\":0,\"3\":3},{\"1\":1,\"2\":0,\"4\":1}]},\"6\":{\"1\":[{\"1\":2,\"2\":0,\"5\":{\"1\":2,\"2\":0}},{\"1\":0,\"2\":0,\"3\":3},{\"1\":1,\"2\":0,\"4\":1}]},\"7\":{\"1\":[{\"1\":2,\"2\":0,\"5\":{\"1\":2,\"2\":0}},{\"1\":0,\"2\":0,\"3\":3},{\"1\":1,\"2\":0,\"4\":1}]},\"8\":{\"1\":[{\"1\":2,\"2\":0,\"5\":{\"1\":2,\"2\":0}},{\"1\":0,\"2\":0,\"3\":3},{\"1\":1,\"2\":0,\"4\":1}]},\"10\":0,\"11\":4,\"12\":0,\"15\":\"Calibri\",\"16\":8}' data-sheets-value='{\"1\":2,\"2\":\"\u00a1Consigue un cabello fuerte y resalta su belleza con nuestro shampoo para caballero! Nuestra f\u00f3rmula \u00fanica combina ingredientes naturales como el neem, sa\u00faco y nuez, junto con minoxidil para estimular el crecimiento capilar, aumentar el volumen y brillo. Adem\u00e1s, est\u00e1 libre de sal, lo que lo hace suave y gentil con el cuero cabelludo. nnActivos Destacados:nNeem + Sauco + Cafe\u00edna + MinoxidilnnModo de Uso: n1. Moja completamente tu cabello con agua tibia.n2. Aplica una cantidad adecuada en la palma de tu mano y frota hasta que se produzcan burbujas. La cantidad depender\u00e1 de la longitud y grosor de tu cabello.n3. Masajea suavemente tu cuero cabelludo con las yemas de tus dedos durante unos minutos. No frotes con fuerza, ya que puede da\u00f1ar el cuero cabelludo y el cabello.n4. Enjuaga bien el producto con agua limpia.nTen en cuenta que la frecuencia de uso depender\u00e1 de tu tipo de cabello y estilo de vida. Si tienes cabello graso, es recomendable usarlo con mayor frecuencia. Si tienes cabello seco, es mejor usarse con menos frecuencia. nnPrecauciones: nEvita el contacto con los ojos, en caso de contacto enjuaga con abundante agua. Si observas alguna reacci\u00f3n desfavorable en tu piel, suspende su uso y consulta a tu m\u00e9dico. Recomendamos almacenarlo en un lugar fresco y seco, alejado de la luz directa del sol.nn\u00a1Haz tu pedido ahora y comienza a notar la diferencia!\"}' data-sheets-root=\"1\">\u00a1Consigue un cabello fuerte y resalta su belleza con el <strong>shampoo de caballo de Shanatural&#8217;s<\/strong>! Su f\u00f3rmula \u00fanica combina ingredientes naturales como el neem, sa\u00faco y nogal, junto con minoxidil para estimular el crecimiento capilar, aumentar el volumen y brillo. Adem\u00e1s, est\u00e1 libre de sal, lo que lo hace suave y gentil con el cuero cabelludo.<\/span><\/p>\n","protected":false},"excerpt":{"rendered":"<p>\u00a0 \u00a1Consigue un cabello fuerte y resalta su belleza con el shampoo de caballo de Shanatural&#8217;s! Su f\u00f3rmula \u00fanica combina ingredientes naturales como el neem, sa\u00faco y nogal, junto con [&hellip;]<\/p>\n","protected":false},"featured_media":2502,"comment_status":"open","ping_status":"closed","template":"","meta":[],"product_brand":[362],"product_cat":[289,337,325],"product_tag":[68],"class_list":{"0":"post-5953","1":"product","2":"type-product","3":"status-publish","4":"has-post-thumbnail","6":"product_brand-shanaturals","7":"product_cat-belleza","8":"product_cat-productos","9":"product_cat-shampoos-y-acondicionadores","10":"product_tag-minoxidil","12":"first","13":"instock","14":"shipping-taxable","15":"purchasable","16":"product-type-simple"},"_links":{"self":[{"href":"https:\/\/modest-napier.216-250-124-103.plesk.page\/index.php\/wp-json\/wp\/v2\/product\/5953","targetHints":{"allow":["GET"]}}],"collection":[{"href":"https:\/\/modest-napier.216-250-124-103.plesk.page\/index.php\/wp-json\/wp\/v2\/product"}],"about":[{"href":"https:\/\/modest-napier.216-250-124-103.plesk.page\/index.php\/wp-json\/wp\/v2\/types\/product"}],"replies":[{"embeddable":true,"href":"https:\/\/modest-napier.216-250-124-103.plesk.page\/index.php\/wp-json\/wp\/v2\/comments?post=5953"}],"wp:featuredmedia":[{"embeddable":true,"href":"https:\/\/modest-napier.216-250-124-103.plesk.page\/index.php\/wp-json\/wp\/v2\/media\/2502"}],"wp:attachment":[{"href":"https:\/\/modest-napier.216-250-124-103.plesk.page\/index.php\/wp-json\/wp\/v2\/media?parent=5953"}],"wp:term":[{"taxonomy":"product_brand","embeddable":true,"href":"https:\/\/modest-napier.216-250-124-103.plesk.page\/index.php\/wp-json\/wp\/v2\/product_brand?post=5953"},{"taxonomy":"product_cat","embeddable":true,"href":"https:\/\/modest-napier.216-250-124-103.plesk.page\/index.php\/wp-json\/wp\/v2\/product_cat?post=5953"},{"taxonomy":"product_tag","embeddable":true,"href":"https:\/\/modest-napier.216-250-124-103.plesk.page\/index.php\/wp-json\/wp\/v2\/product_tag?post=5953"}],"curies":[{"name":"wp","href":"https:\/\/api.w.org\/{rel}","templated":true}]}}