{"id":5954,"date":"2025-09-24T19:51:45","date_gmt":"2025-09-24T19:51:45","guid":{"rendered":"https:\/\/modest-napier.216-250-124-103.plesk.page\/index.php\/producto\/shampoo-caballo-con-biotina-c-850-ml-shanaturals\/"},"modified":"2025-09-24T20:45:25","modified_gmt":"2025-09-24T20:45:25","slug":"shampoo-caballo-con-biotina-c-850-ml-shanaturals","status":"publish","type":"product","link":"https:\/\/modest-napier.216-250-124-103.plesk.page\/index.php\/producto\/shampoo-caballo-con-biotina-c-850-ml-shanaturals\/","title":{"rendered":"Shampoo de Caballo Anti Ca\u00edda 850 ml Shanatural&#8217;s"},"content":{"rendered":"<p data-mce-fragment=\"1\"><strong data-mce-fragment=\"1\">Descripci\u00f3n:<\/strong><\/p>\n<ul>\n<li><span data-mce-fragment=\"1\"><span>Provee a tu cabello una limpieza profunda.<\/span><\/span><\/li>\n<li><span data-mce-fragment=\"1\"><span>Champ\u00fa enriquecido con ingredientes energizantes para una mejor absorci\u00f3n de la biotina su ingrediente principal.<\/span><\/span><\/li>\n<\/ul>\n<p data-mce-fragment=\"1\"><strong data-mce-fragment=\"1\">Modo de uso:<\/strong><\/p>\n<p data-mce-fragment=\"1\">Aplicar sobre el cabello h\u00famedo dando un suave masaje, retirar con abundante agua.<\/p>\n<p data-mce-fragment=\"1\"><strong>Contenido:<\/strong><\/p>\n<p data-mce-fragment=\"1\">500\u00a0ml.<\/p>\n","protected":false},"excerpt":{"rendered":"<p>Descripci\u00f3n: Provee a tu cabello una limpieza profunda. Champ\u00fa enriquecido con ingredientes energizantes para una mejor absorci\u00f3n de la biotina su ingrediente principal. Modo de uso: Aplicar sobre el cabello [&hellip;]<\/p>\n","protected":false},"featured_media":2503,"comment_status":"open","ping_status":"closed","template":"","meta":[],"product_brand":[362],"product_cat":[289,337,325],"product_tag":[73],"class_list":{"0":"post-5954","1":"product","2":"type-product","3":"status-publish","4":"has-post-thumbnail","6":"product_brand-shanaturals","7":"product_cat-belleza","8":"product_cat-productos","9":"product_cat-shampoos-y-acondicionadores","10":"product_tag-biotina","12":"first","13":"outofstock","14":"shipping-taxable","15":"purchasable","16":"product-type-simple"},"_links":{"self":[{"href":"https:\/\/modest-napier.216-250-124-103.plesk.page\/index.php\/wp-json\/wp\/v2\/product\/5954","targetHints":{"allow":["GET"]}}],"collection":[{"href":"https:\/\/modest-napier.216-250-124-103.plesk.page\/index.php\/wp-json\/wp\/v2\/product"}],"about":[{"href":"https:\/\/modest-napier.216-250-124-103.plesk.page\/index.php\/wp-json\/wp\/v2\/types\/product"}],"replies":[{"embeddable":true,"href":"https:\/\/modest-napier.216-250-124-103.plesk.page\/index.php\/wp-json\/wp\/v2\/comments?post=5954"}],"wp:featuredmedia":[{"embeddable":true,"href":"https:\/\/modest-napier.216-250-124-103.plesk.page\/index.php\/wp-json\/wp\/v2\/media\/2503"}],"wp:attachment":[{"href":"https:\/\/modest-napier.216-250-124-103.plesk.page\/index.php\/wp-json\/wp\/v2\/media?parent=5954"}],"wp:term":[{"taxonomy":"product_brand","embeddable":true,"href":"https:\/\/modest-napier.216-250-124-103.plesk.page\/index.php\/wp-json\/wp\/v2\/product_brand?post=5954"},{"taxonomy":"product_cat","embeddable":true,"href":"https:\/\/modest-napier.216-250-124-103.plesk.page\/index.php\/wp-json\/wp\/v2\/product_cat?post=5954"},{"taxonomy":"product_tag","embeddable":true,"href":"https:\/\/modest-napier.216-250-124-103.plesk.page\/index.php\/wp-json\/wp\/v2\/product_tag?post=5954"}],"curies":[{"name":"wp","href":"https:\/\/api.w.org\/{rel}","templated":true}]}}