{"id":5956,"date":"2025-09-24T19:51:47","date_gmt":"2025-09-24T19:51:47","guid":{"rendered":"https:\/\/modest-napier.216-250-124-103.plesk.page\/index.php\/producto\/shampoo-caballo-rosa-femme-c-500-ml-shanaturals\/"},"modified":"2025-09-24T20:45:25","modified_gmt":"2025-09-24T20:45:25","slug":"shampoo-caballo-rosa-femme-c-500-ml-shanaturals","status":"publish","type":"product","link":"https:\/\/modest-napier.216-250-124-103.plesk.page\/index.php\/producto\/shampoo-caballo-rosa-femme-c-500-ml-shanaturals\/","title":{"rendered":"Shampoo de Caballo Femme 500 ml Shanatural&#8217;s"},"content":{"rendered":"<p data-mce-fragment=\"1\"><strong data-mce-fragment=\"1\">Descripci\u00f3n:<\/strong><\/p>\n<ul>\n<li>Ayuda al crecimiento y f\u00e1cil peinado.<\/li>\n<li>Brinda volumen capilar, brillo y sedosidad prolongada.<\/li>\n<li>Con Col\u00e1geno, Keratina, Cafe\u00edna y Minoxidil<\/li>\n<\/ul>\n<p data-mce-fragment=\"1\"><strong data-mce-fragment=\"1\">Modo de uso:<\/strong><\/p>\n<p data-mce-fragment=\"1\"><span>Aplicar sobre el cabello h\u00famedo dando un suave masaje, retirar con abundante agua.<\/span><\/p>\n<p data-mce-fragment=\"1\"><strong data-mce-fragment=\"1\">Contenido:<\/strong><\/p>\n<p data-mce-fragment=\"1\">500\u00a0ml.<\/p>\n","protected":false},"excerpt":{"rendered":"<p>Descripci\u00f3n: Ayuda al crecimiento y f\u00e1cil peinado. Brinda volumen capilar, brillo y sedosidad prolongada. Con Col\u00e1geno, Keratina, Cafe\u00edna y Minoxidil Modo de uso: Aplicar sobre el cabello h\u00famedo dando un [&hellip;]<\/p>\n","protected":false},"featured_media":2505,"comment_status":"open","ping_status":"closed","template":"","meta":[],"product_brand":[362],"product_cat":[289,337,325],"product_tag":[],"class_list":{"0":"post-5956","1":"product","2":"type-product","3":"status-publish","4":"has-post-thumbnail","6":"product_brand-shanaturals","7":"product_cat-belleza","8":"product_cat-productos","9":"product_cat-shampoos-y-acondicionadores","11":"first","12":"instock","13":"shipping-taxable","14":"purchasable","15":"product-type-simple"},"_links":{"self":[{"href":"https:\/\/modest-napier.216-250-124-103.plesk.page\/index.php\/wp-json\/wp\/v2\/product\/5956","targetHints":{"allow":["GET"]}}],"collection":[{"href":"https:\/\/modest-napier.216-250-124-103.plesk.page\/index.php\/wp-json\/wp\/v2\/product"}],"about":[{"href":"https:\/\/modest-napier.216-250-124-103.plesk.page\/index.php\/wp-json\/wp\/v2\/types\/product"}],"replies":[{"embeddable":true,"href":"https:\/\/modest-napier.216-250-124-103.plesk.page\/index.php\/wp-json\/wp\/v2\/comments?post=5956"}],"wp:featuredmedia":[{"embeddable":true,"href":"https:\/\/modest-napier.216-250-124-103.plesk.page\/index.php\/wp-json\/wp\/v2\/media\/2505"}],"wp:attachment":[{"href":"https:\/\/modest-napier.216-250-124-103.plesk.page\/index.php\/wp-json\/wp\/v2\/media?parent=5956"}],"wp:term":[{"taxonomy":"product_brand","embeddable":true,"href":"https:\/\/modest-napier.216-250-124-103.plesk.page\/index.php\/wp-json\/wp\/v2\/product_brand?post=5956"},{"taxonomy":"product_cat","embeddable":true,"href":"https:\/\/modest-napier.216-250-124-103.plesk.page\/index.php\/wp-json\/wp\/v2\/product_cat?post=5956"},{"taxonomy":"product_tag","embeddable":true,"href":"https:\/\/modest-napier.216-250-124-103.plesk.page\/index.php\/wp-json\/wp\/v2\/product_tag?post=5956"}],"curies":[{"name":"wp","href":"https:\/\/api.w.org\/{rel}","templated":true}]}}