{"id":5959,"date":"2025-09-24T19:51:52","date_gmt":"2025-09-24T19:51:52","guid":{"rendered":"https:\/\/modest-napier.216-250-124-103.plesk.page\/index.php\/producto\/shampoo-crecizem-bergamota-y-minoxidil-5-c-500-ml-natuzem\/"},"modified":"2025-09-24T20:44:01","modified_gmt":"2025-09-24T20:44:01","slug":"shampoo-crecizem-bergamota-y-minoxidil-5-c-500-ml-natuzem","status":"publish","type":"product","link":"https:\/\/modest-napier.216-250-124-103.plesk.page\/index.php\/producto\/shampoo-crecizem-bergamota-y-minoxidil-5-c-500-ml-natuzem\/","title":{"rendered":"Shampoo Crecizem Bergamota y Minoxidil 5% 500 ml"},"content":{"rendered":"<p><meta charset=\"utf-8\"><\/p>\n<p><span data-sheets-userformat='{\"2\":14913,\"3\":{\"1\":0},\"9\":1,\"12\":0,\"14\":{\"1\":2,\"2\":2173750},\"15\":\"Arial\",\"16\":9}' data-sheets-value='{\"1\":2,\"2\":\"Descripci\u00f3n:n Estimula el crecimiento del cabello y contribuye a la prevenci\u00f3n de su ca\u00edda, gracias a su extracto de Bergamota y Minoxidil..n.nModo de uso:nnAplica una cantidad considerada y lava el cabello.. nnContenido:nn500 ML.\"}'><strong>Descripci\u00f3n:\u00a0<\/strong><\/span><\/p>\n<p><span data-sheets-userformat='{\"2\":14913,\"3\":{\"1\":0},\"9\":1,\"12\":0,\"14\":{\"1\":2,\"2\":2173750},\"15\":\"Arial\",\"16\":9}' data-sheets-value='{\"1\":2,\"2\":\"Descripci\u00f3n:n Estimula el crecimiento del cabello y contribuye a la prevenci\u00f3n de su ca\u00edda, gracias a su extracto de Bergamota y Minoxidil..n.nModo de uso:nnAplica una cantidad considerada y lava el cabello.. nnContenido:nn500 ML.\"}'>Estimula el crecimiento del cabello y contribuye a la prevenci\u00f3n de su ca\u00edda, gracias a su extracto de Bergamota y Minoxidil.<\/p>\n<p><strong>Modo de uso:\u00a0<\/strong><\/span><\/p>\n<p><span data-sheets-userformat='{\"2\":14913,\"3\":{\"1\":0},\"9\":1,\"12\":0,\"14\":{\"1\":2,\"2\":2173750},\"15\":\"Arial\",\"16\":9}' data-sheets-value='{\"1\":2,\"2\":\"Descripci\u00f3n:n Estimula el crecimiento del cabello y contribuye a la prevenci\u00f3n de su ca\u00edda, gracias a su extracto de Bergamota y Minoxidil..n.nModo de uso:nnAplica una cantidad considerada y lava el cabello.. nnContenido:nn500 ML.\"}'>Aplica una cantidad considerada y lava el cabello.<\/p>\n<p><strong>Contenido:\u00a0<\/strong><\/span><\/p>\n<p><span data-sheets-userformat='{\"2\":14913,\"3\":{\"1\":0},\"9\":1,\"12\":0,\"14\":{\"1\":2,\"2\":2173750},\"15\":\"Arial\",\"16\":9}' data-sheets-value='{\"1\":2,\"2\":\"Descripci\u00f3n:n Estimula el crecimiento del cabello y contribuye a la prevenci\u00f3n de su ca\u00edda, gracias a su extracto de Bergamota y Minoxidil..n.nModo de uso:nnAplica una cantidad considerada y lava el cabello.. nnContenido:nn500 ML.\"}'>500 ML.<\/span><\/p>\n","protected":false},"excerpt":{"rendered":"<p>Descripci\u00f3n:\u00a0 Estimula el crecimiento del cabello y contribuye a la prevenci\u00f3n de su ca\u00edda, gracias a su extracto de Bergamota y Minoxidil. Modo de uso:\u00a0 Aplica una cantidad considerada y [&hellip;]<\/p>\n","protected":false},"featured_media":2508,"comment_status":"open","ping_status":"closed","template":"","meta":[],"product_brand":[352],"product_cat":[289,337,318,325],"product_tag":[30,68],"class_list":{"0":"post-5959","1":"product","2":"type-product","3":"status-publish","4":"has-post-thumbnail","6":"product_brand-natuzem","7":"product_cat-belleza","8":"product_cat-productos","9":"product_cat-salud","10":"product_cat-shampoos-y-acondicionadores","11":"product_tag-bergamota","12":"product_tag-minoxidil","14":"first","15":"instock","16":"shipping-taxable","17":"purchasable","18":"product-type-simple"},"_links":{"self":[{"href":"https:\/\/modest-napier.216-250-124-103.plesk.page\/index.php\/wp-json\/wp\/v2\/product\/5959","targetHints":{"allow":["GET"]}}],"collection":[{"href":"https:\/\/modest-napier.216-250-124-103.plesk.page\/index.php\/wp-json\/wp\/v2\/product"}],"about":[{"href":"https:\/\/modest-napier.216-250-124-103.plesk.page\/index.php\/wp-json\/wp\/v2\/types\/product"}],"replies":[{"embeddable":true,"href":"https:\/\/modest-napier.216-250-124-103.plesk.page\/index.php\/wp-json\/wp\/v2\/comments?post=5959"}],"wp:featuredmedia":[{"embeddable":true,"href":"https:\/\/modest-napier.216-250-124-103.plesk.page\/index.php\/wp-json\/wp\/v2\/media\/2508"}],"wp:attachment":[{"href":"https:\/\/modest-napier.216-250-124-103.plesk.page\/index.php\/wp-json\/wp\/v2\/media?parent=5959"}],"wp:term":[{"taxonomy":"product_brand","embeddable":true,"href":"https:\/\/modest-napier.216-250-124-103.plesk.page\/index.php\/wp-json\/wp\/v2\/product_brand?post=5959"},{"taxonomy":"product_cat","embeddable":true,"href":"https:\/\/modest-napier.216-250-124-103.plesk.page\/index.php\/wp-json\/wp\/v2\/product_cat?post=5959"},{"taxonomy":"product_tag","embeddable":true,"href":"https:\/\/modest-napier.216-250-124-103.plesk.page\/index.php\/wp-json\/wp\/v2\/product_tag?post=5959"}],"curies":[{"name":"wp","href":"https:\/\/api.w.org\/{rel}","templated":true}]}}