{"id":5965,"date":"2025-09-24T19:52:00","date_gmt":"2025-09-24T19:52:00","guid":{"rendered":"https:\/\/modest-napier.216-250-124-103.plesk.page\/index.php\/producto\/shampoo-de-bergamota-enriquecido-c-minoxidil-y-ace-argan-c-650-ml-naturalu\/"},"modified":"2025-09-24T20:44:11","modified_gmt":"2025-09-24T20:44:11","slug":"shampoo-de-bergamota-enriquecido-c-minoxidil-y-ace-argan-c-650-ml-naturalu","status":"publish","type":"product","link":"https:\/\/modest-napier.216-250-124-103.plesk.page\/index.php\/producto\/shampoo-de-bergamota-enriquecido-c-minoxidil-y-ace-argan-c-650-ml-naturalu\/","title":{"rendered":"Shampoo de Bergamota con Minoxidil y Arg\u00e1n 650 ml"},"content":{"rendered":"<p data-mce-fragment=\"1\"><strong data-mce-fragment=\"1\">Descripci\u00f3n:<\/strong><\/p>\n<p data-mce-fragment=\"1\"><span data-mce-fragment=\"1\">Estimula el crecimiento del cabello y contribuye a la prevenci\u00f3n de su ca\u00edda, gracias a su extracto de Bergamota, aceite de argan y Minoxidil.<\/span><\/p>\n<p data-mce-fragment=\"1\"><strong data-mce-fragment=\"1\">Modo de uso:<\/strong><\/p>\n<p data-mce-fragment=\"1\">Aplica una cantidad considerada y lava el cabello.<\/p>\n<p data-mce-fragment=\"1\"><strong data-mce-fragment=\"1\">Contenido:<\/strong><\/p>\n<p data-mce-fragment=\"1\">650 ml.<\/p>\n","protected":false},"excerpt":{"rendered":"<p>Descripci\u00f3n: Estimula el crecimiento del cabello y contribuye a la prevenci\u00f3n de su ca\u00edda, gracias a su extracto de Bergamota, aceite de argan y Minoxidil. Modo de uso: Aplica una [&hellip;]<\/p>\n","protected":false},"featured_media":2514,"comment_status":"open","ping_status":"closed","template":"","meta":[],"product_brand":[357],"product_cat":[289,337,318,325],"product_tag":[27,30,68],"class_list":{"0":"post-5965","1":"product","2":"type-product","3":"status-publish","4":"has-post-thumbnail","6":"product_brand-naturalu","7":"product_cat-belleza","8":"product_cat-productos","9":"product_cat-salud","10":"product_cat-shampoos-y-acondicionadores","11":"product_tag-argan","12":"product_tag-bergamota","13":"product_tag-minoxidil","15":"first","16":"instock","17":"shipping-taxable","18":"purchasable","19":"product-type-simple"},"_links":{"self":[{"href":"https:\/\/modest-napier.216-250-124-103.plesk.page\/index.php\/wp-json\/wp\/v2\/product\/5965","targetHints":{"allow":["GET"]}}],"collection":[{"href":"https:\/\/modest-napier.216-250-124-103.plesk.page\/index.php\/wp-json\/wp\/v2\/product"}],"about":[{"href":"https:\/\/modest-napier.216-250-124-103.plesk.page\/index.php\/wp-json\/wp\/v2\/types\/product"}],"replies":[{"embeddable":true,"href":"https:\/\/modest-napier.216-250-124-103.plesk.page\/index.php\/wp-json\/wp\/v2\/comments?post=5965"}],"wp:featuredmedia":[{"embeddable":true,"href":"https:\/\/modest-napier.216-250-124-103.plesk.page\/index.php\/wp-json\/wp\/v2\/media\/2514"}],"wp:attachment":[{"href":"https:\/\/modest-napier.216-250-124-103.plesk.page\/index.php\/wp-json\/wp\/v2\/media?parent=5965"}],"wp:term":[{"taxonomy":"product_brand","embeddable":true,"href":"https:\/\/modest-napier.216-250-124-103.plesk.page\/index.php\/wp-json\/wp\/v2\/product_brand?post=5965"},{"taxonomy":"product_cat","embeddable":true,"href":"https:\/\/modest-napier.216-250-124-103.plesk.page\/index.php\/wp-json\/wp\/v2\/product_cat?post=5965"},{"taxonomy":"product_tag","embeddable":true,"href":"https:\/\/modest-napier.216-250-124-103.plesk.page\/index.php\/wp-json\/wp\/v2\/product_tag?post=5965"}],"curies":[{"name":"wp","href":"https:\/\/api.w.org\/{rel}","templated":true}]}}