{"id":5969,"date":"2025-09-24T19:52:10","date_gmt":"2025-09-24T19:52:10","guid":{"rendered":"https:\/\/modest-napier.216-250-124-103.plesk.page\/index.php\/producto\/shampoo-de-chile-y-extracto-de-ajo-550-ml-cuarzo\/"},"modified":"2025-09-24T20:47:15","modified_gmt":"2025-09-24T20:47:15","slug":"shampoo-de-chile-y-extracto-de-ajo-550-ml-cuarzo","status":"publish","type":"product","link":"https:\/\/modest-napier.216-250-124-103.plesk.page\/index.php\/producto\/shampoo-de-chile-y-extracto-de-ajo-550-ml-cuarzo\/","title":{"rendered":"Shampoo de Chile y Ajo 550 ml Cuarzo"},"content":{"rendered":"<p data-mce-fragment=\"1\">\u00a1Conoce el shampoo de chile y extracto de ajo! Ayuda a tu cabello a remover y regular el exceso de grasa evitando su resquebrajamiento y ca\u00edda, adem\u00e1s de destapar y engrosar el fol\u00edculo capilar. Lucir\u00e1s un cabello limpio y sin ning\u00fan olor desagradable.<\/p>\n","protected":false},"excerpt":{"rendered":"<p>\u00a1Conoce el shampoo de chile y extracto de ajo! Ayuda a tu cabello a remover y regular el exceso de grasa evitando su resquebrajamiento y ca\u00edda, adem\u00e1s de destapar y [&hellip;]<\/p>\n","protected":false},"featured_media":2519,"comment_status":"open","ping_status":"closed","template":"","meta":[],"product_brand":[518],"product_cat":[289,337,325],"product_tag":[108,245],"class_list":{"0":"post-5969","1":"product","2":"type-product","3":"status-publish","4":"has-post-thumbnail","6":"product_brand-cuarzo","7":"product_cat-belleza","8":"product_cat-productos","9":"product_cat-shampoos-y-acondicionadores","10":"product_tag-ajo","11":"product_tag-chile","13":"first","14":"instock","15":"shipping-taxable","16":"purchasable","17":"product-type-simple"},"_links":{"self":[{"href":"https:\/\/modest-napier.216-250-124-103.plesk.page\/index.php\/wp-json\/wp\/v2\/product\/5969","targetHints":{"allow":["GET"]}}],"collection":[{"href":"https:\/\/modest-napier.216-250-124-103.plesk.page\/index.php\/wp-json\/wp\/v2\/product"}],"about":[{"href":"https:\/\/modest-napier.216-250-124-103.plesk.page\/index.php\/wp-json\/wp\/v2\/types\/product"}],"replies":[{"embeddable":true,"href":"https:\/\/modest-napier.216-250-124-103.plesk.page\/index.php\/wp-json\/wp\/v2\/comments?post=5969"}],"wp:featuredmedia":[{"embeddable":true,"href":"https:\/\/modest-napier.216-250-124-103.plesk.page\/index.php\/wp-json\/wp\/v2\/media\/2519"}],"wp:attachment":[{"href":"https:\/\/modest-napier.216-250-124-103.plesk.page\/index.php\/wp-json\/wp\/v2\/media?parent=5969"}],"wp:term":[{"taxonomy":"product_brand","embeddable":true,"href":"https:\/\/modest-napier.216-250-124-103.plesk.page\/index.php\/wp-json\/wp\/v2\/product_brand?post=5969"},{"taxonomy":"product_cat","embeddable":true,"href":"https:\/\/modest-napier.216-250-124-103.plesk.page\/index.php\/wp-json\/wp\/v2\/product_cat?post=5969"},{"taxonomy":"product_tag","embeddable":true,"href":"https:\/\/modest-napier.216-250-124-103.plesk.page\/index.php\/wp-json\/wp\/v2\/product_tag?post=5969"}],"curies":[{"name":"wp","href":"https:\/\/api.w.org\/{rel}","templated":true}]}}