{"id":5970,"date":"2025-09-24T19:52:11","date_gmt":"2025-09-24T19:52:11","guid":{"rendered":"https:\/\/modest-napier.216-250-124-103.plesk.page\/index.php\/producto\/shampoo-de-colageno-vitamina-e-y-baobab-630-ml-nolisan\/"},"modified":"2025-09-24T19:52:13","modified_gmt":"2025-09-24T19:52:13","slug":"shampoo-de-colageno-vitamina-e-y-baobab-630-ml-nolisan","status":"publish","type":"product","link":"https:\/\/modest-napier.216-250-124-103.plesk.page\/index.php\/producto\/shampoo-de-colageno-vitamina-e-y-baobab-630-ml-nolisan\/","title":{"rendered":"SHAMPOO DE COLAGENO VITAMINA E Y BAOBAB 630 ML NOLISAN"},"content":{"rendered":"<p data-mce-fragment=\"1\">\u00a1Conoce el shampoo con col\u00e1geno, vitamina E y baobab de Nolisan! Contrarresta la ca\u00edda del cabello, mantiene el pelo fuerte y resistente gracias a su composici\u00f3n de amino\u00e1cidos esenciales, ayuda a un crecimiento m\u00e1s r\u00e1pido del cabello.<\/p>\n","protected":false},"excerpt":{"rendered":"<p>\u00a1Conoce el shampoo con col\u00e1geno, vitamina E y baobab de Nolisan! Contrarresta la ca\u00edda del cabello, mantiene el pelo fuerte y resistente gracias a su composici\u00f3n de amino\u00e1cidos esenciales, ayuda [&hellip;]<\/p>\n","protected":false},"featured_media":2520,"comment_status":"open","ping_status":"closed","template":"","meta":[],"product_brand":[],"product_cat":[289,337,325],"product_tag":[77,72],"class_list":{"0":"post-5970","1":"product","2":"type-product","3":"status-publish","4":"has-post-thumbnail","6":"product_cat-belleza","7":"product_cat-productos","8":"product_cat-shampoos-y-acondicionadores","9":"product_tag-colageno","10":"product_tag-vitamina-e","12":"first","13":"outofstock","14":"shipping-taxable","15":"purchasable","16":"product-type-simple"},"_links":{"self":[{"href":"https:\/\/modest-napier.216-250-124-103.plesk.page\/index.php\/wp-json\/wp\/v2\/product\/5970","targetHints":{"allow":["GET"]}}],"collection":[{"href":"https:\/\/modest-napier.216-250-124-103.plesk.page\/index.php\/wp-json\/wp\/v2\/product"}],"about":[{"href":"https:\/\/modest-napier.216-250-124-103.plesk.page\/index.php\/wp-json\/wp\/v2\/types\/product"}],"replies":[{"embeddable":true,"href":"https:\/\/modest-napier.216-250-124-103.plesk.page\/index.php\/wp-json\/wp\/v2\/comments?post=5970"}],"wp:featuredmedia":[{"embeddable":true,"href":"https:\/\/modest-napier.216-250-124-103.plesk.page\/index.php\/wp-json\/wp\/v2\/media\/2520"}],"wp:attachment":[{"href":"https:\/\/modest-napier.216-250-124-103.plesk.page\/index.php\/wp-json\/wp\/v2\/media?parent=5970"}],"wp:term":[{"taxonomy":"product_brand","embeddable":true,"href":"https:\/\/modest-napier.216-250-124-103.plesk.page\/index.php\/wp-json\/wp\/v2\/product_brand?post=5970"},{"taxonomy":"product_cat","embeddable":true,"href":"https:\/\/modest-napier.216-250-124-103.plesk.page\/index.php\/wp-json\/wp\/v2\/product_cat?post=5970"},{"taxonomy":"product_tag","embeddable":true,"href":"https:\/\/modest-napier.216-250-124-103.plesk.page\/index.php\/wp-json\/wp\/v2\/product_tag?post=5970"}],"curies":[{"name":"wp","href":"https:\/\/api.w.org\/{rel}","templated":true}]}}