{"id":5972,"date":"2025-09-24T19:52:18","date_gmt":"2025-09-24T19:52:18","guid":{"rendered":"https:\/\/modest-napier.216-250-124-103.plesk.page\/index.php\/producto\/shampoo-de-moringa-425-ml-nolisan\/"},"modified":"2025-09-24T20:47:15","modified_gmt":"2025-09-24T20:47:15","slug":"shampoo-de-moringa-425-ml-nolisan","status":"publish","type":"product","link":"https:\/\/modest-napier.216-250-124-103.plesk.page\/index.php\/producto\/shampoo-de-moringa-425-ml-nolisan\/","title":{"rendered":"Shampoo de Moringa 425 ml Nolisan"},"content":{"rendered":"<p data-mce-fragment=\"1\"><strong data-mce-fragment=\"1\">Descripci\u00f3n:<\/strong><\/p>\n<p data-mce-fragment=\"1\">Indicado para cabellos finos o da\u00f1ados. La\u00a0moringa\u00a0promueve la estimulaci\u00f3n de las c\u00e9lulas capilares, favoreciendo la revitalizaci\u00f3n del cabello desde el cuero cabelludo hasta las puntas. Aporta un gran brillo al cabello.<\/p>\n<p data-mce-fragment=\"1\"><strong data-mce-fragment=\"1\">Modo de uso:<\/strong><\/p>\n<p data-mce-fragment=\"1\">Aplica una cantidad considerada y lava el cabello.<\/p>\n<p data-mce-fragment=\"1\"><strong data-mce-fragment=\"1\">Contenido:<\/strong><\/p>\n<p data-mce-fragment=\"1\">425 ml.<\/p>\n","protected":false},"excerpt":{"rendered":"<p>Descripci\u00f3n: Indicado para cabellos finos o da\u00f1ados. La\u00a0moringa\u00a0promueve la estimulaci\u00f3n de las c\u00e9lulas capilares, favoreciendo la revitalizaci\u00f3n del cabello desde el cuero cabelludo hasta las puntas. Aporta un gran brillo [&hellip;]<\/p>\n","protected":false},"featured_media":2522,"comment_status":"open","ping_status":"closed","template":"","meta":[],"product_brand":[368],"product_cat":[289,337,325],"product_tag":[49],"class_list":{"0":"post-5972","1":"product","2":"type-product","3":"status-publish","4":"has-post-thumbnail","6":"product_brand-nolisan","7":"product_cat-belleza","8":"product_cat-productos","9":"product_cat-shampoos-y-acondicionadores","10":"product_tag-moringa","12":"first","13":"outofstock","14":"shipping-taxable","15":"purchasable","16":"product-type-simple"},"_links":{"self":[{"href":"https:\/\/modest-napier.216-250-124-103.plesk.page\/index.php\/wp-json\/wp\/v2\/product\/5972","targetHints":{"allow":["GET"]}}],"collection":[{"href":"https:\/\/modest-napier.216-250-124-103.plesk.page\/index.php\/wp-json\/wp\/v2\/product"}],"about":[{"href":"https:\/\/modest-napier.216-250-124-103.plesk.page\/index.php\/wp-json\/wp\/v2\/types\/product"}],"replies":[{"embeddable":true,"href":"https:\/\/modest-napier.216-250-124-103.plesk.page\/index.php\/wp-json\/wp\/v2\/comments?post=5972"}],"wp:featuredmedia":[{"embeddable":true,"href":"https:\/\/modest-napier.216-250-124-103.plesk.page\/index.php\/wp-json\/wp\/v2\/media\/2522"}],"wp:attachment":[{"href":"https:\/\/modest-napier.216-250-124-103.plesk.page\/index.php\/wp-json\/wp\/v2\/media?parent=5972"}],"wp:term":[{"taxonomy":"product_brand","embeddable":true,"href":"https:\/\/modest-napier.216-250-124-103.plesk.page\/index.php\/wp-json\/wp\/v2\/product_brand?post=5972"},{"taxonomy":"product_cat","embeddable":true,"href":"https:\/\/modest-napier.216-250-124-103.plesk.page\/index.php\/wp-json\/wp\/v2\/product_cat?post=5972"},{"taxonomy":"product_tag","embeddable":true,"href":"https:\/\/modest-napier.216-250-124-103.plesk.page\/index.php\/wp-json\/wp\/v2\/product_tag?post=5972"}],"curies":[{"name":"wp","href":"https:\/\/api.w.org\/{rel}","templated":true}]}}