{"id":5985,"date":"2025-09-24T19:52:38","date_gmt":"2025-09-24T19:52:38","guid":{"rendered":"https:\/\/modest-napier.216-250-124-103.plesk.page\/index.php\/producto\/shampoo-rapunzel-c-1-lt-rapunzel\/"},"modified":"2025-09-24T20:45:26","modified_gmt":"2025-09-24T20:45:26","slug":"shampoo-rapunzel","status":"publish","type":"product","link":"https:\/\/modest-napier.216-250-124-103.plesk.page\/index.php\/producto\/shampoo-rapunzel\/","title":{"rendered":"Shampoo Rapunzel Zatarain 1 litro"},"content":{"rendered":"<p data-mce-fragment=\"1\"><strong data-mce-fragment=\"1\">Descripci\u00f3n:<\/strong><\/p>\n<p><strong>\u00a1Conoce el shampoo Rapunzel! <\/strong><span>Su f\u00f3rmula antica\u00edda a<\/span><span style=\"font-size: 0.875rem;\">celera 3 veces mas el crecimiento, d<\/span><span>isminuye la ca\u00edda y disminuye la caspa. Shampoo Rapunzel es un producto 100% artesanal, para mujeres u hombres, ideal para cualquier tipo de cabello, incluso el cabello te\u00f1ido o bajo alg\u00fan otro proceso agresivo.<\/span><span><\/span><\/p>\n<p data-mce-fragment=\"1\"><strong data-mce-fragment=\"1\">Modo de uso:<\/strong><\/p>\n<p data-mce-fragment=\"1\"><span>Aplique una peque\u00f1a\u00a0cantidad de shampoo dando un ligero masaje y enjuague, repita la operaci\u00f3n\u00a0ahora dejando actuar la formula por 2 o 3 minutos terminando por enjuagar perfectamente.<\/span><\/p>\n<p data-mce-fragment=\"1\"><strong data-mce-fragment=\"1\">Contenido:<\/strong><\/p>\n<p data-mce-fragment=\"1\">1 litro.<\/p>\n","protected":false},"excerpt":{"rendered":"<p>Descripci\u00f3n: \u00a1Conoce el shampoo Rapunzel! Su f\u00f3rmula antica\u00edda acelera 3 veces mas el crecimiento, disminuye la ca\u00edda y disminuye la caspa. Shampoo Rapunzel es un producto 100% artesanal, para mujeres [&hellip;]<\/p>\n","protected":false},"featured_media":2536,"comment_status":"open","ping_status":"closed","template":"","meta":[],"product_brand":[369],"product_cat":[309,337,325],"product_tag":[],"class_list":{"0":"post-5985","1":"product","2":"type-product","3":"status-publish","4":"has-post-thumbnail","6":"product_brand-rapunzel","7":"product_cat-ofertas-de-primavera-","8":"product_cat-productos","9":"product_cat-shampoos-y-acondicionadores","11":"first","12":"instock","13":"shipping-taxable","14":"purchasable","15":"product-type-simple"},"_links":{"self":[{"href":"https:\/\/modest-napier.216-250-124-103.plesk.page\/index.php\/wp-json\/wp\/v2\/product\/5985","targetHints":{"allow":["GET"]}}],"collection":[{"href":"https:\/\/modest-napier.216-250-124-103.plesk.page\/index.php\/wp-json\/wp\/v2\/product"}],"about":[{"href":"https:\/\/modest-napier.216-250-124-103.plesk.page\/index.php\/wp-json\/wp\/v2\/types\/product"}],"replies":[{"embeddable":true,"href":"https:\/\/modest-napier.216-250-124-103.plesk.page\/index.php\/wp-json\/wp\/v2\/comments?post=5985"}],"wp:featuredmedia":[{"embeddable":true,"href":"https:\/\/modest-napier.216-250-124-103.plesk.page\/index.php\/wp-json\/wp\/v2\/media\/2536"}],"wp:attachment":[{"href":"https:\/\/modest-napier.216-250-124-103.plesk.page\/index.php\/wp-json\/wp\/v2\/media?parent=5985"}],"wp:term":[{"taxonomy":"product_brand","embeddable":true,"href":"https:\/\/modest-napier.216-250-124-103.plesk.page\/index.php\/wp-json\/wp\/v2\/product_brand?post=5985"},{"taxonomy":"product_cat","embeddable":true,"href":"https:\/\/modest-napier.216-250-124-103.plesk.page\/index.php\/wp-json\/wp\/v2\/product_cat?post=5985"},{"taxonomy":"product_tag","embeddable":true,"href":"https:\/\/modest-napier.216-250-124-103.plesk.page\/index.php\/wp-json\/wp\/v2\/product_tag?post=5985"}],"curies":[{"name":"wp","href":"https:\/\/api.w.org\/{rel}","templated":true}]}}