{"id":5988,"date":"2025-09-24T19:52:42","date_gmt":"2025-09-24T19:52:42","guid":{"rendered":"https:\/\/modest-napier.216-250-124-103.plesk.page\/index.php\/producto\/shampoo-san-ro-c-250-ml-psr\/"},"modified":"2025-09-24T20:44:15","modified_gmt":"2025-09-24T20:44:15","slug":"shampoo-san-ro-c-250-ml-psr","status":"publish","type":"product","link":"https:\/\/modest-napier.216-250-124-103.plesk.page\/index.php\/producto\/shampoo-san-ro-c-250-ml-psr\/","title":{"rendered":"Shampoo San Ro 250 ml PSR"},"content":{"rendered":"<p data-mce-fragment=\"1\"><strong data-mce-fragment=\"1\">Descripci\u00f3n:<\/strong><\/p>\n<p data-mce-fragment=\"1\">Oscurece gradualmente su cabello, dej\u00e1ndolo suave, brillante\u00a0 e hidratado. Para mejores resultados aplique la loci\u00f3n San Ro (fase 2 despu\u00e9s del ba\u00f1o).<\/p>\n<p data-mce-fragment=\"1\"><strong data-mce-fragment=\"1\">Modo de uso:<\/strong><\/p>\n<p data-mce-fragment=\"1\"><span data-mce-fragment=\"1\">Humedecer el cabello y aplicar el shampoo, dando un suave masaje dejando reposar durante algunos minutos\u00a0 y enjuague.<\/span><\/p>\n<p data-mce-fragment=\"1\"><strong data-mce-fragment=\"1\">Contenido:<\/strong><\/p>\n<p data-mce-fragment=\"1\">250 ML.<\/p>\n","protected":false},"excerpt":{"rendered":"<p>Descripci\u00f3n: Oscurece gradualmente su cabello, dej\u00e1ndolo suave, brillante\u00a0 e hidratado. Para mejores resultados aplique la loci\u00f3n San Ro (fase 2 despu\u00e9s del ba\u00f1o). Modo de uso: Humedecer el cabello y [&hellip;]<\/p>\n","protected":false},"featured_media":2540,"comment_status":"open","ping_status":"closed","template":"","meta":[],"product_brand":[499],"product_cat":[289,337,318,325],"product_tag":[],"class_list":{"0":"post-5988","1":"product","2":"type-product","3":"status-publish","4":"has-post-thumbnail","6":"product_brand-psr","7":"product_cat-belleza","8":"product_cat-productos","9":"product_cat-salud","10":"product_cat-shampoos-y-acondicionadores","12":"first","13":"instock","14":"shipping-taxable","15":"purchasable","16":"product-type-simple"},"_links":{"self":[{"href":"https:\/\/modest-napier.216-250-124-103.plesk.page\/index.php\/wp-json\/wp\/v2\/product\/5988","targetHints":{"allow":["GET"]}}],"collection":[{"href":"https:\/\/modest-napier.216-250-124-103.plesk.page\/index.php\/wp-json\/wp\/v2\/product"}],"about":[{"href":"https:\/\/modest-napier.216-250-124-103.plesk.page\/index.php\/wp-json\/wp\/v2\/types\/product"}],"replies":[{"embeddable":true,"href":"https:\/\/modest-napier.216-250-124-103.plesk.page\/index.php\/wp-json\/wp\/v2\/comments?post=5988"}],"wp:featuredmedia":[{"embeddable":true,"href":"https:\/\/modest-napier.216-250-124-103.plesk.page\/index.php\/wp-json\/wp\/v2\/media\/2540"}],"wp:attachment":[{"href":"https:\/\/modest-napier.216-250-124-103.plesk.page\/index.php\/wp-json\/wp\/v2\/media?parent=5988"}],"wp:term":[{"taxonomy":"product_brand","embeddable":true,"href":"https:\/\/modest-napier.216-250-124-103.plesk.page\/index.php\/wp-json\/wp\/v2\/product_brand?post=5988"},{"taxonomy":"product_cat","embeddable":true,"href":"https:\/\/modest-napier.216-250-124-103.plesk.page\/index.php\/wp-json\/wp\/v2\/product_cat?post=5988"},{"taxonomy":"product_tag","embeddable":true,"href":"https:\/\/modest-napier.216-250-124-103.plesk.page\/index.php\/wp-json\/wp\/v2\/product_tag?post=5988"}],"curies":[{"name":"wp","href":"https:\/\/api.w.org\/{rel}","templated":true}]}}