{"id":5992,"date":"2025-09-24T19:52:48","date_gmt":"2025-09-24T19:52:48","guid":{"rendered":"https:\/\/modest-napier.216-250-124-103.plesk.page\/index.php\/producto\/shampoo-shiny-hair-herbal-con-cola-de-caballo-c-1-1-lt-del-indio-papago\/"},"modified":"2025-09-24T20:44:22","modified_gmt":"2025-09-24T20:44:22","slug":"shampoo-shiny-hair-herbal-con-cola-de-caballo-c-1-1-lt-del-indio-papago","status":"publish","type":"product","link":"https:\/\/modest-napier.216-250-124-103.plesk.page\/index.php\/producto\/shampoo-shiny-hair-herbal-con-cola-de-caballo-c-1-1-lt-del-indio-papago\/","title":{"rendered":"Shampoo Shiny Hair con Cola de Caballo 1 litro"},"content":{"rendered":"<p data-mce-fragment=\"1\"><strong data-mce-fragment=\"1\">Descripci\u00f3n:<\/strong><\/p>\n<p data-mce-fragment=\"1\"><span>Estimula y fortalece el cuero cabelludo, auxiliar para la ca\u00edda del cabello.<\/span><\/p>\n<p data-mce-fragment=\"1\"><strong data-mce-fragment=\"1\">Modo de uso:<\/strong><\/p>\n<p data-mce-fragment=\"1\">\u00daselo cuantas veces sea necesario, fr\u00f3telo en el cabello durante unos minutos y despu\u00e9s ret\u00edrelo con agua.<\/p>\n<p data-mce-fragment=\"1\"><strong data-mce-fragment=\"1\">Contenido:<\/strong><br data-mce-fragment=\"1\"><\/p>\n<p data-mce-fragment=\"1\">1.1 L.<\/p>\n","protected":false},"excerpt":{"rendered":"<p>Descripci\u00f3n: Estimula y fortalece el cuero cabelludo, auxiliar para la ca\u00edda del cabello. Modo de uso: \u00daselo cuantas veces sea necesario, fr\u00f3telo en el cabello durante unos minutos y despu\u00e9s [&hellip;]<\/p>\n","protected":false},"featured_media":2544,"comment_status":"open","ping_status":"closed","template":"","meta":[],"product_brand":[490],"product_cat":[289,337,318,325],"product_tag":[144],"class_list":{"0":"post-5992","1":"product","2":"type-product","3":"status-publish","4":"has-post-thumbnail","6":"product_brand-del-indio-papago","7":"product_cat-belleza","8":"product_cat-productos","9":"product_cat-salud","10":"product_cat-shampoos-y-acondicionadores","11":"product_tag-cola-de-caballo","13":"first","14":"outofstock","15":"shipping-taxable","16":"purchasable","17":"product-type-simple"},"_links":{"self":[{"href":"https:\/\/modest-napier.216-250-124-103.plesk.page\/index.php\/wp-json\/wp\/v2\/product\/5992","targetHints":{"allow":["GET"]}}],"collection":[{"href":"https:\/\/modest-napier.216-250-124-103.plesk.page\/index.php\/wp-json\/wp\/v2\/product"}],"about":[{"href":"https:\/\/modest-napier.216-250-124-103.plesk.page\/index.php\/wp-json\/wp\/v2\/types\/product"}],"replies":[{"embeddable":true,"href":"https:\/\/modest-napier.216-250-124-103.plesk.page\/index.php\/wp-json\/wp\/v2\/comments?post=5992"}],"wp:featuredmedia":[{"embeddable":true,"href":"https:\/\/modest-napier.216-250-124-103.plesk.page\/index.php\/wp-json\/wp\/v2\/media\/2544"}],"wp:attachment":[{"href":"https:\/\/modest-napier.216-250-124-103.plesk.page\/index.php\/wp-json\/wp\/v2\/media?parent=5992"}],"wp:term":[{"taxonomy":"product_brand","embeddable":true,"href":"https:\/\/modest-napier.216-250-124-103.plesk.page\/index.php\/wp-json\/wp\/v2\/product_brand?post=5992"},{"taxonomy":"product_cat","embeddable":true,"href":"https:\/\/modest-napier.216-250-124-103.plesk.page\/index.php\/wp-json\/wp\/v2\/product_cat?post=5992"},{"taxonomy":"product_tag","embeddable":true,"href":"https:\/\/modest-napier.216-250-124-103.plesk.page\/index.php\/wp-json\/wp\/v2\/product_tag?post=5992"}],"curies":[{"name":"wp","href":"https:\/\/api.w.org\/{rel}","templated":true}]}}